{"id":738828,"date":"2025-08-27T23:57:34","date_gmt":"2025-08-27T20:57:34","guid":{"rendered":"https:\/\/roveyayinevi.com.tr\/index.php\/urun\/assassins-creed-gecmisin-yansimalari\/"},"modified":"2026-04-16T02:48:56","modified_gmt":"2026-04-15T23:48:56","slug":"assassins-creed-gecmisin-yansimalari","status":"publish","type":"product","link":"https:\/\/roveyayinevi.com.tr\/index.php\/urun\/assassins-creed-gecmisin-yansimalari\/","title":{"rendered":"Assassin\u2019s Creed- Ge\u00e7mi\u015fin Yans\u0131malar\u0131"},"content":{"rendered":"<p>ASSASSIN\u2019S CREED SER\u0130S\u0130N\u0130N EN SEV\u0130LEN KARAKTERLER\u0130, DAHA \u00d6NCE H\u0130\u00c7 ANLATILMAMI\u015e H\u0130K\u00c2YELER\u0130YLE BU C\u0130LTTE. Otso Berg bir ikilemle kar\u015f\u0131 kar\u015f\u0131yad\u0131r ve bu ikilemi sadece ge\u00e7mi\u015f \u00e7\u00f6zebilir. Suikast\u00e7\u0131 Karde\u015fli\u011fi\u2019nin en cesur ve en zeki karakterlerinden baz\u0131lar\u0131n\u0131n ge\u00e7mi\u015fini takip etmek i\u00e7in Animus teknolojisini kullanan Usta Tap\u0131nak\u00e7\u0131, rakiplerine kar\u015f\u0131 mevcut dengeyi kendi lehine de\u011fi\u015ftirmeyi umar. Bunun i\u00e7in d\u00fc\u015fman\u0131ndan dersler almaktan, d\u00fc\u015fman\u0131n kendisi olmaktan daha iyi bir yol var m\u0131? Ian Edginton ve Valeria Favoccia\u2019dan benzeri olmayan bir Assassin\u2019s Creed \u00e7izgi roman\u0131. Ezio Auditore, Alta\u00efr Ibn-La\u2019Ahad, Edward Kenway ve Ratonhnhak\u00e9:ton dahil olmak \u00fczere serinin en unutulmaz Suikast\u00e7\u0131lar\u0131ndan baz\u0131lar\u0131n\u0131n daha \u00f6nce hi\u00e7 anlat\u0131lmam\u0131\u015f maceralar\u0131n\u0131 i\u00e7eren bu cilt, t\u00fcm Assassin\u2019s Creed hayranlar\u0131n\u0131n ilgisini \u00e7ekecek.<\/p>\n","protected":false},"excerpt":{"rendered":"<p>ASSASSIN\u2019S CREED SER\u0130S\u0130N\u0130N EN SEV\u0130LEN KARAKTERLER\u0130, DAHA \u00d6NCE H\u0130\u00c7 ANLATILMAMI\u015e H\u0130K\u00c2YELER\u0130YLE BU C\u0130LTTE. Otso Berg bir ikilemle kar\u015f\u0131 kar\u015f\u0131yad\u0131r ve bu ikilemi sadece ge\u00e7mi\u015f \u00e7\u00f6zebilir. Suikast\u00e7\u0131<span class=\"excerpt-hellip\"> [\u2026]<\/span><\/p>\n","protected":false},"featured_media":0,"template":"","meta":{"_monsterinsights_skip_tracking":false,"_monsterinsights_sitenote_active":false,"_monsterinsights_sitenote_note":"","_monsterinsights_sitenote_category":0},"product_brand":[],"product_cat":[12416,12291],"product_tag":[],"class_list":{"0":"post-738828","1":"product","2":"type-product","3":"status-publish","5":"product_cat-cizgi-roman","6":"product_cat-edebiyat","7":"pa_cilt-ciltsiz","8":"pa_tur-kitap","9":"pa_yayinevi-epsilon-yayinlari","10":"pa_yazar-ian-edginton","12":"first","13":"instock","14":"sale","15":"shipping-taxable","16":"purchasable","17":"product-type-simple"},"_links":{"self":[{"href":"https:\/\/roveyayinevi.com.tr\/index.php\/wp-json\/wp\/v2\/product\/738828","targetHints":{"allow":["GET"]}}],"collection":[{"href":"https:\/\/roveyayinevi.com.tr\/index.php\/wp-json\/wp\/v2\/product"}],"about":[{"href":"https:\/\/roveyayinevi.com.tr\/index.php\/wp-json\/wp\/v2\/types\/product"}],"wp:attachment":[{"href":"https:\/\/roveyayinevi.com.tr\/index.php\/wp-json\/wp\/v2\/media?parent=738828"}],"wp:term":[{"taxonomy":"product_brand","embeddable":true,"href":"https:\/\/roveyayinevi.com.tr\/index.php\/wp-json\/wp\/v2\/product_brand?post=738828"},{"taxonomy":"product_cat","embeddable":true,"href":"https:\/\/roveyayinevi.com.tr\/index.php\/wp-json\/wp\/v2\/product_cat?post=738828"},{"taxonomy":"product_tag","embeddable":true,"href":"https:\/\/roveyayinevi.com.tr\/index.php\/wp-json\/wp\/v2\/product_tag?post=738828"}],"curies":[{"name":"wp","href":"https:\/\/api.w.org\/{rel}","templated":true}]}}