{"id":738826,"date":"2025-08-27T23:57:32","date_gmt":"2025-08-27T20:57:32","guid":{"rendered":"https:\/\/roveyayinevi.com.tr\/index.php\/urun\/buyuk-birader-gozetiminde-teknolojik-yenidunya-duzeni\/"},"modified":"2026-04-16T02:48:56","modified_gmt":"2026-04-15T23:48:56","slug":"buyuk-birader-gozetiminde-teknolojik-yenidunya-duzeni","status":"publish","type":"product","link":"https:\/\/roveyayinevi.com.tr\/index.php\/urun\/buyuk-birader-gozetiminde-teknolojik-yenidunya-duzeni\/","title":{"rendered":"B\u00fcy\u00fck Birader G\u00f6zetiminde Teknolojik Yenid\u00fcnya D\u00fczeni"},"content":{"rendered":"<p>K\u00fcresel teslimiyet i\u00e7in co\u011frafyalardan \u00f6nce beyinlerin i\u015fgali \u015fartt\u0131, \u00e7\u00fcnk\u00fc bir atas\u00f6z\u00fc \u201cG\u00f6z olan\u0131, beyin olaca\u011f\u0131 g\u00f6r\u00fcr\u201d diyordu. \u0130nsanl\u0131\u011f\u0131, sanal, dijital ve algoritmik egemenlik ile s\u0131n\u0131rland\u0131r\u0131lm\u0131\u015f bir d\u00fcnyada, b\u00fcy\u00fck biraderin hapishanesinde mahk\u00fbm ederek halifelikten \u00e2deta bir s\u00fcs bitkisine ya da y\u0131lk\u0131 at\u0131na indirgeyeceklerdi. Yarat\u0131l\u0131\u015f i\u00e7in kurduklar\u0131 tuzaklar ile d\u00fcnyada hi\u00e7bir ihlasl\u0131 kulunu b\u0131rakmad\u0131klar\u0131nda y\u00fcce Mevla\u2019y\u0131 ak\u0131llar\u0131 s\u0131ra yenilgiye u\u011fratarak kendilerini yeni d\u00fcnya\u2019n\u0131n Tanr\u0131 insan\u0131 yani \u201cHomoDeus\u201c olarak ilan edeceklerdi. Genelde teknoloji \u00f6zelinde internet, insanl\u0131\u011f\u0131 \u00f6zg\u00fcrle\u015ftirirken k\u00f6le yapmakla g\u00f6revlendirilmi\u015fti. \u00d6zg\u00fcrle\u015ftirirken k\u00f6lesi yaparak \u00f6zg\u00fcrl\u00fc\u011f\u00fcm\u00fcz\u00fc yok edenlerin bizlere \u00f6zg\u00fcrl\u00fck vaadinde bulunmas\u0131, George Orwell i\u00e7in \u201c\u00c7iftd\u00fc\u015f\u00fcn\u201d, Hegel i\u00e7in \u201ctez, antitez ve sentez\u201d olabilirdi. Bu kitaptaki kaynaklarda ayn\u0131 konuyla ilgili olarak sunulan \u00f6nemli ve gizli deliller ise insanl\u0131k ad\u0131na ortaya \u00e7\u0131kar\u0131lmas\u0131 gereken \u00e7ok b\u00fcy\u00fck bir yalan\u0131n varl\u0131\u011f\u0131na i\u015faret etmekteydi. A\u015fa\u011f\u0131daki sorular\u0131n cevaplar\u0131yla birlikte her b\u00f6l\u00fcm\u00fcnde ger\u00e7eklere konulan ambargolar\u0131 kald\u0131rarak \u00e7ok b\u00fcy\u00fck bu yalan\u0131 ortaya \u00e7\u0131karan, ilgin\u00e7 oldu\u011fu kadar ibretlik bu \u00f6yk\u00fcy\u00fc okumak i\u00e7in sadece b\u00fcy\u00fck biraderin de\u011fil, herkesin g\u00f6z\u00fc bu kitab\u0131n \u00fczerinde! Antik \u00e7a\u011fda uzayl\u0131lar kolonize etmek i\u00e7in d\u00fcnyay\u0131 ziyaret ettiler mi? S\u00fcmer tabletlerinde ad\u0131 ge\u00e7en \u201cAnunnaki\u201dlerin d\u00fcnyay\u0131 ziyaret amac\u0131 neydi? Uzayl\u0131lar, alt\u0131n madenlerinde k\u00f6le olarak \u00e7al\u0131\u015ft\u0131rmak i\u00e7in kimleri se\u00e7mi\u015fti? Y\u00fcksek teknoloji transfer antla\u015fmas\u0131 i\u00e7in hangi devlet, ilk uzayl\u0131 el\u00e7isini kabul edecekti? \u00dcst-insana hizmet\u00e7ilik yapmas\u0131 planlanan alt-k\u00f6le s\u0131n\u0131f\u0131 kimler aras\u0131ndan se\u00e7eceklerdi? Washington DC, Londra ve Vatikan gibi \u015fehir devletlerini ni\u00e7in kurmu\u015flard\u0131? Tek D\u00fcnya Devleti\u2019ne kat\u0131lma daveti, SSCB d\u0131\u015f\u0131nda hangi devletlere de yap\u0131lm\u0131\u015ft\u0131? Z\u00fcrriyetlerini k\u00f6k\u00fcnden kurutmay\u0131 hedefledikleri \u015fans\u0131z kullar kimlerdi? D\u00fcnya n\u00fcfusunu azaltmak i\u00e7in verilen direktifleri g\u00f6steren ta\u015f an\u0131t\u0131 kimler diktirmi\u015fti? Gizli h\u00fck\u00fcmetin ve \u201cMajeste 12\u201d denilen yap\u0131lanman\u0131n kurulu\u015f amac\u0131 neydi? \u201c\u00c7in modeli devlet kapitalizmi\u201dnin bug\u00fcnlerde model olarak benimsenme sebebi neydi? <\/p>\n","protected":false},"excerpt":{"rendered":"<p>K\u00fcresel teslimiyet i\u00e7in co\u011frafyalardan \u00f6nce beyinlerin i\u015fgali \u015fartt\u0131, \u00e7\u00fcnk\u00fc bir atas\u00f6z\u00fc \u201cG\u00f6z olan\u0131, beyin olaca\u011f\u0131 g\u00f6r\u00fcr\u201d diyordu. \u0130nsanl\u0131\u011f\u0131, sanal, dijital ve algoritmik egemenlik ile s\u0131n\u0131rland\u0131r\u0131lm\u0131\u015f bir<span class=\"excerpt-hellip\"> [\u2026]<\/span><\/p>\n","protected":false},"featured_media":0,"template":"","meta":{"_monsterinsights_skip_tracking":false,"_monsterinsights_sitenote_active":false,"_monsterinsights_sitenote_note":"","_monsterinsights_sitenote_category":0},"product_brand":[],"product_cat":[13072,12291],"product_tag":[],"class_list":{"0":"post-738826","1":"product","2":"type-product","3":"status-publish","5":"product_cat-arastirma-inceleme-referans","6":"product_cat-edebiyat","7":"pa_cilt-ciltsiz","8":"pa_tur-kitap","9":"pa_yayinevi-karina-yayinevi","10":"pa_yazar-m-melih-akilli","12":"first","13":"instock","14":"sale","15":"shipping-taxable","16":"purchasable","17":"product-type-simple"},"_links":{"self":[{"href":"https:\/\/roveyayinevi.com.tr\/index.php\/wp-json\/wp\/v2\/product\/738826","targetHints":{"allow":["GET"]}}],"collection":[{"href":"https:\/\/roveyayinevi.com.tr\/index.php\/wp-json\/wp\/v2\/product"}],"about":[{"href":"https:\/\/roveyayinevi.com.tr\/index.php\/wp-json\/wp\/v2\/types\/product"}],"wp:attachment":[{"href":"https:\/\/roveyayinevi.com.tr\/index.php\/wp-json\/wp\/v2\/media?parent=738826"}],"wp:term":[{"taxonomy":"product_brand","embeddable":true,"href":"https:\/\/roveyayinevi.com.tr\/index.php\/wp-json\/wp\/v2\/product_brand?post=738826"},{"taxonomy":"product_cat","embeddable":true,"href":"https:\/\/roveyayinevi.com.tr\/index.php\/wp-json\/wp\/v2\/product_cat?post=738826"},{"taxonomy":"product_tag","embeddable":true,"href":"https:\/\/roveyayinevi.com.tr\/index.php\/wp-json\/wp\/v2\/product_tag?post=738826"}],"curies":[{"name":"wp","href":"https:\/\/api.w.org\/{rel}","templated":true}]}}