{"id":738821,"date":"2025-08-27T23:57:27","date_gmt":"2025-08-27T20:57:27","guid":{"rendered":"https:\/\/roveyayinevi.com.tr\/index.php\/urun\/yasam-dongusu-ve-beslenme\/"},"modified":"2026-04-16T02:48:56","modified_gmt":"2026-04-15T23:48:56","slug":"yasam-dongusu-ve-beslenme","status":"publish","type":"product","link":"https:\/\/roveyayinevi.com.tr\/index.php\/urun\/yasam-dongusu-ve-beslenme\/","title":{"rendered":"Ya\u015fam D\u00f6ng\u00fcs\u00fc Ve Beslenme"},"content":{"rendered":"<p>Ya\u015fam d\u00f6ng\u00fcs\u00fcn\u00fcn herhangi bir d\u00f6neminde yetersiz ve dengesiz beslenmeden dolay\u0131 ortaya \u00e7\u0131kabilecek sa\u011fl\u0131k problemleri ilerleyen ya\u015flarda sa\u011fl\u0131k durumunu, bireylerin \u00fcretkenli\u011fini, verimlili\u011fini, ya\u015fam kalitesini etkiledi\u011fi kadar sa\u011fl\u0131k harcamalar\u0131 ve insan g\u00fcc\u00fc kullan\u0131m\u0131n\u0131 da yak\u0131ndan etkilemektedir. Toplumlar\u0131n ekonomik ve sosyal yo\u0308nden gelis\u0327mesi fiziksel, zihinsel ve sosyal olarak sag\u0306l\u0131kl\u0131 bireylere sahip olunmas\u0131 ile mu\u0308mku\u0308ndu\u0308r ve bu nedenle de her ya\u015f d\u00f6neminde yani ya\u015fam d\u00f6ng\u00fcs\u00fc boyunca yeterli ve dengeli beslenme olduk\u00e7a \u00f6nemli olup, \u00f6zellikle de b\u00fcy\u00fcme, geli\u015fme ve ya\u015flanma gibi ya\u015fam\u0131n belirli d\u00f6nemlerinde \u00e7ok daha da \u00f6nemli bir hale gelmektedir.B\u00fcy\u00fcme, geli\u015fme, sa\u011fl\u0131kl\u0131 ve verimli olarak uzun s\u00fcre ya\u015famak i\u00e7in gerekli olan enerji ve besin \u00f6gelerinden her birini yeterli miktarda sa\u011flayacak olan besinleri besin \u00f6gesi de\u011feri kayb\u0131 olmadan, sa\u011fl\u0131\u011f\u0131 olumsuz y\u00f6nde etkileyecek hale gelmeden en ekonomik \u015fekilde v\u00fccuda almak ve v\u00fccutta kullanmak olarak tan\u0131mlanan beslenme, \u00fcreme ve gebelikte, laktasyonda, bebeklikte, fizyolojik, psikolojik ve sosyal geli\u015fim ile b\u00fcy\u00fcme h\u0131z\u0131n\u0131n \u00e7ok y\u00fcksek oldu\u011fu \u00e7ocuklukta ve ad\u00f6lesan d\u00f6nemlerinde, yeti\u015fkinlikte ve ya\u015fl\u0131l\u0131kta b\u00fcy\u00fck \u00f6nem ta\u015f\u0131maktad\u0131r. &#8220;Ya\u015fam D\u00f6ng\u00fcs\u00fc ve Beslenme\u201d kitab\u0131n\u0131n amac\u0131, \u00fcreme sa\u011fl\u0131\u011f\u0131 ve gebelik d\u00f6neminden ba\u015flayarak ya\u015fl\u0131l\u0131k d\u00f6nemine kadar uzanan s\u00fcre\u00e7te beslenmenin \u00f6nemini, b\u00fcy\u00fcme ve geli\u015fmenin de\u011ferlendirilmesini vurgulamak, beslenme sorunlar\u0131 ile ilgili \u00f6nemli bilgiler vermek, bu sorunlara y\u00f6nelik \u00f6nerilerde bulunmakt\u0131r.&#8221;Ya\u015fam D\u00f6ng\u00fcs\u00fc ve Beslenme\u201d kitab\u0131 beslenme uzman\u0131, diyetisyen ve \u00e7ocuk geli\u015fimi \u00fcnvanlar\u0131na sahip akademisyenler ve kamu \u00e7al\u0131\u015fanlar\u0131 ile Sa\u011fl\u0131k Bilimleri Enstit\u00fcs\u00fc Beslenme ve Diyetetik Anabilim dal\u0131nda \u00f6\u011frenim g\u00f6ren lisans\u00fcst\u00fc \u00f6\u011frenciler taraf\u0131ndan yaz\u0131lm\u0131\u015f olup, kitap 10 b\u00f6l\u00fcmden olu\u015fmaktad\u0131r.B\u00fcy\u00fck bir emek ve \u00f6zveriyle haz\u0131rlanan &#8220;Ya\u015fam D\u00f6ng\u00fcs\u00fc ve Beslenme\u201d kitab\u0131n\u0131n toplulumuza faydal\u0131 olaca\u011f\u0131n\u0131 umut ederek, kitab\u0131n yaz\u0131lmas\u0131na katk\u0131 veren t\u00fcm yazarlara te\u015fekk\u00fcr\u00fc bir bor\u00e7 bilirim.Edit\u00f6r: Prof. Dr. Didem \u00d6nay Derin<\/p>\n","protected":false},"excerpt":{"rendered":"<p>Ya\u015fam d\u00f6ng\u00fcs\u00fcn\u00fcn herhangi bir d\u00f6neminde yetersiz ve dengesiz beslenmeden dolay\u0131 ortaya \u00e7\u0131kabilecek sa\u011fl\u0131k problemleri ilerleyen ya\u015flarda sa\u011fl\u0131k durumunu, bireylerin \u00fcretkenli\u011fini, verimlili\u011fini, ya\u015fam kalitesini etkiledi\u011fi kadar sa\u011fl\u0131k<span class=\"excerpt-hellip\"> [\u2026]<\/span><\/p>\n","protected":false},"featured_media":0,"template":"","meta":{"_monsterinsights_skip_tracking":false,"_monsterinsights_sitenote_active":false,"_monsterinsights_sitenote_note":"","_monsterinsights_sitenote_category":0},"product_brand":[],"product_cat":[20313,13365],"product_tag":[],"class_list":{"0":"post-738821","1":"product","2":"type-product","3":"status-publish","5":"product_cat-basvuru-kitaplari-saglik","6":"product_cat-saglik","7":"pa_cilt-ciltsiz","8":"pa_tur-kitap","9":"pa_yayinevi-egiten-kitap","10":"pa_yazar-kolektif","12":"first","13":"instock","14":"sale","15":"shipping-taxable","16":"purchasable","17":"product-type-simple"},"_links":{"self":[{"href":"https:\/\/roveyayinevi.com.tr\/index.php\/wp-json\/wp\/v2\/product\/738821","targetHints":{"allow":["GET"]}}],"collection":[{"href":"https:\/\/roveyayinevi.com.tr\/index.php\/wp-json\/wp\/v2\/product"}],"about":[{"href":"https:\/\/roveyayinevi.com.tr\/index.php\/wp-json\/wp\/v2\/types\/product"}],"wp:attachment":[{"href":"https:\/\/roveyayinevi.com.tr\/index.php\/wp-json\/wp\/v2\/media?parent=738821"}],"wp:term":[{"taxonomy":"product_brand","embeddable":true,"href":"https:\/\/roveyayinevi.com.tr\/index.php\/wp-json\/wp\/v2\/product_brand?post=738821"},{"taxonomy":"product_cat","embeddable":true,"href":"https:\/\/roveyayinevi.com.tr\/index.php\/wp-json\/wp\/v2\/product_cat?post=738821"},{"taxonomy":"product_tag","embeddable":true,"href":"https:\/\/roveyayinevi.com.tr\/index.php\/wp-json\/wp\/v2\/product_tag?post=738821"}],"curies":[{"name":"wp","href":"https:\/\/api.w.org\/{rel}","templated":true}]}}