{"id":738820,"date":"2025-08-27T23:57:26","date_gmt":"2025-08-27T20:57:26","guid":{"rendered":"https:\/\/roveyayinevi.com.tr\/index.php\/urun\/surgun-bilgi-cocukluk-hasarlariyla-yuzlesmek\/"},"modified":"2026-04-16T02:48:56","modified_gmt":"2026-04-15T23:48:56","slug":"surgun-bilgi-cocukluk-hasarlariyla-yuzlesmek","status":"publish","type":"product","link":"https:\/\/roveyayinevi.com.tr\/index.php\/urun\/surgun-bilgi-cocukluk-hasarlariyla-yuzlesmek\/","title":{"rendered":"S\u00fcrg\u00fcn Bilgi &#8211; \u00c7ocukluk Hasarlar\u0131yla Y\u00fczle\u015fmek"},"content":{"rendered":"<p>K\u00f6t\u00fcl\u00fck ger\u00e7ektir. Fakat do\u011fu\u015ftan de\u011fil, sonradan kazan\u0131lm\u0131\u015f bir \u015feydir ve asla iyinin tersi de de\u011fildir, aksine onu yok eden \u015feydir. S\u00f6zde \u201ck\u00f6t\u00fc bir \u00e7ocu\u011fa\u201d yap\u0131lan zul\u00fcm, o \u00e7ocu\u011fu k\u00f6t\u00fc bir yeti\u015fkin yapacak ve daha sonra ayd\u0131nlanm\u0131\u015f bir tan\u0131k, onu kurtarmaya gelmedik\u00e7e k\u00f6t\u00fc bir d\u00fcnya yaratacakt\u0131r. Sayg\u0131 duyulan ve sevilen bir \u00e7ocuk ise bamba\u015fka bir d\u00fcnya yaratacakt\u0131r. Biyolojik vazifemiz insan ya\u015fam\u0131n\u0131 yok etmek de\u011fil, korumakt\u0131r. Ne kadar s\u0131kl\u0131kla m\u00fc\u015fahede edilirse edilsin, k\u00f6t\u00fcl\u00fc\u011f\u00fcn, y\u0131k\u0131c\u0131l\u0131\u011f\u0131n ve sapk\u0131nl\u0131\u011f\u0131n ka\u00e7\u0131n\u0131lmaz olarak insan varolu\u015funun bir par\u00e7as\u0131n\u0131 olu\u015fturdu\u011fu do\u011fru de\u011fildir. Ancak her g\u00fcn daha fazla k\u00f6t\u00fcl\u00fck yapt\u0131\u011f\u0131m\u0131z ve onunla birlikte kesinlikle \u00f6nlenebilir ac\u0131lardan m\u00fcrekkep okyanusu milyonlar i\u00e7in doldurdu\u011fumuz do\u011frudur. Bir g\u00fcn \u00e7ocuklu\u011fun bast\u0131r\u0131lmas\u0131ndan kaynaklanan cehalet ortadan kalkt\u0131\u011f\u0131nda ve insanl\u0131k uyand\u0131\u011f\u0131nda, k\u00f6t\u00fcl\u00fc\u011f\u00fcn \u00fcretimi durdurulabilir. <\/p>\n","protected":false},"excerpt":{"rendered":"<p>K\u00f6t\u00fcl\u00fck ger\u00e7ektir. Fakat do\u011fu\u015ftan de\u011fil, sonradan kazan\u0131lm\u0131\u015f bir \u015feydir ve asla iyinin tersi de de\u011fildir, aksine onu yok eden \u015feydir. S\u00f6zde \u201ck\u00f6t\u00fc bir \u00e7ocu\u011fa\u201d yap\u0131lan zul\u00fcm,<span class=\"excerpt-hellip\"> [\u2026]<\/span><\/p>\n","protected":false},"featured_media":0,"template":"","meta":{"_monsterinsights_skip_tracking":false,"_monsterinsights_sitenote_active":false,"_monsterinsights_sitenote_note":"","_monsterinsights_sitenote_category":0},"product_brand":[],"product_cat":[12358,12357],"product_tag":[],"class_list":{"0":"post-738820","1":"product","2":"type-product","3":"status-publish","5":"product_cat-genel-psikoloji","6":"product_cat-psikoloji","7":"pa_cilt-ciltsiz","8":"pa_tur-kitap","9":"pa_yayinevi-profil-kitap","10":"pa_yazar-alice-miller","12":"first","13":"instock","14":"sale","15":"shipping-taxable","16":"purchasable","17":"product-type-simple"},"_links":{"self":[{"href":"https:\/\/roveyayinevi.com.tr\/index.php\/wp-json\/wp\/v2\/product\/738820","targetHints":{"allow":["GET"]}}],"collection":[{"href":"https:\/\/roveyayinevi.com.tr\/index.php\/wp-json\/wp\/v2\/product"}],"about":[{"href":"https:\/\/roveyayinevi.com.tr\/index.php\/wp-json\/wp\/v2\/types\/product"}],"wp:attachment":[{"href":"https:\/\/roveyayinevi.com.tr\/index.php\/wp-json\/wp\/v2\/media?parent=738820"}],"wp:term":[{"taxonomy":"product_brand","embeddable":true,"href":"https:\/\/roveyayinevi.com.tr\/index.php\/wp-json\/wp\/v2\/product_brand?post=738820"},{"taxonomy":"product_cat","embeddable":true,"href":"https:\/\/roveyayinevi.com.tr\/index.php\/wp-json\/wp\/v2\/product_cat?post=738820"},{"taxonomy":"product_tag","embeddable":true,"href":"https:\/\/roveyayinevi.com.tr\/index.php\/wp-json\/wp\/v2\/product_tag?post=738820"}],"curies":[{"name":"wp","href":"https:\/\/api.w.org\/{rel}","templated":true}]}}