{"id":738817,"date":"2025-08-27T23:57:23","date_gmt":"2025-08-27T20:57:23","guid":{"rendered":"https:\/\/roveyayinevi.com.tr\/index.php\/urun\/lewis-hamilton-tum-zamanlarin-en-buyuk-yaris-pilotunun-yasam-oykusu\/"},"modified":"2026-04-16T02:48:56","modified_gmt":"2026-04-15T23:48:56","slug":"lewis-hamilton-tum-zamanlarin-en-buyuk-yaris-pilotunun-yasam-oykusu","status":"publish","type":"product","link":"https:\/\/roveyayinevi.com.tr\/index.php\/urun\/lewis-hamilton-tum-zamanlarin-en-buyuk-yaris-pilotunun-yasam-oykusu\/","title":{"rendered":"Lewis Hamilton- T\u00fcm Zamanlar\u0131n En B\u00fcy\u00fck Yar\u0131\u015f Pilotunun Ya\u015fam \u00d6yk\u00fcs\u00fc"},"content":{"rendered":"<p>Hayat\u0131, Stevenage sosyal konutlar\u0131nda start alan Lewis Hamilton \u00e7elik gibi bir irade ve azimle y\u0131llarca \u00e7al\u0131\u015ft\u0131. Efsane olmak i\u00e7in ge\u00e7ti\u011fi yol hi\u00e7 de kolay de\u011fildi. Formula 1 pistinde h\u0131zla tan\u0131nan gen\u00e7 adam, k\u0131sa s\u00fcrede birbiri ard\u0131na ula\u015ft\u0131\u011f\u0131 ba\u015far\u0131larla rekor kitab\u0131n\u0131n sayfalar\u0131n\u0131 doldurmaya ba\u015flad\u0131:   \u0130lk Siyahi Formula 1 Pilotu Art Arda \u0130kiden Fazla Podyum G\u00f6ren \u0130lk \u00c7aylak Formula 1 Grand Prix\u2019si Kazanan \u0130lk Siyahi S\u00fcr\u00fcc\u00fc F1 Ba\u015flang\u0131c\u0131ndan Beri \u00c7\u0131k\u0131\u015f Sezonunda Birden Fazla Yar\u0131\u015f Kazanan Yaln\u0131zca \u0130kinci S\u00fcr\u00fcc\u00fc \u0130lk Sezonunda Pol Pozisyondan Pe\u015f Pe\u015fe Yar\u0131\u015f Kazanan \u0130lk S\u00fcr\u00fcc\u00fc Bir Grand Prix Kazanan En Gen\u00e7 Britanyal\u0131 D\u00fcnya \u015eampiyonas\u0131\u2019nda Lider Olan En Gen\u00e7 S\u00fcr\u00fcc\u00fc \u00c7\u0131k\u0131\u015f Sezonunda Ciddi \u015eampiyonluk \u0130ddias\u0131 Olan \u0130lk \u00c7aylak Ve Siyahi S\u00fcr\u00fcc\u00fc   Riskli s\u00fcr\u00fc\u015f tarz\u0131 ve b\u00fcy\u00fcleyen manevralar\u0131yla d\u00fcnya \u00e7ap\u0131nda milyonlarca seyirciyi ekranlara kilitledi. \u015e\u00fcphesiz o art\u0131k bir yar\u0131\u015f pilotundan \u00e7ok daha fazlas\u0131, bir F1 fenomeni\u2026 <\/p>\n","protected":false},"excerpt":{"rendered":"<p>Hayat\u0131, Stevenage sosyal konutlar\u0131nda start alan Lewis Hamilton \u00e7elik gibi bir irade ve azimle y\u0131llarca \u00e7al\u0131\u015ft\u0131. Efsane olmak i\u00e7in ge\u00e7ti\u011fi yol hi\u00e7 de kolay de\u011fildi. Formula<span class=\"excerpt-hellip\"> [\u2026]<\/span><\/p>\n","protected":false},"featured_media":0,"template":"","meta":{"_monsterinsights_skip_tracking":false,"_monsterinsights_sitenote_active":false,"_monsterinsights_sitenote_note":"","_monsterinsights_sitenote_category":0},"product_brand":[],"product_cat":[18082,15563],"product_tag":[],"class_list":{"0":"post-738817","1":"product","2":"type-product","3":"status-publish","5":"product_cat-astroloji-fal-ruya","6":"product_cat-hobi","7":"pa_cilt-ciltsiz","8":"pa_tur-kitap","9":"pa_yayinevi-profil-kitap","10":"pa_yazar-frank-worrall","12":"first","13":"instock","14":"sale","15":"shipping-taxable","16":"purchasable","17":"product-type-simple"},"_links":{"self":[{"href":"https:\/\/roveyayinevi.com.tr\/index.php\/wp-json\/wp\/v2\/product\/738817","targetHints":{"allow":["GET"]}}],"collection":[{"href":"https:\/\/roveyayinevi.com.tr\/index.php\/wp-json\/wp\/v2\/product"}],"about":[{"href":"https:\/\/roveyayinevi.com.tr\/index.php\/wp-json\/wp\/v2\/types\/product"}],"wp:attachment":[{"href":"https:\/\/roveyayinevi.com.tr\/index.php\/wp-json\/wp\/v2\/media?parent=738817"}],"wp:term":[{"taxonomy":"product_brand","embeddable":true,"href":"https:\/\/roveyayinevi.com.tr\/index.php\/wp-json\/wp\/v2\/product_brand?post=738817"},{"taxonomy":"product_cat","embeddable":true,"href":"https:\/\/roveyayinevi.com.tr\/index.php\/wp-json\/wp\/v2\/product_cat?post=738817"},{"taxonomy":"product_tag","embeddable":true,"href":"https:\/\/roveyayinevi.com.tr\/index.php\/wp-json\/wp\/v2\/product_tag?post=738817"}],"curies":[{"name":"wp","href":"https:\/\/api.w.org\/{rel}","templated":true}]}}