{"id":738816,"date":"2025-08-27T23:57:21","date_gmt":"2025-08-27T20:57:21","guid":{"rendered":"https:\/\/roveyayinevi.com.tr\/index.php\/urun\/el-turko-gunlukleri-latin-amerikada-osmanli-izleri\/"},"modified":"2026-04-16T02:48:56","modified_gmt":"2026-04-15T23:48:56","slug":"el-turko-gunlukleri-latin-amerikada-osmanli-izleri","status":"publish","type":"product","link":"https:\/\/roveyayinevi.com.tr\/index.php\/urun\/el-turko-gunlukleri-latin-amerikada-osmanli-izleri\/","title":{"rendered":"El Turko G\u00fcnl\u00fckleri &#8211; Latin Amerika\u2019da Osmanl\u0131 \u0130zleri"},"content":{"rendered":"<p>\u0130srafil Kuralay, El Turko G\u00fcnl\u00fckleri adl\u0131 kitab\u0131nda 19. y\u00fczy\u0131lda ellerinde pasaportlar\u0131yla uzun ve zorlu yolculuklar\u0131n ard\u0131ndan Amerika k\u0131tas\u0131na varan g\u00f6\u00e7menlerin hik\u00e2yesini anlat\u0131yor. Bug\u00fcn b\u00fct\u00fcn k\u0131taya yay\u0131lm\u0131\u015f, \u00f6zellikle G\u00fcney Amerika k\u0131tas\u0131nda ya\u015fayan \u201cEl Turko\u201d kimli\u011fiyle an\u0131lan 30 milyon civar\u0131nda Osmanl\u0131 vatanda\u015f\u0131n\u0131n ku\u015faktan ku\u015fa\u011fa aktard\u0131klar\u0131 dramatik g\u00f6\u00e7 hik\u00e2yeleri, s\u0131n\u0131f atlamak ve toplumsal sayg\u0131nl\u0131k kazanmak i\u00e7in verdikleri m\u00fccadeleler okunmaya de\u011fer.   Kuralay, 13 b\u00f6l\u00fcml\u00fck bir belgesel olarak da sunulan Latin Amerika gezintisinde El Turkolar\u0131n izinde deneyimlediklerini g\u00fcnl\u00fckler \u015feklinde ilgilileriyle payla\u015f\u0131yor. Arjantin, Uruguay, Brezilya, \u015eili ve Meksika g\u00fcnl\u00fckleriyle g\u00f6\u00e7\u00fcn sebeplerine ve gidilen \u00fclkelerdeki zorlu m\u00fccadelelere de\u011finiyor. <\/p>\n","protected":false},"excerpt":{"rendered":"<p>\u0130srafil Kuralay, El Turko G\u00fcnl\u00fckleri adl\u0131 kitab\u0131nda 19. y\u00fczy\u0131lda ellerinde pasaportlar\u0131yla uzun ve zorlu yolculuklar\u0131n ard\u0131ndan Amerika k\u0131tas\u0131na varan g\u00f6\u00e7menlerin hik\u00e2yesini anlat\u0131yor. Bug\u00fcn b\u00fct\u00fcn k\u0131taya yay\u0131lm\u0131\u015f,<span class=\"excerpt-hellip\"> [\u2026]<\/span><\/p>\n","protected":false},"featured_media":0,"template":"","meta":{"_monsterinsights_skip_tracking":false,"_monsterinsights_sitenote_active":false,"_monsterinsights_sitenote_note":"","_monsterinsights_sitenote_category":0},"product_brand":[],"product_cat":[13701,12291],"product_tag":[],"class_list":{"0":"post-738816","1":"product","2":"type-product","3":"status-publish","5":"product_cat-ani-mektup-gunluk","6":"product_cat-edebiyat","7":"pa_cilt-ciltsiz","8":"pa_tur-kitap","9":"pa_yayinevi-profil-kitap","10":"pa_yazar-israfil-kuralay","12":"first","13":"instock","14":"sale","15":"shipping-taxable","16":"purchasable","17":"product-type-simple"},"_links":{"self":[{"href":"https:\/\/roveyayinevi.com.tr\/index.php\/wp-json\/wp\/v2\/product\/738816","targetHints":{"allow":["GET"]}}],"collection":[{"href":"https:\/\/roveyayinevi.com.tr\/index.php\/wp-json\/wp\/v2\/product"}],"about":[{"href":"https:\/\/roveyayinevi.com.tr\/index.php\/wp-json\/wp\/v2\/types\/product"}],"wp:attachment":[{"href":"https:\/\/roveyayinevi.com.tr\/index.php\/wp-json\/wp\/v2\/media?parent=738816"}],"wp:term":[{"taxonomy":"product_brand","embeddable":true,"href":"https:\/\/roveyayinevi.com.tr\/index.php\/wp-json\/wp\/v2\/product_brand?post=738816"},{"taxonomy":"product_cat","embeddable":true,"href":"https:\/\/roveyayinevi.com.tr\/index.php\/wp-json\/wp\/v2\/product_cat?post=738816"},{"taxonomy":"product_tag","embeddable":true,"href":"https:\/\/roveyayinevi.com.tr\/index.php\/wp-json\/wp\/v2\/product_tag?post=738816"}],"curies":[{"name":"wp","href":"https:\/\/api.w.org\/{rel}","templated":true}]}}