{"id":738815,"date":"2025-08-27T23:57:20","date_gmt":"2025-08-27T20:57:20","guid":{"rendered":"https:\/\/roveyayinevi.com.tr\/index.php\/urun\/can-veren-pervaneler-7-2\/"},"modified":"2026-04-16T02:48:56","modified_gmt":"2026-04-15T23:48:56","slug":"can-veren-pervaneler-7-2","status":"publish","type":"product","link":"https:\/\/roveyayinevi.com.tr\/index.php\/urun\/can-veren-pervaneler-7-2\/","title":{"rendered":"Can Veren Pervaneler &#8211; 7"},"content":{"rendered":"<p>\u201c\u2026 Tatl\u0131-ho\u015f bir s\u00f6z, k\u00f6kleri sa\u011flam ve dallar\u0131 g\u00f6\u011fe do\u011fru uzanm\u0131\u015f g\u00fczel bir a\u011faca benzer ki o a\u011fa\u00e7, Rabb\u2019inin izniyle meyvesini, yemi\u015fini her zaman verir\u2026 Sevimsiz, kem-\u00e7irkin bir s\u00f6z de yerden kopar\u0131lm\u0131\u015f ve hi\u00e7bir sebat\u0131-karar\u0131 olmayan k\u00f6t\u00fc bir a\u011fa\u00e7 gibidir.\u201d (\u0130brahim Suresi: 14\/24-26)   G\u00f6\u011fe do\u011fru uzanan o dallar meyvelerini vermeye devam ediyor. Ama biz onlar\u0131n g\u00f6lgesinde serinleyip meyvelerini tatmadan ge\u00e7iriyoruz \u00f6mr\u00fcm\u00fcz\u00fc.   Klasik \u015fiirimizden g\u00fcn\u00fcm\u00fcze bir esinti getirebilmek murad\u0131m\u0131z. Daha \u00e7ok o vesileyle, sahip oldu\u011fumuz anlam d\u00fcnyas\u0131ndan bir haber iletmek miras\u00e7\u0131lara. \u00d6yle ya, bu muhte\u015fem birikimin varisleri bizler de\u011fil miyiz? \u015eu kadar var ki, hayli zamand\u0131r uzak kalm\u0131\u015f\u0131z kendi zenginliklerimizden. Bu ayr\u0131l\u0131k yetsin art\u0131k, demeyelim mi?   \u201cCan Veren Pervaneler\u201d serisinde Hayati \u0130nan\u00e7, e\u015fsiz m\u0131sralarla, k\u0131ssalarla, aktard\u0131\u011f\u0131 tecr\u00fcbe ve an\u0131lar\u0131yla m\u00fchmel bir hazinenin izini s\u00fcr\u00fcyor. <\/p>\n","protected":false},"excerpt":{"rendered":"<p>\u201c\u2026 Tatl\u0131-ho\u015f bir s\u00f6z, k\u00f6kleri sa\u011flam ve dallar\u0131 g\u00f6\u011fe do\u011fru uzanm\u0131\u015f g\u00fczel bir a\u011faca benzer ki o a\u011fa\u00e7, Rabb\u2019inin izniyle meyvesini, yemi\u015fini her zaman verir\u2026 Sevimsiz,<span class=\"excerpt-hellip\"> [\u2026]<\/span><\/p>\n","protected":false},"featured_media":0,"template":"","meta":{"_monsterinsights_skip_tracking":false,"_monsterinsights_sitenote_active":false,"_monsterinsights_sitenote_note":"","_monsterinsights_sitenote_category":0},"product_brand":[],"product_cat":[12777,12291],"product_tag":[],"class_list":{"0":"post-738815","1":"product","2":"type-product","3":"status-publish","5":"product_cat-deneme","6":"product_cat-edebiyat","7":"pa_cilt-ciltsiz","8":"pa_tur-kitap","9":"pa_yayinevi-profil-kitap","10":"pa_yazar-hayati-inanc","12":"first","13":"instock","14":"sale","15":"shipping-taxable","16":"purchasable","17":"product-type-simple"},"_links":{"self":[{"href":"https:\/\/roveyayinevi.com.tr\/index.php\/wp-json\/wp\/v2\/product\/738815","targetHints":{"allow":["GET"]}}],"collection":[{"href":"https:\/\/roveyayinevi.com.tr\/index.php\/wp-json\/wp\/v2\/product"}],"about":[{"href":"https:\/\/roveyayinevi.com.tr\/index.php\/wp-json\/wp\/v2\/types\/product"}],"wp:attachment":[{"href":"https:\/\/roveyayinevi.com.tr\/index.php\/wp-json\/wp\/v2\/media?parent=738815"}],"wp:term":[{"taxonomy":"product_brand","embeddable":true,"href":"https:\/\/roveyayinevi.com.tr\/index.php\/wp-json\/wp\/v2\/product_brand?post=738815"},{"taxonomy":"product_cat","embeddable":true,"href":"https:\/\/roveyayinevi.com.tr\/index.php\/wp-json\/wp\/v2\/product_cat?post=738815"},{"taxonomy":"product_tag","embeddable":true,"href":"https:\/\/roveyayinevi.com.tr\/index.php\/wp-json\/wp\/v2\/product_tag?post=738815"}],"curies":[{"name":"wp","href":"https:\/\/api.w.org\/{rel}","templated":true}]}}