{"id":738811,"date":"2025-08-27T23:57:16","date_gmt":"2025-08-27T20:57:16","guid":{"rendered":"https:\/\/roveyayinevi.com.tr\/index.php\/urun\/kusaklarin-gozunden-oyun-ve-spor\/"},"modified":"2026-04-16T02:48:56","modified_gmt":"2026-04-15T23:48:56","slug":"kusaklarin-gozunden-oyun-ve-spor","status":"publish","type":"product","link":"https:\/\/roveyayinevi.com.tr\/index.php\/urun\/kusaklarin-gozunden-oyun-ve-spor\/","title":{"rendered":"Ku\u015faklar\u0131n G\u00f6z\u00fcnden Oyun ve Spor"},"content":{"rendered":"<p>Spor ge\u00e7mi\u015ften g\u00fcn\u00fcm\u00fcze kadar her k\u00fclt\u00fcr\u00fcn d\u00f6nemlerinde ve ya\u015fant\u0131s\u0131nda \u00f6nemli bir rol alm\u0131\u015ft\u0131r. Hayat boyu t\u00fcm alanlarda de\u011fi\u015fim ve geli\u015fim oldu\u011fu gibi, insano\u011flunun da bu de\u011fi\u015fimlere ayak uydurmas\u0131 ka\u00e7\u0131n\u0131lmaz bit durumdur. Ayn\u0131 d\u00f6nemi payla\u015fm\u0131\u015f, ortak ya\u015fant\u0131 ve ortak \u00f6zellikler ta\u015f\u0131yan topluluklara; &#8220;jenerasyon\u201d &#8220;yeni nesil\u201d &#8220;ku\u015fak\u201d terimleri kullan\u0131lmaktad\u0131r. X, Y ve Z ku\u015fa\u011f\u0131 olarak adland\u0131r\u0131lan ya\u015fad\u0131\u011f\u0131 zamana g\u00f6re isimlendirilen ki\u015filer, d\u00f6neminin \u00f6zelliklerini ta\u015f\u0131makla beraber yeni d\u00f6neme de ayak uydurmaktad\u0131r. Bir\u00e7ok zorluk, kriz ve y\u0131k\u0131c\u0131 etkilerin h\u00e2kim oldu\u011fu &#8220;1965-1979\u201d y\u0131llar\u0131 aras\u0131nda do\u011fan X ku\u015fa\u011f\u0131, bu durumlara nazaran daha az zorluk \u00e7eken globalle\u015fen ve yeni teknolojiye ayak uydurmaya \u00e7al\u0131\u015fan &#8220;1980-1999\u201d y\u0131llar\u0131 aras\u0131nda do\u011fmu\u015f Y ku\u015fa\u011f\u0131. Ve en son olarak &#8220;2000 ve g\u00fcn\u00fcm\u00fcz\u201d de tamamen teknolojinin i\u00e7inde do\u011fmu\u015f Z ku\u015fa\u011f\u0131n\u0131 kapsamaktad\u0131r. Her ku\u015fa\u011f\u0131n ya\u015fad\u0131\u011f\u0131 d\u00f6nemlerin etkisi ile kendi de\u011ferleri, tutumlar\u0131, davran\u0131\u015flar\u0131, sosyo k\u00fclt\u00fcrel ya\u015fam\u0131, t\u00fcketimi, ya\u015fant\u0131lar\u0131, d\u00fcnya g\u00f6r\u00fc\u015flerindeki farkl\u0131l\u0131klar ink\u00e2r edilemez ger\u00e7eklerdir. Bu kitaptaki \u00e7\u0131kar\u0131mlara g\u00f6re bu durumlar\u0131n spor ve spor k\u00fclt\u00fcr\u00fcndeki de\u011fi\u015fim, geli\u015fim ve sporun insan hayat\u0131ndaki yerini ku\u015fkusuz etkilemektedir. Daha \u00e7ok X ku\u015fa\u011f\u0131nda olmak \u015fart\u0131yla Y ku\u015fa\u011f\u0131n\u0131 da kapsayan ekipman, malzeme ve spora kar\u015f\u0131 olumsuzluklar\u0131n, Z ku\u015fa\u011f\u0131 ile \u00e7ok b\u00fcy\u00fck oranda azald\u0131\u011f\u0131 saptanm\u0131\u015ft\u0131r.Art\u0131k topun sahibini ma\u00e7ta zorunlu olarak oynatmak, topun sahibi ne zaman giderse ma\u00e7 biter ya da top eskimesin diye oynamamazl\u0131k g\u00f6r\u00fc\u015f\u00fcn\u00fcn yerine, her ev ve ki\u015filerce \u00e7e\u015fitli bran\u015flar dahil olmak \u00fczere ekipman fazlal\u0131\u011f\u0131 g\u00f6ze \u00e7arpmaktad\u0131r. Sessiz ku\u015faktan g\u00fcn\u00fcm\u00fcz Z ku\u015fa\u011f\u0131na s\u00fcre gelen bu s\u00fcre\u00e7te Neden spor malzemesine para harcayal\u0131m, \u00e7ok pahal\u0131, \u00f6nceli\u011fimiz ba\u015fka s\u00f6ylemlerininin yerini hangi marka olsun, ucuz mu, kalitelimi gibi s\u00f6ylemlerin h\u00e2kim oldu\u011fu d\u00f6nemleri ya\u015fad\u0131\u011f\u0131m\u0131z yads\u0131namaz ger\u00e7eklerdir.Bu kitapta toplumlar\u0131n ku\u015fak kavram\u0131 ile oyun ve sporun d\u00f6nemsel de\u011ferlendirmesi, ku\u015faklar\u0131n g\u00f6z\u00fcnden oyun ve sporun nas\u0131l alg\u0131land\u0131\u011f\u0131, d\u00f6nemlere g\u00f6re oyun ve spora kat\u0131l\u0131m\u0131n nas\u0131l ve ne d\u00fczeyde oldu\u011funu her d\u00f6nemin kendi temsilcilerinin s\u00f6zleriyle ortaya koyabilmek ama\u00e7lanm\u0131\u015ft\u0131r.Bu kitab\u0131n, fenomolojik anlamda \u00e7al\u0131\u015fma yapmak isteyen, y\u00fcksek lisans, doktora \u00f6\u011frencileri ve akademisyenlerin yararlanabilece\u011fi bir \u00e7al\u0131\u015fma olmas\u0131n\u0131 arzu ediyoruz. Kitab\u0131n haz\u0131rlanmas\u0131 ve bas\u0131lmas\u0131 s\u0131ras\u0131nda eme\u011fi ge\u00e7en herkese te\u015fekk\u00fcrlerimi sunar\u0131m.<\/p>\n","protected":false},"excerpt":{"rendered":"<p>Spor ge\u00e7mi\u015ften g\u00fcn\u00fcm\u00fcze kadar her k\u00fclt\u00fcr\u00fcn d\u00f6nemlerinde ve ya\u015fant\u0131s\u0131nda \u00f6nemli bir rol alm\u0131\u015ft\u0131r. Hayat boyu t\u00fcm alanlarda de\u011fi\u015fim ve geli\u015fim oldu\u011fu gibi, insano\u011flunun da bu de\u011fi\u015fimlere<span class=\"excerpt-hellip\"> [\u2026]<\/span><\/p>\n","protected":false},"featured_media":0,"template":"","meta":{"_monsterinsights_skip_tracking":false,"_monsterinsights_sitenote_active":false,"_monsterinsights_sitenote_note":"","_monsterinsights_sitenote_category":0},"product_brand":[],"product_cat":[12573,12566],"product_tag":[],"class_list":{"0":"post-738811","1":"product","2":"type-product","3":"status-publish","5":"product_cat-akademik-kitaplar","6":"product_cat-egitim","7":"pa_cilt-ciltsiz","8":"pa_tur-kitap","9":"pa_yayinevi-egiten-kitap","10":"pa_yazar-hulusi-alp-suleyman-yildirim","12":"first","13":"instock","14":"sale","15":"shipping-taxable","16":"purchasable","17":"product-type-simple"},"_links":{"self":[{"href":"https:\/\/roveyayinevi.com.tr\/index.php\/wp-json\/wp\/v2\/product\/738811","targetHints":{"allow":["GET"]}}],"collection":[{"href":"https:\/\/roveyayinevi.com.tr\/index.php\/wp-json\/wp\/v2\/product"}],"about":[{"href":"https:\/\/roveyayinevi.com.tr\/index.php\/wp-json\/wp\/v2\/types\/product"}],"wp:attachment":[{"href":"https:\/\/roveyayinevi.com.tr\/index.php\/wp-json\/wp\/v2\/media?parent=738811"}],"wp:term":[{"taxonomy":"product_brand","embeddable":true,"href":"https:\/\/roveyayinevi.com.tr\/index.php\/wp-json\/wp\/v2\/product_brand?post=738811"},{"taxonomy":"product_cat","embeddable":true,"href":"https:\/\/roveyayinevi.com.tr\/index.php\/wp-json\/wp\/v2\/product_cat?post=738811"},{"taxonomy":"product_tag","embeddable":true,"href":"https:\/\/roveyayinevi.com.tr\/index.php\/wp-json\/wp\/v2\/product_tag?post=738811"}],"curies":[{"name":"wp","href":"https:\/\/api.w.org\/{rel}","templated":true}]}}