{"id":738810,"date":"2025-08-27T23:57:15","date_gmt":"2025-08-27T20:57:15","guid":{"rendered":"https:\/\/roveyayinevi.com.tr\/index.php\/urun\/ermeni-meselesinin-ic-yuzu-ingiliz-ermeni-cemiyeti\/"},"modified":"2026-04-16T02:48:56","modified_gmt":"2026-04-15T23:48:56","slug":"ermeni-meselesinin-ic-yuzu-ingiliz-ermeni-cemiyeti","status":"publish","type":"product","link":"https:\/\/roveyayinevi.com.tr\/index.php\/urun\/ermeni-meselesinin-ic-yuzu-ingiliz-ermeni-cemiyeti\/","title":{"rendered":"Ermeni Meselesinin \u0130\u00e7 Y\u00fcz\u00fc- \u0130ngiliz &#8211; Ermeni Cemiyeti"},"content":{"rendered":"<p>\u0130\u00e7indekiler   1.      B\u00d6L\u00dcM \u0130NG\u0130L\u0130Z \u2013 ERMEN\u0130 CEM\u0130YET\u0130\u2019N\u0130N TE\u015eK\u0130L\u0130, AMACI VE TE\u015eK\u0130LAT YAPISI   2.      B\u00d6L\u00dcM \u0130NG\u0130L\u0130Z \u2013 ERMEN\u0130 CEM\u0130YET\u0130\u2019N\u0130N AKT\u0130F FAAL\u0130YET D\u00d6NEM\u0130 BA\u015eLANGICI: 1893 YILI   3.      B\u00d6L\u00dcM \u0130NG\u0130L\u0130Z \u2013 ERMEN\u0130 CEM\u0130YET\u0130\u2019N\u0130N 1894 YILI SLOGANI: SEBAT   4.      B\u00d6L\u00dcM \u0130NG\u0130L\u0130Z \u2013 ERMEN\u0130 CEM\u0130YET\u0130\u2019N\u0130N AKT\u0130F PROPAGANDA D\u00d6NEM\u0130: 1895 YILI          5.  B\u00d6L\u00dcM \u0130NG\u0130L\u0130Z \u2013 ERMEN\u0130 CEM\u0130YET\u0130\u2019N\u0130N 1896 YILI FAAL\u0130YETLER\u0130 6.      B\u00d6L\u00dcM \u0130NG\u0130L\u0130Z \u2013 ERMEN\u0130 CEM\u0130YET\u0130\u2019N\u0130N SON D\u00d6NEM FAAL\u0130YETLER\u0130 (1897- 1904)   <\/p>\n","protected":false},"excerpt":{"rendered":"<p>\u0130\u00e7indekiler 1. B\u00d6L\u00dcM \u0130NG\u0130L\u0130Z \u2013 ERMEN\u0130 CEM\u0130YET\u0130\u2019N\u0130N TE\u015eK\u0130L\u0130, AMACI VE TE\u015eK\u0130LAT YAPISI 2. B\u00d6L\u00dcM \u0130NG\u0130L\u0130Z \u2013 ERMEN\u0130 CEM\u0130YET\u0130\u2019N\u0130N AKT\u0130F FAAL\u0130YET D\u00d6NEM\u0130 BA\u015eLANGICI: 1893 YILI 3. B\u00d6L\u00dcM<span class=\"excerpt-hellip\"> [\u2026]<\/span><\/p>\n","protected":false},"featured_media":0,"template":"","meta":{"_monsterinsights_skip_tracking":false,"_monsterinsights_sitenote_active":false,"_monsterinsights_sitenote_note":"","_monsterinsights_sitenote_category":0},"product_brand":[],"product_cat":[13059,12337],"product_tag":[],"class_list":{"0":"post-738810","1":"product","2":"type-product","3":"status-publish","5":"product_cat-diger-politika-siyaset","6":"product_cat-politika-siyaset","7":"pa_cilt-ciltsiz","8":"pa_tur-kitap","9":"pa_yayinevi-gazi-kitabevi","10":"pa_yazar-emel-demir-gorur","12":"first","13":"instock","14":"sale","15":"shipping-taxable","16":"purchasable","17":"product-type-simple"},"_links":{"self":[{"href":"https:\/\/roveyayinevi.com.tr\/index.php\/wp-json\/wp\/v2\/product\/738810","targetHints":{"allow":["GET"]}}],"collection":[{"href":"https:\/\/roveyayinevi.com.tr\/index.php\/wp-json\/wp\/v2\/product"}],"about":[{"href":"https:\/\/roveyayinevi.com.tr\/index.php\/wp-json\/wp\/v2\/types\/product"}],"wp:attachment":[{"href":"https:\/\/roveyayinevi.com.tr\/index.php\/wp-json\/wp\/v2\/media?parent=738810"}],"wp:term":[{"taxonomy":"product_brand","embeddable":true,"href":"https:\/\/roveyayinevi.com.tr\/index.php\/wp-json\/wp\/v2\/product_brand?post=738810"},{"taxonomy":"product_cat","embeddable":true,"href":"https:\/\/roveyayinevi.com.tr\/index.php\/wp-json\/wp\/v2\/product_cat?post=738810"},{"taxonomy":"product_tag","embeddable":true,"href":"https:\/\/roveyayinevi.com.tr\/index.php\/wp-json\/wp\/v2\/product_tag?post=738810"}],"curies":[{"name":"wp","href":"https:\/\/api.w.org\/{rel}","templated":true}]}}