{"id":738809,"date":"2025-08-27T23:57:14","date_gmt":"2025-08-27T20:57:14","guid":{"rendered":"https:\/\/roveyayinevi.com.tr\/index.php\/urun\/bilimsel-acidan-yonetim-strateji-organizasyon-konulari\/"},"modified":"2026-04-16T02:48:56","modified_gmt":"2026-04-15T23:48:56","slug":"bilimsel-acidan-yonetim-strateji-organizasyon-konulari","status":"publish","type":"product","link":"https:\/\/roveyayinevi.com.tr\/index.php\/urun\/bilimsel-acidan-yonetim-strateji-organizasyon-konulari\/","title":{"rendered":"Bilimsel A\u00e7\u0131dan Y\u00f6netim &#8211; Strateji &#8211; Organizasyon Konular\u0131"},"content":{"rendered":"<p>\u0130\u00e7indekiler   \u00b7         Applying the Theory of Mind to Organizations \u00b7         Reputation Management in Organizations as a Strategy Development Tool \u00b7         Green Logistics Applications and Ambidextrous Logistics Organizations \u00b7         A Phenomenological Study of Academy Mobbing \u00b7         Yerel Y\u00f6netimlerin Vergilendirme Yetkisi: Anayasa Mahkemesi Kararlar\u0131 I\u015f\u0131\u011f\u0131nda T\u00fcrkiye \u00dczerine Bir \u0130nceleme  \u00b7         \u0130\u015fletme Y\u00f6netimi A\u00e7\u0131s\u0131ndan Sanal Organizasyonlara G\u00fcncel Bir Bak\u0131\u015f \u00b7         Neo-Kurumsal Kuram ve Kurumsal Y\u00f6netim \u0130lkelerinin \u00c7al\u0131\u015fma Ortam\u0131 Kalitesine Etkisinde Cinsiyete G\u00f6re Fark Analizi \u00b7         Kurumsal S\u00fcrd\u00fcr\u00fclebilirlikte \u0130nsan Kaynaklar\u0131 Y\u00f6netiminin \u00d6nemi \u00b7         Dijitalle\u015fme I\u015f\u0131\u011f\u0131nda \u00d6nce \u0130nsan \u00d6nce Toplum: Toplum 5.0 Paradigmas\u0131 \u00b7         Dijital \u00c7a\u011fda Merkezi Y\u00f6netim Sistemi\u2019nden Serbest Ekonomiye Ge\u00e7en Toplumlarda Sorunlar ve Bir Model Yakla\u015f\u0131m\u0131 \u00b7         Sa\u011fl\u0131k Hizmetlerinde Dijital D\u00f6n\u00fc\u015f\u00fcm ve Toplumsal De\u011fi\u015fim \u00b7         Karar Destek Sistemlerinin Stratejik Y\u00f6netim S\u00fcrecine Etkisi \u00dczerine Bir De\u011ferlendirme \u00b7         Fonksiyonel Bilgi Sistemlerinin Stratejik Y\u00f6netim S\u00fcrecine Etkisi \u00dczerine Bir De\u011ferlendirme \u00b7         Stratejik Y\u00f6netim D\u00fc\u015f\u00fcncesinde Giri\u015fimci Fenomenine Ele\u015ftiriler ve Okulun Yan\u0131tlar\u0131 \u00b7         Stratejinin \u00dc\u00e7aya\u011f\u0131 Perspektifi: Kaynak Temelli G\u00f6r\u00fc\u015f Kurum Temelli G\u00f6r\u00fc\u015f ve End\u00fcstri Temelli G\u00f6r\u00fc\u015f \u00b7         Deniz Ta\u015f\u0131mac\u0131l\u0131\u011f\u0131 ve Emniyet K\u00fclt\u00fcr\u00fc \u00b7         Kent Haklar\u0131 \u0130\u00e7in \u201cSessizli\u011fin Sesi\u201d Olmak \u00b7         Kariyer Giri\u015fimcili\u011finde Bireysel Yetenek \u0130novasyonu \u00b7         unus Emre\u2019nin A\u015fk Felsefesi \u0130\u015fyerinde Ya\u015fanan Mobbing Davran\u0131\u015flar\u0131n\u0131 \u00d6nleyebilir mi? Kamu \u00c7al\u0131\u015fanlar\u0131n\u0131n G\u00f6r\u00fc\u015flerini Belirlemeye Y\u00f6nelik Nitel Bir \u00c7al\u0131\u015fma \u00b7         T\u00fcketicilerin Organik G\u0131da Sat\u0131n Almalar\u0131nda Motivasyon Unsurlar\u0131n\u0131n \u00d6nemi \u00b7         \u00d6rg\u00fctsel Ekoloji Kuram\u0131 \u00b7         \u00d6rg\u00fctsel Ekoloji ve Covid-19 Pandemisi: T\u00fcrkiye\u2019de K\u00fclt\u00fcr, Sanat, E\u011flence, Dinlence ve Spor Sekt\u00f6rlerinin De\u011ferlendirilmesi \u00b7         \u00d6rg\u00fctsel Travma: Covid-19 Pandemi S\u00fcrecine \u0130li\u015fkin Nitel Bir Ara\u015ft\u0131rma \u00b7         \u00d6rg\u00fctsel Davran\u0131\u015f Ara\u015ft\u0131rmalar\u0131nda Yap\u0131sal E\u015fitlik Modellemesi ve Yapay Sinir A\u011flar\u0131 Y\u00f6ntemlerinin Kar\u015f\u0131la\u015ft\u0131rmal\u0131 Analizi \u00b7         \u00d6rg\u00fctlerde Motivasyon S\u00fcreci, Teorileri ve Ara\u00e7lar\u0131 \u00b7         Ba\u011flam\u0131n \u00d6rg\u00fctsel Davran\u0131\u015f Alan\u0131ndaki Yeri ve \u00d6nemi \u00b7         \u00c7al\u0131\u015fanlar\u0131n Ahlaki \u0130nan\u00e7lar\u0131n\u0131n \u00c7evreci Davran\u0131\u015flara Etkisinin \u0130ncelenmesi \u00b7         Geri D\u00f6n\u00fc\u015f\u00fcm Konusunda Yap\u0131lan Bilimsel \u00c7al\u0131\u015fmalar\u0131n \u0130ncelenmesi: T\u00fcrkiye Ekseninde Bir \u0130nceleme \u0130mparatorlu\u011fun Son Y\u0131llar\u0131 ve Erken Cumhuriyet D\u00f6neminde \u00dcz\u00fcm\u00fcn \u00d6rg\u00fctsel  Yap\u0131lara D\u00f6n\u00fc\u015f\u00fcm\u00fc   <\/p>\n","protected":false},"excerpt":{"rendered":"<p>\u0130\u00e7indekiler \u00b7 Applying the Theory of Mind to Organizations \u00b7 Reputation Management in Organizations as a Strategy Development Tool \u00b7 Green Logistics Applications and Ambidextrous Logistics<span class=\"excerpt-hellip\"> [\u2026]<\/span><\/p>\n","protected":false},"featured_media":0,"template":"","meta":{"_monsterinsights_skip_tracking":false,"_monsterinsights_sitenote_active":false,"_monsterinsights_sitenote_note":"","_monsterinsights_sitenote_category":0},"product_brand":[],"product_cat":[14841,13043],"product_tag":[],"class_list":{"0":"post-738809","1":"product","2":"type-product","3":"status-publish","5":"product_cat-arastirma-inceleme-kuram","6":"product_cat-ekonomi","7":"pa_cilt-ciltsiz","8":"pa_tur-kitap","9":"pa_yayinevi-gazi-kitabevi","10":"pa_yazar-sahin-karabulut","12":"first","13":"instock","14":"sale","15":"shipping-taxable","16":"purchasable","17":"product-type-simple"},"_links":{"self":[{"href":"https:\/\/roveyayinevi.com.tr\/index.php\/wp-json\/wp\/v2\/product\/738809","targetHints":{"allow":["GET"]}}],"collection":[{"href":"https:\/\/roveyayinevi.com.tr\/index.php\/wp-json\/wp\/v2\/product"}],"about":[{"href":"https:\/\/roveyayinevi.com.tr\/index.php\/wp-json\/wp\/v2\/types\/product"}],"wp:attachment":[{"href":"https:\/\/roveyayinevi.com.tr\/index.php\/wp-json\/wp\/v2\/media?parent=738809"}],"wp:term":[{"taxonomy":"product_brand","embeddable":true,"href":"https:\/\/roveyayinevi.com.tr\/index.php\/wp-json\/wp\/v2\/product_brand?post=738809"},{"taxonomy":"product_cat","embeddable":true,"href":"https:\/\/roveyayinevi.com.tr\/index.php\/wp-json\/wp\/v2\/product_cat?post=738809"},{"taxonomy":"product_tag","embeddable":true,"href":"https:\/\/roveyayinevi.com.tr\/index.php\/wp-json\/wp\/v2\/product_tag?post=738809"}],"curies":[{"name":"wp","href":"https:\/\/api.w.org\/{rel}","templated":true}]}}