{"id":738807,"date":"2025-08-27T23:57:13","date_gmt":"2025-08-27T20:57:13","guid":{"rendered":"https:\/\/roveyayinevi.com.tr\/index.php\/urun\/bilissel-gelisim\/"},"modified":"2026-04-16T02:48:56","modified_gmt":"2026-04-15T23:48:56","slug":"bilissel-gelisim","status":"publish","type":"product","link":"https:\/\/roveyayinevi.com.tr\/index.php\/urun\/bilissel-gelisim\/","title":{"rendered":"Bili\u015fsel Geli\u015fim"},"content":{"rendered":"<p>Do\u011fum \u00f6ncesinden ba\u015flayan bir mucizenin geli\u015fimidir \u00e7ocuk\u2026 Ge\u00e7mi\u015ften g\u00fcn\u00fcm\u00fcze d\u00fc\u015f\u00fcn\u00fcrlerin, bilim insanlar\u0131n\u0131n, e\u011fitimcilerin kendi bak\u0131\u015f a\u00e7\u0131lar\u0131yla tan\u0131mlamaya \u00e7al\u0131\u015ft\u0131klar\u0131 \u00e7ocukluk d\u00f6nemi ise masumiyetten bili\u015fsel yap\u0131ya, cinsellikten fiziksel geli\u015fime, ileti\u015fim becerilerinden inovatif d\u00fc\u015f\u00fcnmeye kadar geli\u015fimin h\u0131zl\u0131 ak\u0131\u015f\u0131n\u0131 g\u00f6zler \u00f6n\u00fcne seren bir s\u00fcreci kapsamakta, bu s\u00fcrecin bili\u015fsel geli\u015fim boyutu ise ola\u011fan\u00fcst\u00fc de\u011fi\u015fimlerle kendini g\u00f6stermektedir. Bu de\u011fi\u015fimleri anlamak ve i\u00e7selle\u015ftirmek amac\u0131yla olu\u015fturdu\u011fumuz Bili\u015fsel Geli\u015fim kitab\u0131m\u0131zda tan\u0131mlar ve temel kavramlar, bili\u015fsel geli\u015fim s\u00fcre\u00e7leri, kuramlar, etkileyen etmenler ve risk fakt\u00f6rleri, bili\u015fsel geli\u015fim d\u00f6nemleri ile geli\u015fimin de\u011ferlendirilmesi ve desteklenmesi ba\u015fl\u0131klar\u0131na yer verilmi\u015ftir. Kavramsal ve kuramsal detayland\u0131rman\u0131n devam\u0131nda \u00f6zel konular ele al\u0131nm\u0131\u015f, m\u00fczik-dans, g\u00f6rsel sanatlar, resimli \u00e7ocuk kitaplar\u0131, oyun, aile kat\u0131l\u0131m\u0131 ve travmatik ya\u015fant\u0131lar, bili\u015fsel geli\u015fim paydas\u0131nda irdelenmi\u015f, program geli\u015ftirme s\u00fcrecinde bili\u015fsel geli\u015fimin yeri ve \u00f6nemi de ayr\u0131nt\u0131l\u0131 olarak a\u00e7\u0131klanm\u0131\u015ft\u0131r. Akademik kariyer yolculuklar\u0131n\u0131n ba\u015f\u0131ndaki gen\u00e7, dinamik, idealist ve \u00fcretken bir ekiple yola \u00e7\u0131kt\u0131\u011f\u0131m bu kitapta, konu alanlar\u0131yla ilgili en g\u00fcncel alanyaz\u0131n bilgilerinden derlenen b\u00f6l\u00fcmler, siz de\u011ferli okuyucular\u0131m\u0131z\u0131n be\u011fenisine sunulmu\u015ftur. Ya\u015fam\u0131nda \u00e7ocuk olan, \u00e7ocu\u011fu tan\u0131mak ve anlamak i\u00e7in \u00e7abalayan, mesle\u011fi gere\u011fi \u00e7ocukla \u00e7al\u0131\u015fan herkesin yararlanabilece\u011fi bir kaynak niteli\u011finde olan kitab\u0131m\u0131z\u0131n alana katk\u0131 sa\u011flamas\u0131 \u00fcmidiyle\u2026<\/p>\n","protected":false},"excerpt":{"rendered":"<p>Do\u011fum \u00f6ncesinden ba\u015flayan bir mucizenin geli\u015fimidir \u00e7ocuk\u2026 Ge\u00e7mi\u015ften g\u00fcn\u00fcm\u00fcze d\u00fc\u015f\u00fcn\u00fcrlerin, bilim insanlar\u0131n\u0131n, e\u011fitimcilerin kendi bak\u0131\u015f a\u00e7\u0131lar\u0131yla tan\u0131mlamaya \u00e7al\u0131\u015ft\u0131klar\u0131 \u00e7ocukluk d\u00f6nemi ise masumiyetten bili\u015fsel yap\u0131ya, cinsellikten fiziksel<span class=\"excerpt-hellip\"> [\u2026]<\/span><\/p>\n","protected":false},"featured_media":0,"template":"","meta":{"_monsterinsights_skip_tracking":false,"_monsterinsights_sitenote_active":false,"_monsterinsights_sitenote_note":"","_monsterinsights_sitenote_category":0},"product_brand":[],"product_cat":[12567,12566],"product_tag":[],"class_list":{"0":"post-738807","1":"product","2":"type-product","3":"status-publish","5":"product_cat-diger-egitim","6":"product_cat-egitim","7":"pa_cilt-ciltsiz","8":"pa_tur-kitap","9":"pa_yayinevi-egiten-kitap","10":"pa_yazar-kolektif","12":"first","13":"instock","14":"sale","15":"shipping-taxable","16":"purchasable","17":"product-type-simple"},"_links":{"self":[{"href":"https:\/\/roveyayinevi.com.tr\/index.php\/wp-json\/wp\/v2\/product\/738807","targetHints":{"allow":["GET"]}}],"collection":[{"href":"https:\/\/roveyayinevi.com.tr\/index.php\/wp-json\/wp\/v2\/product"}],"about":[{"href":"https:\/\/roveyayinevi.com.tr\/index.php\/wp-json\/wp\/v2\/types\/product"}],"wp:attachment":[{"href":"https:\/\/roveyayinevi.com.tr\/index.php\/wp-json\/wp\/v2\/media?parent=738807"}],"wp:term":[{"taxonomy":"product_brand","embeddable":true,"href":"https:\/\/roveyayinevi.com.tr\/index.php\/wp-json\/wp\/v2\/product_brand?post=738807"},{"taxonomy":"product_cat","embeddable":true,"href":"https:\/\/roveyayinevi.com.tr\/index.php\/wp-json\/wp\/v2\/product_cat?post=738807"},{"taxonomy":"product_tag","embeddable":true,"href":"https:\/\/roveyayinevi.com.tr\/index.php\/wp-json\/wp\/v2\/product_tag?post=738807"}],"curies":[{"name":"wp","href":"https:\/\/api.w.org\/{rel}","templated":true}]}}