{"id":738806,"date":"2025-08-27T23:57:12","date_gmt":"2025-08-27T20:57:12","guid":{"rendered":"https:\/\/roveyayinevi.com.tr\/index.php\/urun\/hayat-bilgisi-ogretimi\/"},"modified":"2026-04-16T02:48:56","modified_gmt":"2026-04-15T23:48:56","slug":"hayat-bilgisi-ogretimi","status":"publish","type":"product","link":"https:\/\/roveyayinevi.com.tr\/index.php\/urun\/hayat-bilgisi-ogretimi\/","title":{"rendered":"Hayat Bilgisi \u00d6\u011fretimi"},"content":{"rendered":"<p>Hayat Bilgisi hayat\u0131n bilgisini i\u00e7ermektedir. Hayat\u0131n bilgisi ya\u015fan\u0131lan \u00e7a\u011f\u0131n gereklilikleri do\u011frultusunda de\u011fi\u015fmekte ve \u00e7e\u015fitlenmektedir. Bilim ve teknolojide ya\u015fanan h\u0131zl\u0131 de\u011fi\u015fim, toplumun ve bireyin ihtiya\u00e7lar\u0131n\u0131n de\u011fi\u015fimi, toplumun ve bireyin geli\u015fimi, de\u011fi\u015fimi i\u00e7in gerekli \u00f6\u011frenme \u00f6\u011fretme yakla\u015f\u0131m ve y\u00f6ntemlerinin de\u011fi\u015fimi sosyal bilimlerde hep en iyiyi aramaya y\u00f6nlendirmektedir. Toplumun aray\u0131\u015f i\u00e7erisinde oldu\u011fu problem \u00e7\u00f6zme becerisine sahip, ele\u015ftirel d\u00fc\u015f\u00fcnebilen, soran, sorgulayan, ara\u015ft\u0131ran, analiz yapabilen, de\u011ferlendiren ve \u00fcretim yapabilen bireylerin yeti\u015ftirilmesi i\u00e7in hayat\u0131n bilgisine ve becerisine sahip bireylerin yeti\u015ftirilmesi gerekmektedir. Bu nedenle Hayat Bilgisi \u00d6\u011fretimi kitab\u0131nda alan\u0131n uzman\u0131 olan de\u011ferli bilim insanlar\u0131 her bir b\u00f6l\u00fcmde \u00f6zveriyle \u00e7al\u0131\u015farak hem teorik bilgileri hem de uygulamaya d\u00f6n\u00fck etkinlikleri siz de\u011ferli okurlar\u0131n hizmetine sunmu\u015flard\u0131r.<\/p>\n","protected":false},"excerpt":{"rendered":"<p>Hayat Bilgisi hayat\u0131n bilgisini i\u00e7ermektedir. Hayat\u0131n bilgisi ya\u015fan\u0131lan \u00e7a\u011f\u0131n gereklilikleri do\u011frultusunda de\u011fi\u015fmekte ve \u00e7e\u015fitlenmektedir. Bilim ve teknolojide ya\u015fanan h\u0131zl\u0131 de\u011fi\u015fim, toplumun ve bireyin ihtiya\u00e7lar\u0131n\u0131n de\u011fi\u015fimi, toplumun<span class=\"excerpt-hellip\"> [\u2026]<\/span><\/p>\n","protected":false},"featured_media":0,"template":"","meta":{"_monsterinsights_skip_tracking":false,"_monsterinsights_sitenote_active":false,"_monsterinsights_sitenote_note":"","_monsterinsights_sitenote_category":0},"product_brand":[],"product_cat":[12573,12566],"product_tag":[],"class_list":{"0":"post-738806","1":"product","2":"type-product","3":"status-publish","5":"product_cat-akademik-kitaplar","6":"product_cat-egitim","7":"pa_cilt-ciltsiz","8":"pa_tur-kitap","9":"pa_yayinevi-egiten-kitap","10":"pa_yazar-sabri-sidekli","12":"first","13":"instock","14":"sale","15":"shipping-taxable","16":"purchasable","17":"product-type-simple"},"_links":{"self":[{"href":"https:\/\/roveyayinevi.com.tr\/index.php\/wp-json\/wp\/v2\/product\/738806","targetHints":{"allow":["GET"]}}],"collection":[{"href":"https:\/\/roveyayinevi.com.tr\/index.php\/wp-json\/wp\/v2\/product"}],"about":[{"href":"https:\/\/roveyayinevi.com.tr\/index.php\/wp-json\/wp\/v2\/types\/product"}],"wp:attachment":[{"href":"https:\/\/roveyayinevi.com.tr\/index.php\/wp-json\/wp\/v2\/media?parent=738806"}],"wp:term":[{"taxonomy":"product_brand","embeddable":true,"href":"https:\/\/roveyayinevi.com.tr\/index.php\/wp-json\/wp\/v2\/product_brand?post=738806"},{"taxonomy":"product_cat","embeddable":true,"href":"https:\/\/roveyayinevi.com.tr\/index.php\/wp-json\/wp\/v2\/product_cat?post=738806"},{"taxonomy":"product_tag","embeddable":true,"href":"https:\/\/roveyayinevi.com.tr\/index.php\/wp-json\/wp\/v2\/product_tag?post=738806"}],"curies":[{"name":"wp","href":"https:\/\/api.w.org\/{rel}","templated":true}]}}