{"id":738805,"date":"2025-08-27T23:57:11","date_gmt":"2025-08-27T20:57:11","guid":{"rendered":"https:\/\/roveyayinevi.com.tr\/index.php\/urun\/ilkokulda-sosyal-bilgiler-ogretimi\/"},"modified":"2026-04-16T02:48:56","modified_gmt":"2026-04-15T23:48:56","slug":"ilkokulda-sosyal-bilgiler-ogretimi","status":"publish","type":"product","link":"https:\/\/roveyayinevi.com.tr\/index.php\/urun\/ilkokulda-sosyal-bilgiler-ogretimi\/","title":{"rendered":"\u0130lkokulda Sosyal Bilgiler \u00d6\u011fretimi"},"content":{"rendered":"<p>Kitab\u0131m\u0131z\u0131n i\u00e7eri\u011finde sekiz farkl\u0131 okuryazarl\u0131k alan\u0131na yer verdik. Ayn\u0131 zamanda bunlar her bir b\u00f6l\u00fcm\u00fcn de ba\u015fl\u0131\u011f\u0131 oldu. Kitab\u0131m\u0131z\u0131n birinci b\u00f6l\u00fcm\u00fcnde &#8220;Bilimsel Okuryazarl\u0131k\u201d, ikinci b\u00f6l\u00fcm\u00fcnde &#8220;Co\u011frafya Okuryazarl\u0131\u011f\u0131\u201d, \u00fc\u00e7\u00fcnc\u00fc b\u00f6l\u00fcm\u00fcnde &#8220;\u00c7evre Okuryazarl\u0131\u011f\u0131\u201d, d\u00f6rd\u00fcnc\u00fc b\u00f6l\u00fcm\u00fcnde &#8220;Dijital Okuryazarl\u0131k\u201d, be\u015finci b\u00f6l\u00fcm\u00fcnde &#8220;Duygusal Okuryazarl\u0131k\u201d, alt\u0131nc\u0131 b\u00f6l\u00fcm\u00fcnde &#8220;Ekonomi Okuryazarl\u0131\u011f\u0131\u201d, yedinci b\u00f6l\u00fcm\u00fcnde &#8220;Tarih Okuryazarl\u0131\u011f\u0131\u201d ve sekizinci b\u00f6l\u00fcm\u00fcnde ise &#8220;Yurtta\u015fl\u0131k Okuryazarl\u0131\u011f\u0131\u201d ele al\u0131nd\u0131. B\u00f6l\u00fcmler i\u00e7erisinde ilgili okuryazarl\u0131k alan\u0131 ve sosyal bilgiler ili\u015fkisi ele al\u0131narak ard\u0131ndan etkinlik \u00f6rneklerine yer verildi.<\/p>\n","protected":false},"excerpt":{"rendered":"<p>Kitab\u0131m\u0131z\u0131n i\u00e7eri\u011finde sekiz farkl\u0131 okuryazarl\u0131k alan\u0131na yer verdik. Ayn\u0131 zamanda bunlar her bir b\u00f6l\u00fcm\u00fcn de ba\u015fl\u0131\u011f\u0131 oldu. Kitab\u0131m\u0131z\u0131n birinci b\u00f6l\u00fcm\u00fcnde &#8220;Bilimsel Okuryazarl\u0131k\u201d, ikinci b\u00f6l\u00fcm\u00fcnde &#8220;Co\u011frafya Okuryazarl\u0131\u011f\u0131\u201d,<span class=\"excerpt-hellip\"> [\u2026]<\/span><\/p>\n","protected":false},"featured_media":0,"template":"","meta":{"_monsterinsights_skip_tracking":false,"_monsterinsights_sitenote_active":false,"_monsterinsights_sitenote_note":"","_monsterinsights_sitenote_category":0},"product_brand":[],"product_cat":[12573,12566],"product_tag":[],"class_list":{"0":"post-738805","1":"product","2":"type-product","3":"status-publish","5":"product_cat-akademik-kitaplar","6":"product_cat-egitim","7":"pa_cilt-ciltsiz","8":"pa_tur-kitap","9":"pa_yayinevi-egiten-kitap","10":"pa_yazar-kolektif","12":"first","13":"instock","14":"sale","15":"shipping-taxable","16":"purchasable","17":"product-type-simple"},"_links":{"self":[{"href":"https:\/\/roveyayinevi.com.tr\/index.php\/wp-json\/wp\/v2\/product\/738805","targetHints":{"allow":["GET"]}}],"collection":[{"href":"https:\/\/roveyayinevi.com.tr\/index.php\/wp-json\/wp\/v2\/product"}],"about":[{"href":"https:\/\/roveyayinevi.com.tr\/index.php\/wp-json\/wp\/v2\/types\/product"}],"wp:attachment":[{"href":"https:\/\/roveyayinevi.com.tr\/index.php\/wp-json\/wp\/v2\/media?parent=738805"}],"wp:term":[{"taxonomy":"product_brand","embeddable":true,"href":"https:\/\/roveyayinevi.com.tr\/index.php\/wp-json\/wp\/v2\/product_brand?post=738805"},{"taxonomy":"product_cat","embeddable":true,"href":"https:\/\/roveyayinevi.com.tr\/index.php\/wp-json\/wp\/v2\/product_cat?post=738805"},{"taxonomy":"product_tag","embeddable":true,"href":"https:\/\/roveyayinevi.com.tr\/index.php\/wp-json\/wp\/v2\/product_tag?post=738805"}],"curies":[{"name":"wp","href":"https:\/\/api.w.org\/{rel}","templated":true}]}}