{"id":738804,"date":"2025-08-27T23:57:10","date_gmt":"2025-08-27T20:57:10","guid":{"rendered":"https:\/\/roveyayinevi.com.tr\/index.php\/urun\/alternatif-yontemlerle-cocuk-kitaplarindaki-degerler\/"},"modified":"2026-04-16T02:48:56","modified_gmt":"2026-04-15T23:48:56","slug":"alternatif-yontemlerle-cocuk-kitaplarindaki-degerler","status":"publish","type":"product","link":"https:\/\/roveyayinevi.com.tr\/index.php\/urun\/alternatif-yontemlerle-cocuk-kitaplarindaki-degerler\/","title":{"rendered":"Alternatif Y\u00f6ntemlerle \u00c7ocuk Kitaplar\u0131ndaki De\u011ferler"},"content":{"rendered":"<p>De\u011ferlerin gelecek nesillere aktar\u0131lmas\u0131nda ve topumdaki bireylerin bu de\u011ferlerle b\u00fct\u00fcnle\u015fmesinde \u00f6nemli rol oynayan de\u011ferler e\u011fitimi, ya\u015famdaki yol g\u00f6sterici ilkelerin i\u00e7selle\u015ftirilmesine olanak tan\u0131makta ve bu sayede toplumlar\u0131n daha sa\u011flam bir temele dayanarak geli\u015fmelerinin \u00f6n\u00fcn\u00fc a\u00e7maktad\u0131r. De\u011ferler e\u011fitiminde \u00f6ne \u00e7\u0131kan pek \u00e7ok y\u00f6ntem ve teknik bulunmakla birlikte alan yaz\u0131n incelendi\u011finde \u00e7ocuk kitaplar\u0131n\u0131n da bu noktada\u00f6nemli bir role sahip oldu\u011fu g\u00f6r\u00fclmektedir. \u00c7ocuklar\u0131n yarat\u0131c\u0131 d\u00fc\u015f\u00fcnmelerine, olaylara farkl\u0131 perspektiflerden bakmalar\u0131na ve hayal d\u00fcnyalar\u0131n\u0131 zenginle\u015ftirmelerine imk\u00e2n vermenin yan\u0131 s\u0131ra sundu\u011fu zengin ya\u015fant\u0131larla bili\u015fsel geli\u015fimlerini de destekleyen \u00e7ocuk kitaplar\u0131, toplumun gelece\u011fini \u015fekillendirecek olan \u00e7ocuklara de\u011ferlerin kazand\u0131r\u0131lmas\u0131nda kullan\u0131labilecek etkili bir ara\u00e7t\u0131r. \u00c7ocuklar bu kitaplarda yer alan karakterler arac\u0131l\u0131\u011f\u0131yla iyiyi, k\u00f6t\u00fcy\u00fc, do\u011fruyu, yanl\u0131\u015f\u0131 \u00f6\u011frenmekte; olay \u00f6rg\u00fcs\u00fcnden ve resimlerden yola \u00e7\u0131karak ya\u015fama ili\u015fkin \u00e7\u0131kar\u0131mlar yapabilmektedirler. Bu ba\u011flamda hangi davran\u0131\u015flar\u0131n kabul edilebilir oldu\u011funu, hangilerinin toplumsal ya\u015fam\u0131n ilkelerine ayk\u0131r\u0131 oldu\u011funu g\u00f6rebilmekte ve uygun davran\u0131\u015f kal\u0131plar\u0131n\u0131 belirleyerek bu do\u011frultuda hareket edebilmektedirler. \u00c7ocuklar\u0131n bu kazan\u0131mlara ula\u015fmalar\u0131 i\u00e7in do\u011frudan ahlaki mesaj verme ve nasihatte bulunma yolunu tercih eden kitaplar yerine, inand\u0131r\u0131c\u0131 karakterlerin yer ald\u0131\u011f\u0131 ve anlam derinli\u011fine sahip olan kitaplar\u0131n tercih edilmesi gerekmektedir.Nitelikli \u00e7ocuk kitaplar\u0131n\u0131n g\u00fcc\u00fcnden ve ekibimizin motivasyonundan yola \u00e7\u0131karak keyifli bir yaz\u0131m s\u00fcrecinin sonunda tamamlanan kitab\u0131m\u0131z, belirtilen ama\u00e7lara hizmet etme noktas\u0131nda olduk\u00e7a \u00f6nem ta\u015f\u0131maktad\u0131r.Alternatif y\u00f6ntem ve tekniklerle \u00e7ocuk kitaplar\u0131ndaki de\u011ferleri i\u015fledi\u011fimiz ve haz\u0131rlad\u0131\u011f\u0131m\u0131z \u00f6rnek ders planlar\u0131 ile uygulama s\u00fcrecini somut hale getirdi\u011fimiz bu kitab\u0131n ba\u015fta s\u0131n\u0131f \u00f6\u011fretmenleri ve s\u0131n\u0131f \u00f6\u011fretmeni adaylar\u0131 olmak \u00fczere, de\u011ferler e\u011fitiminde \u00e7ocuk kitaplar\u0131n\u0131 bir ara\u00e7 olarak kullanmak isteyen t\u00fcm e\u011fitmenlere katk\u0131 sa\u011flamas\u0131n\u0131 \u00fcmit ediyoruz.Bu s\u00fcre\u00e7te emek veren E\u011fiten Kitap ekibine ve \u00e7ok de\u011ferli Genel Yay\u0131n Koordinat\u00f6r\u00fcm\u00fcz \u00d6zg\u00fcr Do\u011fan\u2019a i\u00e7ten te\u015fekk\u00fcrlerimizi sunuyoruz.<\/p>\n","protected":false},"excerpt":{"rendered":"<p>De\u011ferlerin gelecek nesillere aktar\u0131lmas\u0131nda ve topumdaki bireylerin bu de\u011ferlerle b\u00fct\u00fcnle\u015fmesinde \u00f6nemli rol oynayan de\u011ferler e\u011fitimi, ya\u015famdaki yol g\u00f6sterici ilkelerin i\u00e7selle\u015ftirilmesine olanak tan\u0131makta ve bu sayede toplumlar\u0131n<span class=\"excerpt-hellip\"> [\u2026]<\/span><\/p>\n","protected":false},"featured_media":0,"template":"","meta":{"_monsterinsights_skip_tracking":false,"_monsterinsights_sitenote_active":false,"_monsterinsights_sitenote_note":"","_monsterinsights_sitenote_category":0},"product_brand":[],"product_cat":[12567,12566],"product_tag":[],"class_list":{"0":"post-738804","1":"product","2":"type-product","3":"status-publish","5":"product_cat-diger-egitim","6":"product_cat-egitim","7":"pa_cilt-ciltsiz","8":"pa_tur-kitap","9":"pa_yayinevi-egiten-kitap","10":"pa_yazar-kolektif","12":"first","13":"instock","14":"sale","15":"shipping-taxable","16":"purchasable","17":"product-type-simple"},"_links":{"self":[{"href":"https:\/\/roveyayinevi.com.tr\/index.php\/wp-json\/wp\/v2\/product\/738804","targetHints":{"allow":["GET"]}}],"collection":[{"href":"https:\/\/roveyayinevi.com.tr\/index.php\/wp-json\/wp\/v2\/product"}],"about":[{"href":"https:\/\/roveyayinevi.com.tr\/index.php\/wp-json\/wp\/v2\/types\/product"}],"wp:attachment":[{"href":"https:\/\/roveyayinevi.com.tr\/index.php\/wp-json\/wp\/v2\/media?parent=738804"}],"wp:term":[{"taxonomy":"product_brand","embeddable":true,"href":"https:\/\/roveyayinevi.com.tr\/index.php\/wp-json\/wp\/v2\/product_brand?post=738804"},{"taxonomy":"product_cat","embeddable":true,"href":"https:\/\/roveyayinevi.com.tr\/index.php\/wp-json\/wp\/v2\/product_cat?post=738804"},{"taxonomy":"product_tag","embeddable":true,"href":"https:\/\/roveyayinevi.com.tr\/index.php\/wp-json\/wp\/v2\/product_tag?post=738804"}],"curies":[{"name":"wp","href":"https:\/\/api.w.org\/{rel}","templated":true}]}}