{"id":738803,"date":"2025-08-27T23:57:09","date_gmt":"2025-08-27T20:57:09","guid":{"rendered":"https:\/\/roveyayinevi.com.tr\/index.php\/urun\/erzuruma-yolculuk-2\/"},"modified":"2026-04-16T02:48:55","modified_gmt":"2026-04-15T23:48:55","slug":"erzuruma-yolculuk-2","status":"publish","type":"product","link":"https:\/\/roveyayinevi.com.tr\/index.php\/urun\/erzuruma-yolculuk-2\/","title":{"rendered":"Erzurum\u2019a Yolculuk"},"content":{"rendered":"<p>Rus edebiyat\u0131n\u0131n alt\u0131n \u00e7a\u011f\u0131n\u0131n ba\u015flamas\u0131 bir ki\u015fiyle ili\u015fkilendirilecekse, bu ki\u015fi ku\u015fkusuz Aleksandr Sergeyevi\u00e7 Pu\u015fkin\u2019den ba\u015fkas\u0131 olamaz. Pu\u015fkin bug\u00fcne kadar Rusya\u2019da eserleri en \u00e7ok bas\u0131lan ve okunan edebiyat\u00e7\u0131d\u0131r. Yazar, Dekabrist ayaklanmas\u0131na kat\u0131ld\u0131klar\u0131 i\u00e7in Kafkasya\u2019ya s\u00fcr\u00fclen dostlar\u0131n\u0131n pe\u015finden 1829 y\u0131l\u0131nda Erzurum\u2019a gider. Tiflis \u00fczerinden Erzurum\u2019a kadar yapt\u0131\u011f\u0131 yolculuk boyunca kar\u015f\u0131la\u015ft\u0131\u011f\u0131 yerleri ve insanlar\u0131 anlat\u0131r. \u00dcnl\u00fc \u015fairin d\u00fczyaz\u0131 olarak kaleme ald\u0131\u011f\u0131 bu seyahatname, daha \u00f6nce yazd\u0131\u011f\u0131 \u015fiirlerinin aksine romantizmden uzak bir dille yaz\u0131lm\u0131\u015f olsa da Rus oryantalizminin ve kendi medeniyet anlay\u0131\u015f\u0131n\u0131n izlerini ta\u015f\u0131r. Buna ra\u011fmen d\u00f6nemin Kafkasya ve Anadolu co\u011frafyas\u0131na ve burada ya\u015fayan halklara dair e\u015fsiz bir anlat\u0131 olarak okunmas\u0131 gereken bir kitapt\u0131r. \u201cMuktedirlerin himayesine muhta\u00e7 olmayan insan, onlar\u0131n samimiyetine ve misafirperverli\u011fine k\u0131ymet verir, zira onlardan ba\u015fka bir \u015fey talep edemez. Nank\u00f6rl\u00fckle su\u00e7lama, ihmal edilebilir ele\u015ftiri ve edebi ta\u015flamalar gibi kar\u015f\u0131l\u0131ks\u0131z b\u0131rak\u0131lmamal\u0131d\u0131r. \u0130\u015fte bu nedenle bu \u00f6ns\u00f6z\u00fc bast\u0131rmaya ve 1829 Seferi hakk\u0131nda yazd\u0131\u011f\u0131m her \u015fey gibi yolculuk notlar\u0131m\u0131 da yay\u0131nlamaya karar verdim.\u201d A. Pu\u015fkin <\/p>\n","protected":false},"excerpt":{"rendered":"<p>Rus edebiyat\u0131n\u0131n alt\u0131n \u00e7a\u011f\u0131n\u0131n ba\u015flamas\u0131 bir ki\u015fiyle ili\u015fkilendirilecekse, bu ki\u015fi ku\u015fkusuz Aleksandr Sergeyevi\u00e7 Pu\u015fkin\u2019den ba\u015fkas\u0131 olamaz. Pu\u015fkin bug\u00fcne kadar Rusya\u2019da eserleri en \u00e7ok bas\u0131lan ve okunan<span class=\"excerpt-hellip\"> [\u2026]<\/span><\/p>\n","protected":false},"featured_media":0,"template":"","meta":{"_monsterinsights_skip_tracking":false,"_monsterinsights_sitenote_active":false,"_monsterinsights_sitenote_note":"","_monsterinsights_sitenote_category":0},"product_brand":[],"product_cat":[12291,12711],"product_tag":[],"class_list":{"0":"post-738803","1":"product","2":"type-product","3":"status-publish","5":"product_cat-edebiyat","6":"product_cat-roman-oyku","7":"pa_cilt-ciltsiz","8":"pa_tur-kitap","9":"pa_yayinevi-koyusiyah-kitap","10":"pa_yazar-aleksandr-sergeyevic-puskin","12":"first","13":"instock","14":"sale","15":"shipping-taxable","16":"purchasable","17":"product-type-simple"},"_links":{"self":[{"href":"https:\/\/roveyayinevi.com.tr\/index.php\/wp-json\/wp\/v2\/product\/738803","targetHints":{"allow":["GET"]}}],"collection":[{"href":"https:\/\/roveyayinevi.com.tr\/index.php\/wp-json\/wp\/v2\/product"}],"about":[{"href":"https:\/\/roveyayinevi.com.tr\/index.php\/wp-json\/wp\/v2\/types\/product"}],"wp:attachment":[{"href":"https:\/\/roveyayinevi.com.tr\/index.php\/wp-json\/wp\/v2\/media?parent=738803"}],"wp:term":[{"taxonomy":"product_brand","embeddable":true,"href":"https:\/\/roveyayinevi.com.tr\/index.php\/wp-json\/wp\/v2\/product_brand?post=738803"},{"taxonomy":"product_cat","embeddable":true,"href":"https:\/\/roveyayinevi.com.tr\/index.php\/wp-json\/wp\/v2\/product_cat?post=738803"},{"taxonomy":"product_tag","embeddable":true,"href":"https:\/\/roveyayinevi.com.tr\/index.php\/wp-json\/wp\/v2\/product_tag?post=738803"}],"curies":[{"name":"wp","href":"https:\/\/api.w.org\/{rel}","templated":true}]}}