{"id":738798,"date":"2025-08-27T23:57:04","date_gmt":"2025-08-27T20:57:04","guid":{"rendered":"https:\/\/roveyayinevi.com.tr\/index.php\/urun\/yasamin-ilk-yillarinda-sosyal-beceriler\/"},"modified":"2026-04-16T02:48:55","modified_gmt":"2026-04-15T23:48:55","slug":"yasamin-ilk-yillarinda-sosyal-beceriler","status":"publish","type":"product","link":"https:\/\/roveyayinevi.com.tr\/index.php\/urun\/yasamin-ilk-yillarinda-sosyal-beceriler\/","title":{"rendered":"Ya\u015fam\u0131n \u0130lk Y\u0131llar\u0131nda Sosyal Beceriler"},"content":{"rendered":"<p>\u201cYa\u015fam\u0131n \u0130lk Y\u0131llar\u0131nda Sosyal Beceriler\u201d kitab\u0131nda, okul \u00f6ncesi d\u00f6nem \u00e7ocuklar\u0131n\u0131n sosyal becerilerini farkl\u0131 ba\u015fl\u0131klarla irdelemeye \u00e7al\u0131\u015ft\u0131k. G\u00fcncel kaynaklara yer verme, uygulama ve ara\u015ft\u0131rma \u00f6rnekleri sunma gibi detaylarla b\u00f6l\u00fcmleri zenginle\u015ftirmeye gayret ettik. Her \u015feyden \u00f6te k\u00fc\u00e7\u00fck \u00e7ocuklar\u0131n sosyal becerilerinin geli\u015fmesine katk\u0131 sa\u011flamak, \u00e7orbada bizim de tuzumuzun bulunmas\u0131 en b\u00fcy\u00fck motivasyon kayna\u011f\u0131m\u0131z ve iyi niyet g\u00f6stergemiz oldu. Peki, daha iyisi yap\u0131lamaz m\u0131? Her zaman daha iyisi vard\u0131r ve olacakt\u0131r\u2026<\/p>\n","protected":false},"excerpt":{"rendered":"<p>\u201cYa\u015fam\u0131n \u0130lk Y\u0131llar\u0131nda Sosyal Beceriler\u201d kitab\u0131nda, okul \u00f6ncesi d\u00f6nem \u00e7ocuklar\u0131n\u0131n sosyal becerilerini farkl\u0131 ba\u015fl\u0131klarla irdelemeye \u00e7al\u0131\u015ft\u0131k. G\u00fcncel kaynaklara yer verme, uygulama ve ara\u015ft\u0131rma \u00f6rnekleri sunma gibi<span class=\"excerpt-hellip\"> [\u2026]<\/span><\/p>\n","protected":false},"featured_media":0,"template":"","meta":{"_monsterinsights_skip_tracking":false,"_monsterinsights_sitenote_active":false,"_monsterinsights_sitenote_note":"","_monsterinsights_sitenote_category":0},"product_brand":[],"product_cat":[26509,13365],"product_tag":[],"class_list":{"0":"post-738798","1":"product","2":"type-product","3":"status-publish","5":"product_cat-cocuk-gelisimi","6":"product_cat-saglik","7":"pa_cilt-ciltsiz","8":"pa_tur-kitap","9":"pa_yayinevi-egiten-kitap","10":"pa_yazar-hulya-gulay-ogeman","12":"first","13":"instock","14":"sale","15":"shipping-taxable","16":"purchasable","17":"product-type-simple"},"_links":{"self":[{"href":"https:\/\/roveyayinevi.com.tr\/index.php\/wp-json\/wp\/v2\/product\/738798","targetHints":{"allow":["GET"]}}],"collection":[{"href":"https:\/\/roveyayinevi.com.tr\/index.php\/wp-json\/wp\/v2\/product"}],"about":[{"href":"https:\/\/roveyayinevi.com.tr\/index.php\/wp-json\/wp\/v2\/types\/product"}],"wp:attachment":[{"href":"https:\/\/roveyayinevi.com.tr\/index.php\/wp-json\/wp\/v2\/media?parent=738798"}],"wp:term":[{"taxonomy":"product_brand","embeddable":true,"href":"https:\/\/roveyayinevi.com.tr\/index.php\/wp-json\/wp\/v2\/product_brand?post=738798"},{"taxonomy":"product_cat","embeddable":true,"href":"https:\/\/roveyayinevi.com.tr\/index.php\/wp-json\/wp\/v2\/product_cat?post=738798"},{"taxonomy":"product_tag","embeddable":true,"href":"https:\/\/roveyayinevi.com.tr\/index.php\/wp-json\/wp\/v2\/product_tag?post=738798"}],"curies":[{"name":"wp","href":"https:\/\/api.w.org\/{rel}","templated":true}]}}