{"id":738797,"date":"2025-08-27T23:57:04","date_gmt":"2025-08-27T20:57:04","guid":{"rendered":"https:\/\/roveyayinevi.com.tr\/index.php\/urun\/travmaya-klinik-bir-bakis\/"},"modified":"2026-04-16T02:48:55","modified_gmt":"2026-04-15T23:48:55","slug":"travmaya-klinik-bir-bakis","status":"publish","type":"product","link":"https:\/\/roveyayinevi.com.tr\/index.php\/urun\/travmaya-klinik-bir-bakis\/","title":{"rendered":"Travmaya Klinik Bir Bak\u0131\u015f"},"content":{"rendered":"<p>Bu \u00e7al\u0131\u015fmada elbette, ya\u015fam\u0131n ilk y\u0131llar\u0131nda \u015fiddetli ve kal\u0131c\u0131 k\u00f6t\u00fc muamele, \u00e7ocuk \u00fczerinde yol a\u00e7aca\u011f\u0131 zararl\u0131 etki ve yeti\u015fkinlik ya\u015fam\u0131ndaki belirlenimleri de \u00f6teden beri bu yakla\u015f\u0131mlar\u0131n \u00e7er\u00e7evesinde yer almaktad\u0131r. Klinisyenler bilir ki, sa\u011fl\u0131kl\u0131 psikobiyolojik i\u015flevsellik bozuldu\u011funda ve zihinsel sa\u011fl\u0131k sorunlar\u0131 geli\u015ftirme olas\u0131l\u0131\u011f\u0131 b\u00fcy\u00fck \u00f6l\u00e7\u00fcde artmaktad\u0131r. K\u00f6t\u00fc muamele, birincil bak\u0131m verenlerin ihmal veya istismar\u0131n\u0131 da i\u00e7erir. Spesifik olarak, \u00e7ocuk fiziksel, cinsel veya duygusal istismar veya fiziksel veya duygusal ihmal ya\u015fayabilir ve birden fazla k\u00f6t\u00fc muamele t\u00fcr\u00fcn\u00fcn birlikte ortaya \u00e7\u0131kmas\u0131 da yayg\u0131nd\u0131r.   Rahats\u0131z edici bir \u015fekilde, yedi \u00e7ocuktan biri k\u00f6t\u00fc muameleye maruz kal\u0131yor ve olaylar\u0131n %80\u2019inde \u00e7ocu\u011fun kendi ebeveynleri bu temel g\u00fcven ve yeti\u015ftirme sorumluluklar\u0131n\u0131 yerine getirmemesi s\u00f6z konusudur.   Elinizdeki kitap travmaya hem kuramsal hem uygulama hem de tart\u0131\u015fmalar\u0131n derlenmesi amac\u0131yla bir yakla\u015f\u0131m sunmay\u0131 hedeflemektedir.<\/p>\n","protected":false},"excerpt":{"rendered":"<p>Bu \u00e7al\u0131\u015fmada elbette, ya\u015fam\u0131n ilk y\u0131llar\u0131nda \u015fiddetli ve kal\u0131c\u0131 k\u00f6t\u00fc muamele, \u00e7ocuk \u00fczerinde yol a\u00e7aca\u011f\u0131 zararl\u0131 etki ve yeti\u015fkinlik ya\u015fam\u0131ndaki belirlenimleri de \u00f6teden beri bu yakla\u015f\u0131mlar\u0131n<span class=\"excerpt-hellip\"> [\u2026]<\/span><\/p>\n","protected":false},"featured_media":0,"template":"","meta":{"_monsterinsights_skip_tracking":false,"_monsterinsights_sitenote_active":false,"_monsterinsights_sitenote_note":"","_monsterinsights_sitenote_category":0},"product_brand":[],"product_cat":[25175,12357],"product_tag":[],"class_list":{"0":"post-738797","1":"product","2":"type-product","3":"status-publish","5":"product_cat-egitim-psikolojisi","6":"product_cat-psikoloji","7":"pa_cilt-ciltsiz","8":"pa_tur-kitap","9":"pa_yayinevi-egiten-kitap","10":"pa_yazar-kolektif","12":"first","13":"instock","14":"sale","15":"shipping-taxable","16":"purchasable","17":"product-type-simple"},"_links":{"self":[{"href":"https:\/\/roveyayinevi.com.tr\/index.php\/wp-json\/wp\/v2\/product\/738797","targetHints":{"allow":["GET"]}}],"collection":[{"href":"https:\/\/roveyayinevi.com.tr\/index.php\/wp-json\/wp\/v2\/product"}],"about":[{"href":"https:\/\/roveyayinevi.com.tr\/index.php\/wp-json\/wp\/v2\/types\/product"}],"wp:attachment":[{"href":"https:\/\/roveyayinevi.com.tr\/index.php\/wp-json\/wp\/v2\/media?parent=738797"}],"wp:term":[{"taxonomy":"product_brand","embeddable":true,"href":"https:\/\/roveyayinevi.com.tr\/index.php\/wp-json\/wp\/v2\/product_brand?post=738797"},{"taxonomy":"product_cat","embeddable":true,"href":"https:\/\/roveyayinevi.com.tr\/index.php\/wp-json\/wp\/v2\/product_cat?post=738797"},{"taxonomy":"product_tag","embeddable":true,"href":"https:\/\/roveyayinevi.com.tr\/index.php\/wp-json\/wp\/v2\/product_tag?post=738797"}],"curies":[{"name":"wp","href":"https:\/\/api.w.org\/{rel}","templated":true}]}}