{"id":738796,"date":"2025-08-27T23:57:03","date_gmt":"2025-08-27T20:57:03","guid":{"rendered":"https:\/\/roveyayinevi.com.tr\/index.php\/urun\/psikoterapide-sokratik-sorgulama\/"},"modified":"2026-04-16T02:48:55","modified_gmt":"2026-04-15T23:48:55","slug":"psikoterapide-sokratik-sorgulama","status":"publish","type":"product","link":"https:\/\/roveyayinevi.com.tr\/index.php\/urun\/psikoterapide-sokratik-sorgulama\/","title":{"rendered":"Psikoterapide Sokratik Sorgulama"},"content":{"rendered":"<p>Antik Yunan\u2019da Apollo Tap\u0131na\u011f\u0131n\u0131n al\u0131nl\u0131\u011f\u0131ndaki kitabede &#8220;Kendini Bil\u201d yaz\u0131lm\u0131\u015ft\u0131r. Bununla birlikte, &#8220;kendini bil\u201d \u00f6nermesi, bilgelik, i\u00e7sel benli\u011fimizden d\u0131\u015fa do\u011fru, bir t\u00fcr kendini ke\u015ffetme yolculu\u011fu olarak ortaya alg\u0131lanm\u0131\u015ft\u0131r. Filozof Atinal\u0131 Sokrates, bu zihniyete her zaman de\u011fer vermi\u015f ve onu felsefi doktrininin mihenk ta\u015f\u0131 yapm\u0131\u015ft\u0131r. &#8220;Bildi\u011fim bir \u015fey varsa, o da hi\u00e7bir \u015fey bilmedi\u011fimdir\u201d bu nedenle, bir cehalet beyan\u0131, insan zihninin kendisi, ba\u015fkalar\u0131 ve evren hakk\u0131ndaki ger\u00e7e\u011fi tam olarak anlamada ne kadar yetersiz olabilece\u011finin m\u00fctevaz\u0131 bir ifadesidir. Sokrates\u2019in \u00f6\u011fretme ve felsefi sorgulama y\u00f6ntemi olarak Sokratik Y\u00f6ntem veya Sokratik Diyalog veya Sokratik Sorgulama bir\u00e7ok psikoterapi yakla\u015f\u0131m\u0131n\u0131n yap\u0131 ta\u015f\u0131d\u0131r.Psikoterapi \u00f6z\u00fc itibariyle dan\u0131\u015fanlar\u0131n g\u00f6r\u00fc\u015flerini, bak\u0131\u015f a\u00e7\u0131lar\u0131n\u0131 ve tutumlar\u0131n\u0131 de\u011fi\u015ftirmelerine yard\u0131mc\u0131 olma s\u00fcre\u00e7 ve yetene\u011fidir. Bu de\u011fi\u015fim s\u00fcrecinde Sokratik y\u00f6ntem bir\u00e7ok psikoterapi yakla\u015f\u0131m\u0131na i\u00e7kin g\u00fc\u00e7l\u00fc bir felsefi temele sahiptir. Haftal\u0131k seans s\u00fcresince ekseriyetle, dan\u0131\u015fan\u0131n hayat\u0131, tutumlar\u0131 ve duygular\u0131 \u00fczerinde yo\u011funla\u015f\u0131l\u0131r. Dan\u0131\u015fanlar, tutumlar\u0131n\u0131 ve beklentilerini de\u011fi\u015ftirerek, \u00e7o\u011fu insan\u0131n kar\u015f\u0131la\u015ft\u0131\u011f\u0131 g\u00fcnl\u00fck m\u00fccadeleleri seanslar ve seans d\u0131\u015f\u0131 uygulamalardan \u00f6\u011frendikleri ile daha iyi y\u00f6netebileceklerini g\u00f6r\u00fcrler. Bu anlam\u0131yla seanslar, dan\u0131\u015fanlar\u0131n kendi m\u00fccadelelerini ke\u015ffetmelerine, olas\u0131 \u00e7\u00f6z\u00fcmleri ke\u015ffedip sahiplenmelerine ve de\u011fi\u015ftirilmesi gereken alanlarla y\u00fczle\u015fmelerine yard\u0131mc\u0131 olmak i\u00e7in kullan\u0131l\u0131r.Sokratik y\u00f6ntem, dan\u0131\u015fanlar\u0131n tortula\u015fm\u0131\u015f yerle\u015fik d\u00fc\u015f\u00fcncelerini, inan\u00e7lar\u0131n\u0131, kabullerini g\u00f6zden ge\u00e7irmesini yard\u0131mc\u0131 olur. Sokrates\u2019in &#8220;Sorgulanmam\u0131\u015f hayat ya\u015famaya de\u011fmez\u201d s\u00f6z\u00fcnde oldu\u011fu gibi dan\u0131\u015fanda d\u00fc\u015f\u00fcncelerini sorgulama gere\u011fi uyand\u0131rmak de\u011fi\u015fimin \u00f6nemli bir dinami\u011fidir. Sokratik y\u00f6ntem, dan\u0131\u015fan\u0131n ya\u015fam olaylar\u0131n\u0131n ak\u0131\u015f\u0131 i\u00e7inde yitirdi\u011fi ve arad\u0131\u011f\u0131n\u0131 &#8220;buldurma\u201d s\u00fcrecidir. Kitab\u0131m\u0131z\u0131n bu s\u00fcre\u00e7te ba\u015fvuru metni olarak i\u015flev g\u00f6rmesi temennimiz ile\u2026Uzman Klinik Psikolog Buse DuranUzman Klinik Psikolog Mahmut Y\u0131lmaz<\/p>\n","protected":false},"excerpt":{"rendered":"<p>Antik Yunan\u2019da Apollo Tap\u0131na\u011f\u0131n\u0131n al\u0131nl\u0131\u011f\u0131ndaki kitabede &#8220;Kendini Bil\u201d yaz\u0131lm\u0131\u015ft\u0131r. Bununla birlikte, &#8220;kendini bil\u201d \u00f6nermesi, bilgelik, i\u00e7sel benli\u011fimizden d\u0131\u015fa do\u011fru, bir t\u00fcr kendini ke\u015ffetme yolculu\u011fu olarak ortaya<span class=\"excerpt-hellip\"> [\u2026]<\/span><\/p>\n","protected":false},"featured_media":0,"template":"","meta":{"_monsterinsights_skip_tracking":false,"_monsterinsights_sitenote_active":false,"_monsterinsights_sitenote_note":"","_monsterinsights_sitenote_category":0},"product_brand":[],"product_cat":[25175,12357],"product_tag":[],"class_list":{"0":"post-738796","1":"product","2":"type-product","3":"status-publish","5":"product_cat-egitim-psikolojisi","6":"product_cat-psikoloji","7":"pa_cilt-ciltsiz","8":"pa_tur-kitap","9":"pa_yayinevi-egiten-kitap","10":"pa_yazar-mahmut-yilmaz-buse-duran","12":"first","13":"instock","14":"sale","15":"shipping-taxable","16":"purchasable","17":"product-type-simple"},"_links":{"self":[{"href":"https:\/\/roveyayinevi.com.tr\/index.php\/wp-json\/wp\/v2\/product\/738796","targetHints":{"allow":["GET"]}}],"collection":[{"href":"https:\/\/roveyayinevi.com.tr\/index.php\/wp-json\/wp\/v2\/product"}],"about":[{"href":"https:\/\/roveyayinevi.com.tr\/index.php\/wp-json\/wp\/v2\/types\/product"}],"wp:attachment":[{"href":"https:\/\/roveyayinevi.com.tr\/index.php\/wp-json\/wp\/v2\/media?parent=738796"}],"wp:term":[{"taxonomy":"product_brand","embeddable":true,"href":"https:\/\/roveyayinevi.com.tr\/index.php\/wp-json\/wp\/v2\/product_brand?post=738796"},{"taxonomy":"product_cat","embeddable":true,"href":"https:\/\/roveyayinevi.com.tr\/index.php\/wp-json\/wp\/v2\/product_cat?post=738796"},{"taxonomy":"product_tag","embeddable":true,"href":"https:\/\/roveyayinevi.com.tr\/index.php\/wp-json\/wp\/v2\/product_tag?post=738796"}],"curies":[{"name":"wp","href":"https:\/\/api.w.org\/{rel}","templated":true}]}}