{"id":738792,"date":"2025-08-27T23:56:59","date_gmt":"2025-08-27T20:56:59","guid":{"rendered":"https:\/\/roveyayinevi.com.tr\/index.php\/urun\/sosyolojide-karma-desen-arastirmalar\/"},"modified":"2026-04-16T02:48:55","modified_gmt":"2026-04-15T23:48:55","slug":"sosyolojide-karma-desen-arastirmalar","status":"publish","type":"product","link":"https:\/\/roveyayinevi.com.tr\/index.php\/urun\/sosyolojide-karma-desen-arastirmalar\/","title":{"rendered":"Sosyolojide Karma Desen Ara\u015ft\u0131rmalar"},"content":{"rendered":"<p>T\u00fcrkiye\u2019de daha \u00e7ok e\u011fitim alan\u0131nda yap\u0131lan karma desen \u00e7al\u0131\u015fmalar\u0131n belirli bir a\u015famaya kadar yetkinliklerinden s\u00f6z etmek m\u00fcmk\u00fcn. Sosyolojide  makro veya mikro d\u00fczeylerde kuramsal say\u0131lt\u0131lar \u00e7ok g\u00fc\u00e7l\u00fc oldu\u011fu i\u00e7in sosyologlar\u0131n karma desen \u00e7al\u0131\u015fmalara \u00e7ekimser yakla\u015ft\u0131klar\u0131n\u0131 s\u00f6ylemek yanl\u0131\u015f olmaz. Bununla birlikte son y\u0131llarda sosyologlar\u0131n ili\u015fkisel sosyoloji ile tan\u0131\u015fmalar\u0131n\u0131n, karma desen ara\u015ft\u0131rmalar\u0131 i\u00e7in cesaretlerini art\u0131rd\u0131\u011f\u0131n\u0131 s\u00f6yleyebiliriz. \u0130li\u015fkisel sosyoloji gerek nicel-nitel, gerekse makro-mikro ve hatta kuram ve uygulama ikiliklerini reddederek karma desen ara\u015ft\u0131rmalar\u0131 daha ba\u015ftan me\u015frula\u015ft\u0131r\u0131r. Nitekim ilk uygulamalar\u0131 1980\u2019lerde yap\u0131lan karma desen ara\u015ft\u0131rmalara tekrar 40 sene gecikmeyle de olsa d\u00f6n\u00fc\u015f olduk\u00e7a g\u00f6rkemli olmu\u015f ve bu kitapta yer alan yedi \u00e7al\u0131\u015fman\u0131n t\u00fcm\u00fc ard\u0131\u015f\u0131k karma desen ilkelerine uygun olarak ba\u015far\u0131yla ger\u00e7ekle\u015ftirilmi\u015ftir. \u0130li\u015fkisel sosyologlar\u0131n sahip oldu\u011fu \u00f6zg\u00fcrl\u00fc\u011fe herkesin sahip olmas\u0131 ku\u015fkusuz m\u00fcmk\u00fcn de\u011fil. Ancak farkl\u0131 sosyolojik perspektiflere sahip ara\u015ft\u0131rmac\u0131lar\u0131n da art\u0131k me\u015fru g\u00f6r\u00fclen karma desen \u00f6rnekleri aras\u0131ndan se\u00e7im yapmalar\u0131 m\u00fcmk\u00fcnd\u00fcr. \u00d6zellikle i\u015flevselci veya \u00e7at\u0131\u015fmac\u0131 sosyolojik yakla\u015f\u0131mlarla makro nicel ara\u015ft\u0131rma yapmaya yatk\u0131n ara\u015ft\u0131rmac\u0131lar\u0131n verilerini derinle\u015ftirmek i\u00e7in nitel ara\u015ft\u0131rmaya y\u00f6nelmeleri gayet uygundur. Ayn\u0131 \u015fekilde sembolik etkile\u015fimci veya feminist ara\u015ft\u0131rmac\u0131lar\u0131n da baz\u0131 daha geni\u015f \u00f6rneklemlerle nicel veriler toplayarak \u00e7al\u0131\u015fmalar\u0131n\u0131n  ge\u00e7erlik ve g\u00fcvenirli\u011fini art\u0131rmalar\u0131 m\u00fcmk\u00fcnd\u00fcr. Realitenin \u00e7ok katmanl\u0131 oldu\u011funu g\u00f6ren ve kabul eden ara\u015ft\u0131rmac\u0131lar\u0131n, karma desen \u00e7al\u0131\u015fmalar\u0131 ile T\u00fcrkiye\u2019de sosyolojinin \u00f6n\u00fcn\u00fc a\u00e7acaklar\u0131na ku\u015fku yoktur. Yaz\u0131lar\u0131yla katk\u0131 verenler: Ayt\u00fcl Kasapo\u011flu, Alev Akbal, Neslihan K. \u00c7evik, Simay \u00d6zl\u00fc Diniz, Murat Ko\u00e7anl\u0131, Ahmet Ko\u015far, \u00c7i\u011fdem Yel, Deniz Yerli   Ayt\u00fcl Kasapo\u011flu   1951\u2019de \u0130stanbul\u2019da do\u011fdu. Hacettepe \u00dcniversitesinden lisans (1973) ve y\u00fcksek lisans (1975) derecelerini ald\u0131. Ankara \u00dcniversitesinde doktor (1982), do\u00e7ent (1988) ve profes\u00f6r oldu (1993). Emekli olduktan sonra (2018) Ba\u015fkent \u00dcniversitesinde tam zamanl\u0131 \u00e7al\u0131\u015fmaya ba\u015flad\u0131. \u00c7ok say\u0131da ulusal ve uluslararas\u0131 yay\u0131n\u0131 olup halen lisans, y\u00fcksek lisans ve doktora d\u00fczeyinde sa\u011fl\u0131k sosyolojisi, ili\u015fkisel sosyoloji ve ileri nicel ve nitel metot dersleri vermektedir.<\/p>\n","protected":false},"excerpt":{"rendered":"<p>T\u00fcrkiye\u2019de daha \u00e7ok e\u011fitim alan\u0131nda yap\u0131lan karma desen \u00e7al\u0131\u015fmalar\u0131n belirli bir a\u015famaya kadar yetkinliklerinden s\u00f6z etmek m\u00fcmk\u00fcn. Sosyolojide makro veya mikro d\u00fczeylerde kuramsal say\u0131lt\u0131lar \u00e7ok g\u00fc\u00e7l\u00fc<span class=\"excerpt-hellip\"> [\u2026]<\/span><\/p>\n","protected":false},"featured_media":0,"template":"","meta":{"_monsterinsights_skip_tracking":false,"_monsterinsights_sitenote_active":false,"_monsterinsights_sitenote_note":"","_monsterinsights_sitenote_category":0},"product_brand":[],"product_cat":[12325,12324],"product_tag":[],"class_list":{"0":"post-738792","1":"product","2":"type-product","3":"status-publish","5":"product_cat-diger-sosyoloji","6":"product_cat-sosyoloji","7":"pa_cilt-ciltsiz","8":"pa_tur-kitap","9":"pa_yayinevi-yeni-insan-yayinlari","10":"pa_yazar-yeni-insan-yayinlari-kolektif","12":"first","13":"instock","14":"sale","15":"shipping-taxable","16":"purchasable","17":"product-type-simple"},"_links":{"self":[{"href":"https:\/\/roveyayinevi.com.tr\/index.php\/wp-json\/wp\/v2\/product\/738792","targetHints":{"allow":["GET"]}}],"collection":[{"href":"https:\/\/roveyayinevi.com.tr\/index.php\/wp-json\/wp\/v2\/product"}],"about":[{"href":"https:\/\/roveyayinevi.com.tr\/index.php\/wp-json\/wp\/v2\/types\/product"}],"wp:attachment":[{"href":"https:\/\/roveyayinevi.com.tr\/index.php\/wp-json\/wp\/v2\/media?parent=738792"}],"wp:term":[{"taxonomy":"product_brand","embeddable":true,"href":"https:\/\/roveyayinevi.com.tr\/index.php\/wp-json\/wp\/v2\/product_brand?post=738792"},{"taxonomy":"product_cat","embeddable":true,"href":"https:\/\/roveyayinevi.com.tr\/index.php\/wp-json\/wp\/v2\/product_cat?post=738792"},{"taxonomy":"product_tag","embeddable":true,"href":"https:\/\/roveyayinevi.com.tr\/index.php\/wp-json\/wp\/v2\/product_tag?post=738792"}],"curies":[{"name":"wp","href":"https:\/\/api.w.org\/{rel}","templated":true}]}}