{"id":738785,"date":"2025-08-27T23:56:53","date_gmt":"2025-08-27T20:56:53","guid":{"rendered":"https:\/\/roveyayinevi.com.tr\/index.php\/urun\/bunu-yapmakta-ne-var\/"},"modified":"2026-03-12T02:57:59","modified_gmt":"2026-03-11T23:57:59","slug":"bunu-yapmakta-ne-var","status":"publish","type":"product","link":"https:\/\/roveyayinevi.com.tr\/index.php\/urun\/bunu-yapmakta-ne-var\/","title":{"rendered":"Bunu Yapmakta Ne Var!"},"content":{"rendered":"<p>Ka\u00e7 defa bir modern sanat eserine bakt\u0131n ve \u201cBunu yapmakta ne var!\u201d diye d\u00fc\u015f\u00fcnd\u00fcn?Her biri \u00fcnl\u00fc bir sanat eserinden ilham alan 27 \u00e7izim etkinli\u011fi ile i\u015fte sanat yeteneklerini g\u00f6stermen i\u00e7in bir f\u0131rsat!\u00c7\u0131lg\u0131n Kandinsky\u2019nin soyut eserlerinden Warhol\u2019un inan\u0131lmaz bask\u0131lar\u0131na kadar sanat\u00e7\u0131lar hakk\u0131nda bir \u015feyler \u00f6\u011fren. Kendini geli\u015ftirmek i\u00e7in kitaptaki basit ad\u0131mlar\u0131 takip et ve herkese bunu yapmakta ger\u00e7ekten de hi\u00e7bir \u015fey olmad\u0131\u011f\u0131n\u0131 kan\u0131tla.<\/p>\n","protected":false},"excerpt":{"rendered":"<p>Ka\u00e7 defa bir modern sanat eserine bakt\u0131n ve \u201cBunu yapmakta ne var!\u201d diye d\u00fc\u015f\u00fcnd\u00fcn?Her biri \u00fcnl\u00fc bir sanat eserinden ilham alan 27 \u00e7izim etkinli\u011fi ile i\u015fte<span class=\"excerpt-hellip\"> [\u2026]<\/span><\/p>\n","protected":false},"featured_media":0,"template":"","meta":{"_monsterinsights_skip_tracking":false,"_monsterinsights_sitenote_active":false,"_monsterinsights_sitenote_note":"","_monsterinsights_sitenote_category":0},"product_brand":[],"product_cat":[12274,12284],"product_tag":[],"class_list":{"0":"post-738785","1":"product","2":"type-product","3":"status-publish","5":"product_cat-cocuk-ve-genclik-kitaplari","6":"product_cat-hikayeler","7":"pa_cilt-ciltsiz","8":"pa_tur-kitap","9":"pa_yayinevi-hayalperest-yayinlari","10":"pa_yazar-kollektif","12":"first","13":"instock","14":"sale","15":"shipping-taxable","16":"purchasable","17":"product-type-simple"},"_links":{"self":[{"href":"https:\/\/roveyayinevi.com.tr\/index.php\/wp-json\/wp\/v2\/product\/738785","targetHints":{"allow":["GET"]}}],"collection":[{"href":"https:\/\/roveyayinevi.com.tr\/index.php\/wp-json\/wp\/v2\/product"}],"about":[{"href":"https:\/\/roveyayinevi.com.tr\/index.php\/wp-json\/wp\/v2\/types\/product"}],"wp:attachment":[{"href":"https:\/\/roveyayinevi.com.tr\/index.php\/wp-json\/wp\/v2\/media?parent=738785"}],"wp:term":[{"taxonomy":"product_brand","embeddable":true,"href":"https:\/\/roveyayinevi.com.tr\/index.php\/wp-json\/wp\/v2\/product_brand?post=738785"},{"taxonomy":"product_cat","embeddable":true,"href":"https:\/\/roveyayinevi.com.tr\/index.php\/wp-json\/wp\/v2\/product_cat?post=738785"},{"taxonomy":"product_tag","embeddable":true,"href":"https:\/\/roveyayinevi.com.tr\/index.php\/wp-json\/wp\/v2\/product_tag?post=738785"}],"curies":[{"name":"wp","href":"https:\/\/api.w.org\/{rel}","templated":true}]}}