{"id":738779,"date":"2025-08-27T23:56:45","date_gmt":"2025-08-27T20:56:45","guid":{"rendered":"https:\/\/roveyayinevi.com.tr\/index.php\/urun\/sinirlarin-otesinde-2\/"},"modified":"2026-04-16T02:48:55","modified_gmt":"2026-04-15T23:48:55","slug":"sinirlarin-otesinde-2","status":"publish","type":"product","link":"https:\/\/roveyayinevi.com.tr\/index.php\/urun\/sinirlarin-otesinde-2\/","title":{"rendered":"S\u0131n\u0131rlar\u0131n \u00d6tesinde"},"content":{"rendered":"<p>Kusurlar g\u00fczeldir. Kalbinin tamir edilemeyecek derecede k\u0131r\u0131ld\u0131\u011f\u0131n\u0131 d\u00fc\u015f\u00fcnenler; bu kitap sizin i\u00e7in. E\u011fer bir topluluk d\u0131\u015f\u0131na itildiyseniz ya da size yetersiz oldu\u011funuz s\u00f6ylendiyse, bilmeniz gereken bir \u015fey var: Yeterlisiniz ve tastamams\u0131n\u0131z.   Netflix\u2019teki Queer Eye program\u0131nda sergiledi\u011fi ki\u015fisel bak\u0131m uzmanl\u0131\u011f\u0131yla kalplerimizi \u00e7almadan \u00f6nce Jonathan, k\u00fc\u00e7\u00fck bir ortabat\u0131 kasabas\u0131nda ya\u015f\u0131yor, neden bu kadar abart\u0131l\u0131 bir ki\u015fili\u011fe sahip oldu\u011funu sorguluyordu. D\u0131\u015far\u0131dan gelebilecek sald\u0131r\u0131lara olduk\u00e7a a\u00e7\u0131kt\u0131. Y\u0131llarca s\u00fcren ele\u015ftirilere ve k\u00fc\u00e7\u00fcmsemelere maruz kald\u0131; ancak t\u00fcm bunlar, e\u015fsiz bir enerjiyle dolu ruhunun y\u0131k\u0131lmas\u0131na sebep olamad\u0131! Elinizde bulunan bu kitap Jonathan\u2019\u0131n hayat\u0131ndaki ac\u0131y\u0131 ve tutkuyu nas\u0131l kendini sevme ve kabul etmeye d\u00f6n\u00fc\u015ft\u00fcrd\u00fc\u011f\u00fcn\u00fc g\u00f6zler \u00f6n\u00fcne seriyor. Daha \u00f6nce kimseye anlatmad\u0131\u011f\u0131 s\u0131rlar\u0131n\u0131 bile, k\u00fc\u00e7\u00fck de olsa bir \u0131\u015f\u0131k yakma umuduyla d\u00fcnyayla payla\u015f\u0131yor. G\u00fcleceksiniz, a\u011flayacaks\u0131n\u0131z ve ne kadar yaralanm\u0131\u015f olursan\u0131z olun g\u00fc\u00e7l\u00fc oldu\u011funuzu hat\u0131rlayacaks\u0131n\u0131z.<\/p>\n","protected":false},"excerpt":{"rendered":"<p>Kusurlar g\u00fczeldir. Kalbinin tamir edilemeyecek derecede k\u0131r\u0131ld\u0131\u011f\u0131n\u0131 d\u00fc\u015f\u00fcnenler; bu kitap sizin i\u00e7in. E\u011fer bir topluluk d\u0131\u015f\u0131na itildiyseniz ya da size yetersiz oldu\u011funuz s\u00f6ylendiyse, bilmeniz gereken bir<span class=\"excerpt-hellip\"> [\u2026]<\/span><\/p>\n","protected":false},"featured_media":0,"template":"","meta":{"_monsterinsights_skip_tracking":false,"_monsterinsights_sitenote_active":false,"_monsterinsights_sitenote_note":"","_monsterinsights_sitenote_category":0},"product_brand":[],"product_cat":[14009,12291],"product_tag":[],"class_list":{"0":"post-738779","1":"product","2":"type-product","3":"status-publish","5":"product_cat-biyografi-otobiyografi-edebiyat","6":"product_cat-edebiyat","7":"pa_cilt-ciltsiz","8":"pa_tur-kitap","9":"pa_yayinevi-marti-yayinlari","10":"pa_yazar-jonathan-van-ness","12":"first","13":"instock","14":"sale","15":"shipping-taxable","16":"purchasable","17":"product-type-simple"},"_links":{"self":[{"href":"https:\/\/roveyayinevi.com.tr\/index.php\/wp-json\/wp\/v2\/product\/738779","targetHints":{"allow":["GET"]}}],"collection":[{"href":"https:\/\/roveyayinevi.com.tr\/index.php\/wp-json\/wp\/v2\/product"}],"about":[{"href":"https:\/\/roveyayinevi.com.tr\/index.php\/wp-json\/wp\/v2\/types\/product"}],"wp:attachment":[{"href":"https:\/\/roveyayinevi.com.tr\/index.php\/wp-json\/wp\/v2\/media?parent=738779"}],"wp:term":[{"taxonomy":"product_brand","embeddable":true,"href":"https:\/\/roveyayinevi.com.tr\/index.php\/wp-json\/wp\/v2\/product_brand?post=738779"},{"taxonomy":"product_cat","embeddable":true,"href":"https:\/\/roveyayinevi.com.tr\/index.php\/wp-json\/wp\/v2\/product_cat?post=738779"},{"taxonomy":"product_tag","embeddable":true,"href":"https:\/\/roveyayinevi.com.tr\/index.php\/wp-json\/wp\/v2\/product_tag?post=738779"}],"curies":[{"name":"wp","href":"https:\/\/api.w.org\/{rel}","templated":true}]}}