{"id":738778,"date":"2025-08-27T23:56:45","date_gmt":"2025-08-27T20:56:45","guid":{"rendered":"https:\/\/roveyayinevi.com.tr\/index.php\/urun\/anne-ve-cocuk-sagligi-cilt-1\/"},"modified":"2026-04-16T02:48:55","modified_gmt":"2026-04-15T23:48:55","slug":"anne-ve-cocuk-sagligi-cilt-1","status":"publish","type":"product","link":"https:\/\/roveyayinevi.com.tr\/index.php\/urun\/anne-ve-cocuk-sagligi-cilt-1\/","title":{"rendered":"Anne Ve \u00c7ocuk Sa\u011fl\u0131\u011f\u0131 Cilt: 1"},"content":{"rendered":"<p>Anne ve \u00e7ocuk sa\u011fl\u0131\u011f\u0131n\u0131n korunmas\u0131 ve geli\u015ftirilmesi toplum sa\u011fl\u0131\u011f\u0131 i\u00e7in \u00f6nemlidir. Bu kitapta anne ve \u00e7ocuk sa\u011fl\u0131\u011f\u0131 farkl\u0131 disiplinler olarak de\u011fil, bir b\u00fct\u00fcn olarak ele al\u0131nm\u0131\u015ft\u0131r. Sa\u011fl\u0131kl\u0131 bireylerin yeti\u015fmesi bireylerin do\u011fum \u00f6ncesi d\u00f6nemden ba\u015flayarak ya\u015fam boyu her t\u00fcrl\u00fc zarardan korunmas\u0131, nitelikli do\u011fum \u00f6ncesi bak\u0131m ve do\u011fum hizmeti almas\u0131, do\u011fum sonras\u0131nda koruyucu ve destekleyici hizmetlerin verilmesi ile m\u00fcmk\u00fcnd\u00fcr. Bu hizmetlerin ba\u015far\u0131s\u0131, anne ve \u00e7ocuk sa\u011fl\u0131\u011f\u0131 ile ilgilenen farkl\u0131 disiplinlerin kat\u0131l\u0131m\u0131yla artacakt\u0131r. Kad\u0131n ve \u00e7ocuklar\u0131n sa\u011fl\u0131k ihtiya\u00e7lar\u0131n\u0131n belirlenmesi, sa\u011fl\u0131k sorunlar\u0131n\u0131n de\u011ferlendirilmesi, \u00f6nlenmesi ve y\u00f6netilmesinde farkl\u0131 disiplinlerden \u00f6\u011frencilere rehberlik edecek yararl\u0131 bir kaynak kitap olmas\u0131 ama\u00e7lanmaktad\u0131r. Bu ama\u00e7 do\u011frultusunda haz\u0131rlanan bu kitap 29 yazar\u0131n katk\u0131s\u0131yla 33 b\u00f6l\u00fcmden olu\u015fmaktad\u0131r. Her b\u00f6l\u00fcmde anne ve \u00e7ocuk sa\u011fl\u0131\u011f\u0131na y\u00f6nelik bilinmesi gereken temel bilgilere yer verilmi\u015ftir. Yeni bir kaynak kitab\u0131 okuyuculara kazand\u0131rmak i\u00e7in haz\u0131rlanan bu kitab\u0131n olu\u015fturulmas\u0131nda eme\u011fi ge\u00e7en t\u00fcm yazarlar\u0131m\u0131za, kitab\u0131n d\u00fczenlenmesinde destek olan Ara\u015ft\u0131rma G\u00f6revlisi Merve Murat\u2019a ve yay\u0131nevi \u00e7al\u0131\u015fanlar\u0131na te\u015fekk\u00fcr ederim. Anne ve \u00e7ocuk sa\u011fl\u0131\u011f\u0131 ile ilgili alanlarda rehber olmas\u0131 amac\u0131yla olu\u015fturdu\u011fumuz kitab\u0131n \u00f6zellikle hem\u015firelik, ebelik, \u00e7ocuk geli\u015fimi ve okul \u00f6ncesi \u00f6\u011fretmenli\u011fi b\u00f6l\u00fcmlerinde \u00f6\u011frenim g\u00f6ren lisans ve lisans\u00fcst\u00fc \u00f6\u011frencilerine yararl\u0131 olmas\u0131n\u0131 diliyorum.<\/p>\n","protected":false},"excerpt":{"rendered":"<p>Anne ve \u00e7ocuk sa\u011fl\u0131\u011f\u0131n\u0131n korunmas\u0131 ve geli\u015ftirilmesi toplum sa\u011fl\u0131\u011f\u0131 i\u00e7in \u00f6nemlidir. Bu kitapta anne ve \u00e7ocuk sa\u011fl\u0131\u011f\u0131 farkl\u0131 disiplinler olarak de\u011fil, bir b\u00fct\u00fcn olarak ele al\u0131nm\u0131\u015ft\u0131r.<span class=\"excerpt-hellip\"> [\u2026]<\/span><\/p>\n","protected":false},"featured_media":0,"template":"","meta":{"_monsterinsights_skip_tracking":false,"_monsterinsights_sitenote_active":false,"_monsterinsights_sitenote_note":"","_monsterinsights_sitenote_category":0},"product_brand":[],"product_cat":[12573,12566],"product_tag":[],"class_list":{"0":"post-738778","1":"product","2":"type-product","3":"status-publish","5":"product_cat-akademik-kitaplar","6":"product_cat-egitim","7":"pa_cilt-ciltsiz","8":"pa_tur-kitap","9":"pa_yayinevi-egiten-kitap","10":"pa_yazar-kolektif","12":"first","13":"instock","14":"sale","15":"shipping-taxable","16":"purchasable","17":"product-type-simple"},"_links":{"self":[{"href":"https:\/\/roveyayinevi.com.tr\/index.php\/wp-json\/wp\/v2\/product\/738778","targetHints":{"allow":["GET"]}}],"collection":[{"href":"https:\/\/roveyayinevi.com.tr\/index.php\/wp-json\/wp\/v2\/product"}],"about":[{"href":"https:\/\/roveyayinevi.com.tr\/index.php\/wp-json\/wp\/v2\/types\/product"}],"wp:attachment":[{"href":"https:\/\/roveyayinevi.com.tr\/index.php\/wp-json\/wp\/v2\/media?parent=738778"}],"wp:term":[{"taxonomy":"product_brand","embeddable":true,"href":"https:\/\/roveyayinevi.com.tr\/index.php\/wp-json\/wp\/v2\/product_brand?post=738778"},{"taxonomy":"product_cat","embeddable":true,"href":"https:\/\/roveyayinevi.com.tr\/index.php\/wp-json\/wp\/v2\/product_cat?post=738778"},{"taxonomy":"product_tag","embeddable":true,"href":"https:\/\/roveyayinevi.com.tr\/index.php\/wp-json\/wp\/v2\/product_tag?post=738778"}],"curies":[{"name":"wp","href":"https:\/\/api.w.org\/{rel}","templated":true}]}}