{"id":738771,"date":"2025-08-27T23:56:37","date_gmt":"2025-08-27T20:56:37","guid":{"rendered":"https:\/\/roveyayinevi.com.tr\/index.php\/urun\/disney-esrarengiz-kasaba-kisa-kisa-mabelin-cikartma-rehberi\/"},"modified":"2026-04-16T02:48:54","modified_gmt":"2026-04-15T23:48:54","slug":"disney-esrarengiz-kasaba-kisa-kisa-mabelin-cikartma-rehberi","status":"publish","type":"product","link":"https:\/\/roveyayinevi.com.tr\/index.php\/urun\/disney-esrarengiz-kasaba-kisa-kisa-mabelin-cikartma-rehberi\/","title":{"rendered":"Disney Esrarengiz Kasaba K\u0131sa K\u0131sa Mabel\u2019\u0131n \u00c7\u0131kartma Rehberi"},"content":{"rendered":"<p>Esrarengiz Kasaba\u2019ya ho\u015f geldiniz! Burada t\u00fcrl\u00fc t\u00fcrl\u00fc tuhafl\u0131klar ve birbirinden gizemli olaylar g\u00fcnl\u00fck hayat\u0131n ayr\u0131lmaz bir par\u00e7as\u0131d\u0131r. Korkun\u00e7 yarat\u0131klardan a\u00e7\u0131klanamayan dev di\u015flere, kasaban\u0131n yerel televizyonundaki komik programlardan aksiyonlu bir sinema gecesine uzanan bu hik\u00e2yelerden de anla\u015f\u0131laca\u011f\u0131 \u00fczere Esrarengiz Kasaba\u2019da s\u0131k\u0131c\u0131 bir g\u00fcn ge\u00e7irmek olanaks\u0131z!   Esrarengiz Kasaba hayranlar\u0131, Alex Hirsch\u2019\u00fcn yazd\u0131\u011f\u0131 Disney XD \u00e7izgi dizisinden uyarlanan k\u0131sa maceralarla dolu bu kitaba bay\u0131lacak.   <\/p>\n","protected":false},"excerpt":{"rendered":"<p>Esrarengiz Kasaba\u2019ya ho\u015f geldiniz! Burada t\u00fcrl\u00fc t\u00fcrl\u00fc tuhafl\u0131klar ve birbirinden gizemli olaylar g\u00fcnl\u00fck hayat\u0131n ayr\u0131lmaz bir par\u00e7as\u0131d\u0131r. Korkun\u00e7 yarat\u0131klardan a\u00e7\u0131klanamayan dev di\u015flere, kasaban\u0131n yerel televizyonundaki komik<span class=\"excerpt-hellip\"> [\u2026]<\/span><\/p>\n","protected":false},"featured_media":0,"template":"","meta":{"_monsterinsights_skip_tracking":false,"_monsterinsights_sitenote_active":false,"_monsterinsights_sitenote_note":"","_monsterinsights_sitenote_category":0},"product_brand":[],"product_cat":[12274,12284],"product_tag":[],"class_list":{"0":"post-738771","1":"product","2":"type-product","3":"status-publish","5":"product_cat-cocuk-ve-genclik-kitaplari","6":"product_cat-hikayeler","7":"pa_cilt-ciltsiz","8":"pa_tur-kitap","9":"pa_yayinevi-beta-kids","10":"pa_yazar-alex-hirsch","12":"first","13":"instock","14":"sale","15":"shipping-taxable","16":"purchasable","17":"product-type-simple"},"_links":{"self":[{"href":"https:\/\/roveyayinevi.com.tr\/index.php\/wp-json\/wp\/v2\/product\/738771","targetHints":{"allow":["GET"]}}],"collection":[{"href":"https:\/\/roveyayinevi.com.tr\/index.php\/wp-json\/wp\/v2\/product"}],"about":[{"href":"https:\/\/roveyayinevi.com.tr\/index.php\/wp-json\/wp\/v2\/types\/product"}],"wp:attachment":[{"href":"https:\/\/roveyayinevi.com.tr\/index.php\/wp-json\/wp\/v2\/media?parent=738771"}],"wp:term":[{"taxonomy":"product_brand","embeddable":true,"href":"https:\/\/roveyayinevi.com.tr\/index.php\/wp-json\/wp\/v2\/product_brand?post=738771"},{"taxonomy":"product_cat","embeddable":true,"href":"https:\/\/roveyayinevi.com.tr\/index.php\/wp-json\/wp\/v2\/product_cat?post=738771"},{"taxonomy":"product_tag","embeddable":true,"href":"https:\/\/roveyayinevi.com.tr\/index.php\/wp-json\/wp\/v2\/product_tag?post=738771"}],"curies":[{"name":"wp","href":"https:\/\/api.w.org\/{rel}","templated":true}]}}