{"id":738770,"date":"2025-08-27T23:56:36","date_gmt":"2025-08-27T20:56:36","guid":{"rendered":"https:\/\/roveyayinevi.com.tr\/index.php\/urun\/cocuk-gelisimi-i-ii\/"},"modified":"2026-04-16T02:48:54","modified_gmt":"2026-04-15T23:48:54","slug":"cocuk-gelisimi-i-ii","status":"publish","type":"product","link":"https:\/\/roveyayinevi.com.tr\/index.php\/urun\/cocuk-gelisimi-i-ii\/","title":{"rendered":"\u00c7ocuk Geli\u015fimi I-II"},"content":{"rendered":"<p>E\u011fiten Kitap \u00c7ocuk Geli\u015fimi 1 &#8211; 2 &#8211; Ay\u015fe Meri\u00e7, Erdal Meri\u00e7 E\u011fiten Kitap  Geli\u015fim, do\u011fum \u00f6ncesi d\u00f6nemden ba\u015flayarak bireyin ya\u015fam\u0131n\u0131n sonuna kadar devam eden bir s\u00fcre\u00e7tir. Bireyi tan\u0131man\u0131n ve anlaman\u0131n yolu ise onun geli\u015fim s\u00fcrecindeki bu ser\u00fcvenine e\u015flik etmekten ge\u00e7er. Bu kitap, do\u011fum \u00f6ncesi d\u00f6nemden ba\u015flamak \u00fczere bireyin geli\u015fim s\u00fcrecinde meydana gelen de\u011fi\u015fimleri geli\u015fim alanlar\u0131 ba\u011flam\u0131nda ele alarak a\u00e7\u0131klamak amac\u0131yla yaz\u0131lm\u0131\u015ft\u0131r.Kitap; tarihten g\u00fcn\u00fcm\u00fcze \u00e7ocukluk, geli\u015fimin temelleri, fiziksel geli\u015fim, motor (hareket) geli\u015fim, bili\u015fsel geli\u015fim, dil geli\u015fimi, ki\u015filik geli\u015fimi, sosyal geli\u015fim, duygusal geli\u015fim, ahlak geli\u015fimi ve cinsel geli\u015fim b\u00f6l\u00fcmlerinden olu\u015fmaktad\u0131r. Her b\u00f6l\u00fcmde, ele al\u0131nan geli\u015fim alan\u0131yla ilgili temel kavramlar ve geli\u015fim alan\u0131n\u0131n \u00f6zellikleri a\u00e7\u0131kland\u0131ktan sonra geli\u015fim alan\u0131yla ilgili kuramlara yer verilmi\u015f, geli\u015fim alan\u0131n\u0131 etkileyen fakt\u00f6rler a\u00e7\u0131klanm\u0131\u015f ve ilgili geli\u015fimalanlar\u0131nda \u00e7ocuklar\u0131n nas\u0131l desteklenmesi gerekti\u011fine y\u00f6nelik \u00f6nerilerde bulunulmu\u015ftur.Kitab\u0131n, \u00e7ocuklar\u0131n geli\u015fim s\u00fcre\u00e7lerini tan\u0131yarak bu zorlu ve uzun soluklu s\u00fcre\u00e7te \u00e7ocuklar\u0131n geli\u015fimsel \u00f6zelliklerini desteklemek isteyen anne-babalara, e\u011fitimcilere, alanda \u00e7al\u0131\u015fan ara\u015ft\u0131rmac\u0131lara, e\u011fitim g\u00f6ren \u00fcniversite \u00f6\u011frencilerine ve ayr\u0131ca kendini tan\u0131maya ve anlamaya \u00e7al\u0131\u015fan t\u00fcm bireylere katk\u0131da bulunmas\u0131 dileklerimizle\u2026Kitab\u0131n haz\u0131rlanmas\u0131nda eme\u011fi ge\u00e7en t\u00fcm b\u00f6l\u00fcm yazarlar\u0131m\u0131za ve E\u011fiten Kitap Genel Yay\u0131n Koordinat\u00f6r\u00fc \u00d6zg\u00fcr Do\u011fan ba\u015fta olmak \u00fczere yay\u0131nevinde \u00e7al\u0131\u015fan t\u00fcm emek\u00e7ilere te\u015fekk\u00fcrlerimizi sunar\u0131z.A\u011fustos 2021Edit\u00f6rler\u00d6\u011fr. G\u00f6r. Ay\u015fe MER\u0130\u00c7\u00d6\u011fr. G\u00f6r. Erdal MER\u0130\u00c7<\/p>\n","protected":false},"excerpt":{"rendered":"<p>E\u011fiten Kitap \u00c7ocuk Geli\u015fimi 1 &#8211; 2 &#8211; Ay\u015fe Meri\u00e7, Erdal Meri\u00e7 E\u011fiten Kitap Geli\u015fim, do\u011fum \u00f6ncesi d\u00f6nemden ba\u015flayarak bireyin ya\u015fam\u0131n\u0131n sonuna kadar devam eden bir<span class=\"excerpt-hellip\"> [\u2026]<\/span><\/p>\n","protected":false},"featured_media":0,"template":"","meta":{"_monsterinsights_skip_tracking":false,"_monsterinsights_sitenote_active":false,"_monsterinsights_sitenote_note":"","_monsterinsights_sitenote_category":0},"product_brand":[],"product_cat":[12573,12566],"product_tag":[],"class_list":{"0":"post-738770","1":"product","2":"type-product","3":"status-publish","5":"product_cat-akademik-kitaplar","6":"product_cat-egitim","7":"pa_cilt-ciltsiz","8":"pa_tur-kitap","9":"pa_yayinevi-egiten-kitap","10":"pa_yazar-ayse-meric-erdal-meric","12":"first","13":"instock","14":"sale","15":"shipping-taxable","16":"purchasable","17":"product-type-simple"},"_links":{"self":[{"href":"https:\/\/roveyayinevi.com.tr\/index.php\/wp-json\/wp\/v2\/product\/738770","targetHints":{"allow":["GET"]}}],"collection":[{"href":"https:\/\/roveyayinevi.com.tr\/index.php\/wp-json\/wp\/v2\/product"}],"about":[{"href":"https:\/\/roveyayinevi.com.tr\/index.php\/wp-json\/wp\/v2\/types\/product"}],"wp:attachment":[{"href":"https:\/\/roveyayinevi.com.tr\/index.php\/wp-json\/wp\/v2\/media?parent=738770"}],"wp:term":[{"taxonomy":"product_brand","embeddable":true,"href":"https:\/\/roveyayinevi.com.tr\/index.php\/wp-json\/wp\/v2\/product_brand?post=738770"},{"taxonomy":"product_cat","embeddable":true,"href":"https:\/\/roveyayinevi.com.tr\/index.php\/wp-json\/wp\/v2\/product_cat?post=738770"},{"taxonomy":"product_tag","embeddable":true,"href":"https:\/\/roveyayinevi.com.tr\/index.php\/wp-json\/wp\/v2\/product_tag?post=738770"}],"curies":[{"name":"wp","href":"https:\/\/api.w.org\/{rel}","templated":true}]}}