{"id":738768,"date":"2025-08-27T23:56:34","date_gmt":"2025-08-27T20:56:34","guid":{"rendered":"https:\/\/roveyayinevi.com.tr\/index.php\/urun\/okul-oncesinden-liseye-matematikle-dusunen-siniflar\/"},"modified":"2026-04-16T02:48:54","modified_gmt":"2026-04-15T23:48:54","slug":"okul-oncesinden-liseye-matematikle-dusunen-siniflar","status":"publish","type":"product","link":"https:\/\/roveyayinevi.com.tr\/index.php\/urun\/okul-oncesinden-liseye-matematikle-dusunen-siniflar\/","title":{"rendered":"Okul \u00d6ncesinden Liseye Matematikle D\u00fc\u015f\u00fcnen S\u0131n\u0131flar"},"content":{"rendered":"<p>E\u011fitim s\u00fcrecinde yer alan payda\u015flar\u0131n t\u00fcm \u00e7abalar\u0131na ra\u011fmen s\u0131n\u0131flar\u0131m\u0131zda \u00f6\u011fretimi planlayan \u00f6\u011fretmenlerin, \u00f6\u011frencilerinin d\u00fc\u015f\u00fcnmeyecekleri veya d\u00fc\u015f\u00fcnemeyecekleri varsay\u0131m\u0131 ile hareket etmeleri, d\u00fc\u015f\u00fcnen s\u0131n\u0131flar\u0131n varl\u0131\u011f\u0131 \u00f6n\u00fcnde \u00f6nemli bir engeldir. Ayr\u0131ca, t\u00fcm k\u00fclt\u00fcrlerde s\u0131n\u0131flar\u0131n fiziksel ortam\u0131 ve s\u0131n\u0131flarda ya\u015fananlar\u0131n b\u00fcy\u00fck oranda benze\u015fmesi, bunlar aras\u0131nda bir ba\u011flant\u0131 olup olmad\u0131\u011f\u0131 sorusunu akla getirmektedir. Acaba t\u00fcm okullar\u0131 ve s\u0131n\u0131flar\u0131 etkileyen kurumsal normlar, d\u00fc\u015f\u00fcnmenin olmad\u0131\u011f\u0131 davran\u0131\u015flar\u0131 destekliyor olabilir mi? E\u011fer bu do\u011fruysa, \u00f6\u011frencilerin d\u00fc\u015f\u00fcnmesini sa\u011flamak i\u00e7in kurumsal normlar\u0131n temelden de\u011fi\u015ftirilmesi gerekmektedir. Bu de\u011fi\u015fim, \u00f6\u011frencilerin \u201cdaha iyi\u201d d\u00fc\u015f\u00fcnmelerini ve matemati\u011fi bir d\u00fc\u015f\u00fcnme arac\u0131 olarak kullanmalar\u0131n\u0131 desteklemelidir. \u00d6\u011frencilerimizin birbirleriyle konu\u015fmalar\u0131na, karma\u015f\u0131k problemler \u00fczerinde d\u00fc\u015f\u00fcnmelerine, \u00f6\u011frenme s\u00fcrecinde \u00f6\u011fretmenleri ile daha az fakat birbirleri ile daha \u00e7ok i\u015f birli\u011fi yapmalar\u0131na ihtiya\u00e7lar\u0131 vard\u0131r. De\u011fi\u015fme cesaretine sahip her \u00f6\u011fretmen i\u00e7in faydal\u0131 olmas\u0131 dile\u011fiyle\u2026<\/p>\n","protected":false},"excerpt":{"rendered":"<p>E\u011fitim s\u00fcrecinde yer alan payda\u015flar\u0131n t\u00fcm \u00e7abalar\u0131na ra\u011fmen s\u0131n\u0131flar\u0131m\u0131zda \u00f6\u011fretimi planlayan \u00f6\u011fretmenlerin, \u00f6\u011frencilerinin d\u00fc\u015f\u00fcnmeyecekleri veya d\u00fc\u015f\u00fcnemeyecekleri varsay\u0131m\u0131 ile hareket etmeleri, d\u00fc\u015f\u00fcnen s\u0131n\u0131flar\u0131n varl\u0131\u011f\u0131 \u00f6n\u00fcnde \u00f6nemli bir<span class=\"excerpt-hellip\"> [\u2026]<\/span><\/p>\n","protected":false},"featured_media":0,"template":"","meta":{"_monsterinsights_skip_tracking":false,"_monsterinsights_sitenote_active":false,"_monsterinsights_sitenote_note":"","_monsterinsights_sitenote_category":0},"product_brand":[],"product_cat":[12573,12566],"product_tag":[],"class_list":{"0":"post-738768","1":"product","2":"type-product","3":"status-publish","5":"product_cat-akademik-kitaplar","6":"product_cat-egitim","7":"pa_cilt-ciltsiz","8":"pa_tur-kitap","9":"pa_yayinevi-ani-yayincilik","10":"pa_yazar-peter-liljedahl","12":"first","13":"instock","14":"sale","15":"shipping-taxable","16":"purchasable","17":"product-type-simple"},"_links":{"self":[{"href":"https:\/\/roveyayinevi.com.tr\/index.php\/wp-json\/wp\/v2\/product\/738768","targetHints":{"allow":["GET"]}}],"collection":[{"href":"https:\/\/roveyayinevi.com.tr\/index.php\/wp-json\/wp\/v2\/product"}],"about":[{"href":"https:\/\/roveyayinevi.com.tr\/index.php\/wp-json\/wp\/v2\/types\/product"}],"wp:attachment":[{"href":"https:\/\/roveyayinevi.com.tr\/index.php\/wp-json\/wp\/v2\/media?parent=738768"}],"wp:term":[{"taxonomy":"product_brand","embeddable":true,"href":"https:\/\/roveyayinevi.com.tr\/index.php\/wp-json\/wp\/v2\/product_brand?post=738768"},{"taxonomy":"product_cat","embeddable":true,"href":"https:\/\/roveyayinevi.com.tr\/index.php\/wp-json\/wp\/v2\/product_cat?post=738768"},{"taxonomy":"product_tag","embeddable":true,"href":"https:\/\/roveyayinevi.com.tr\/index.php\/wp-json\/wp\/v2\/product_tag?post=738768"}],"curies":[{"name":"wp","href":"https:\/\/api.w.org\/{rel}","templated":true}]}}