{"id":738766,"date":"2025-08-27T23:56:32","date_gmt":"2025-08-27T20:56:32","guid":{"rendered":"https:\/\/roveyayinevi.com.tr\/index.php\/urun\/filmlerden-daha-guzel-ciltli\/"},"modified":"2026-04-16T02:48:54","modified_gmt":"2026-04-15T23:48:54","slug":"filmlerden-daha-guzel-ciltli","status":"publish","type":"product","link":"https:\/\/roveyayinevi.com.tr\/index.php\/urun\/filmlerden-daha-guzel-ciltli\/","title":{"rendered":"Filmlerden Daha G\u00fczel  (Ciltli)"},"content":{"rendered":"<p>Lynn Painter\u2019\u0131n \u00e7\u0131k\u0131\u015f kitab\u0131 &#8220;Filmlerden Daha G\u00fczel&#8221;de, romantik komedi filmlerine tak\u0131nt\u0131l\u0131 bir gen\u00e7 k\u0131z\u0131n, hayalinde b\u00fcy\u00fctt\u00fc\u011f\u00fc a\u015fk\u0131n pe\u015finden ko\u015fmas\u0131n\u0131n ve daima yan\u0131nda olan birine \u00e2\u015f\u0131k olmas\u0131n\u0131n samimi ve e\u011flenceli hik\u00e2yesine tan\u0131k olacaks\u0131n\u0131z.   \u201cBen, bir o\u011flan\u0131n \u00f6n\u00fcnde durmu\u015f, beni sevmesini isteyen bir k\u0131z\u0131m sadece.\u201d \u2014A\u015fk Engel Tan\u0131maz   Liz Buxbaum, hayat\u0131 boyunca a\u015fka inanan biri olmu\u015ftur. A\u015fk hayat\u0131nda, umdu\u011fu heyecana sahip olamasa bile \u00e7ocuklu\u011fundan beri i\u00e7 i\u00e7e oldu\u011fu romantik komedi filmleri sayesinde, bir g\u00fcn O\u2019nu bulaca\u011f\u0131n\u0131 biliyordur. Bulmak zorundad\u0131r. Bu y\u00fczden, \u00e7ocukluk a\u015fk\u0131 Michael Young, hayat\u0131na tekrar girince Liz\u2019in b\u00fct\u00fcn umutlar\u0131 ye\u015ferir ve akl\u0131nda k\u0131rk tilki dola\u015fmaya ba\u015flar. B\u00f6ylece Liz, \u00e7ocuklu\u011fundan beri en b\u00fcy\u00fck d\u00fc\u015fman\u0131 olan ve onu rezil etmeyi g\u00f6rev edinmi\u015f Wesley Bennett ile a\u015fk u\u011fruna i\u015fbirli\u011fi yapmak zorunda kal\u0131r. Ama a\u015fk her \u015feye de\u011ferdir, de\u011fil mi?   Liz, bir yandan Wes\u2019le planlar yap\u0131p ad\u0131m ad\u0131m Michael\u2019a yakla\u015fmaya \u00e7al\u0131\u015f\u0131rken \u00f6te yandan s\u00fcrekli Wes\u2019le tak\u0131lmaya ba\u015flar. Bu durum, insanlar\u0131n dikkatini \u00e7ekmeye ba\u015flay\u0131nca i\u015flerin sarpa sarmas\u0131 ka\u00e7\u0131n\u0131lmaz bir h\u00e2l al\u0131r ve Liz, kendini hi\u00e7 ummad\u0131\u011f\u0131 bir yerde bulur.   Zaten s\u00f6z konusu a\u015fk olunca her \u015feyin planland\u0131\u011f\u0131 gibi gitti\u011fi nerede g\u00f6r\u00fclm\u00fc\u015ft\u00fcr ki?<\/p>\n","protected":false},"excerpt":{"rendered":"<p>Lynn Painter\u2019\u0131n \u00e7\u0131k\u0131\u015f kitab\u0131 &#8220;Filmlerden Daha G\u00fczel&#8221;de, romantik komedi filmlerine tak\u0131nt\u0131l\u0131 bir gen\u00e7 k\u0131z\u0131n, hayalinde b\u00fcy\u00fctt\u00fc\u011f\u00fc a\u015fk\u0131n pe\u015finden ko\u015fmas\u0131n\u0131n ve daima yan\u0131nda olan birine \u00e2\u015f\u0131k olmas\u0131n\u0131n<span class=\"excerpt-hellip\"> [\u2026]<\/span><\/p>\n","protected":false},"featured_media":0,"template":"","meta":{"_monsterinsights_skip_tracking":false,"_monsterinsights_sitenote_active":false,"_monsterinsights_sitenote_note":"","_monsterinsights_sitenote_category":0},"product_brand":[],"product_cat":[12291,12711],"product_tag":[],"class_list":{"0":"post-738766","1":"product","2":"type-product","3":"status-publish","5":"product_cat-edebiyat","6":"product_cat-roman-oyku","7":"pa_cilt-ciltli","8":"pa_tur-kitap","9":"pa_yayinevi-artemis-yayinlari","10":"pa_yazar-lynn-painter","12":"first","13":"instock","14":"sale","15":"shipping-taxable","16":"purchasable","17":"product-type-simple"},"_links":{"self":[{"href":"https:\/\/roveyayinevi.com.tr\/index.php\/wp-json\/wp\/v2\/product\/738766","targetHints":{"allow":["GET"]}}],"collection":[{"href":"https:\/\/roveyayinevi.com.tr\/index.php\/wp-json\/wp\/v2\/product"}],"about":[{"href":"https:\/\/roveyayinevi.com.tr\/index.php\/wp-json\/wp\/v2\/types\/product"}],"wp:attachment":[{"href":"https:\/\/roveyayinevi.com.tr\/index.php\/wp-json\/wp\/v2\/media?parent=738766"}],"wp:term":[{"taxonomy":"product_brand","embeddable":true,"href":"https:\/\/roveyayinevi.com.tr\/index.php\/wp-json\/wp\/v2\/product_brand?post=738766"},{"taxonomy":"product_cat","embeddable":true,"href":"https:\/\/roveyayinevi.com.tr\/index.php\/wp-json\/wp\/v2\/product_cat?post=738766"},{"taxonomy":"product_tag","embeddable":true,"href":"https:\/\/roveyayinevi.com.tr\/index.php\/wp-json\/wp\/v2\/product_tag?post=738766"}],"curies":[{"name":"wp","href":"https:\/\/api.w.org\/{rel}","templated":true}]}}