{"id":738763,"date":"2025-08-27T23:56:28","date_gmt":"2025-08-27T20:56:28","guid":{"rendered":"https:\/\/roveyayinevi.com.tr\/index.php\/urun\/uzaklar-icin\/"},"modified":"2026-04-16T02:48:54","modified_gmt":"2026-04-15T23:48:54","slug":"uzaklar-icin","status":"publish","type":"product","link":"https:\/\/roveyayinevi.com.tr\/index.php\/urun\/uzaklar-icin\/","title":{"rendered":"Uzaklar \u0130\u00e7in"},"content":{"rendered":"<p>\u015eiirin t\u00fcm evreni kaplayan bir pelerin oldu\u011funa inan\u0131yorum ve Burak Nefeso\u011flu &#8220;Uzaklar \u0130\u00e7in&#8221; adl\u0131 kitab\u0131yla bu pelerini bir ucundan s\u0131k\u0131ca kavram\u0131\u015f. Ya\u015fam\u0131n bizi s\u00fcr\u00fckledi\u011fi yolda, zaman\u0131n d\u0131\u015f\u0131na \u00e7\u0131karak baksan\u0131z da g\u00f6rmedi\u011finiz bir\u00e7ok \u015feyi hat\u0131rlatacak size bu eser. Bazen ya\u015fam\u0131n da d\u0131\u015f\u0131nda bulacaks\u0131n\u0131z g\u00f6lgenizi&#8230;  Ferdi \u00d6rnek   Biz belki g\u00f6remeyece\u011fiz o g\u00fcnleri bu ba\u015f\u0131 bulutlu \u00e7\u0131nar g\u00f6recek. \u0130nan buna yavrum, bir tek buna inan ba\u015fka t\u00fcrl\u00fc bu \u00e7\u0131nar nas\u0131l ye\u015ferecek? <\/p>\n","protected":false},"excerpt":{"rendered":"<p>\u015eiirin t\u00fcm evreni kaplayan bir pelerin oldu\u011funa inan\u0131yorum ve Burak Nefeso\u011flu &#8220;Uzaklar \u0130\u00e7in&#8221; adl\u0131 kitab\u0131yla bu pelerini bir ucundan s\u0131k\u0131ca kavram\u0131\u015f. Ya\u015fam\u0131n bizi s\u00fcr\u00fckledi\u011fi yolda, zaman\u0131n<span class=\"excerpt-hellip\"> [\u2026]<\/span><\/p>\n","protected":false},"featured_media":0,"template":"","meta":{"_monsterinsights_skip_tracking":false,"_monsterinsights_sitenote_active":false,"_monsterinsights_sitenote_note":"","_monsterinsights_sitenote_category":0},"product_brand":[],"product_cat":[12291,12509],"product_tag":[],"class_list":{"0":"post-738763","1":"product","2":"type-product","3":"status-publish","5":"product_cat-edebiyat","6":"product_cat-siir","7":"pa_cilt-ciltsiz","8":"pa_tur-kitap","9":"pa_yayinevi-imgenin-cocuklari","10":"pa_yazar-burak-nefesoglu","12":"first","13":"instock","14":"sale","15":"shipping-taxable","16":"purchasable","17":"product-type-simple"},"_links":{"self":[{"href":"https:\/\/roveyayinevi.com.tr\/index.php\/wp-json\/wp\/v2\/product\/738763","targetHints":{"allow":["GET"]}}],"collection":[{"href":"https:\/\/roveyayinevi.com.tr\/index.php\/wp-json\/wp\/v2\/product"}],"about":[{"href":"https:\/\/roveyayinevi.com.tr\/index.php\/wp-json\/wp\/v2\/types\/product"}],"wp:attachment":[{"href":"https:\/\/roveyayinevi.com.tr\/index.php\/wp-json\/wp\/v2\/media?parent=738763"}],"wp:term":[{"taxonomy":"product_brand","embeddable":true,"href":"https:\/\/roveyayinevi.com.tr\/index.php\/wp-json\/wp\/v2\/product_brand?post=738763"},{"taxonomy":"product_cat","embeddable":true,"href":"https:\/\/roveyayinevi.com.tr\/index.php\/wp-json\/wp\/v2\/product_cat?post=738763"},{"taxonomy":"product_tag","embeddable":true,"href":"https:\/\/roveyayinevi.com.tr\/index.php\/wp-json\/wp\/v2\/product_tag?post=738763"}],"curies":[{"name":"wp","href":"https:\/\/api.w.org\/{rel}","templated":true}]}}