{"id":738762,"date":"2025-08-27T23:56:26","date_gmt":"2025-08-27T20:56:26","guid":{"rendered":"https:\/\/roveyayinevi.com.tr\/index.php\/urun\/gokyuzu\/"},"modified":"2026-04-16T02:48:54","modified_gmt":"2026-04-15T23:48:54","slug":"gokyuzu","status":"publish","type":"product","link":"https:\/\/roveyayinevi.com.tr\/index.php\/urun\/gokyuzu\/","title":{"rendered":"G\u00f6ky\u00fcz\u00fc"},"content":{"rendered":"<p>Gelelim g\u00f6ky\u00fcz\u00fcne, senin g\u00f6ky\u00fcz\u00fcn benim. Sana kucak a\u00e7an, \u00f6zg\u00fcrl\u00fck istedi\u011finde sana her t\u00fcrl\u00fc \u00f6zg\u00fcrl\u00fc\u011f\u00fc ne olursa olsun sunacak, hep yan\u0131nda olacak benim. Seni \u00f6mr\u00fcm boyunca ba\u011fr\u0131mda ta\u015f\u0131yaca\u011f\u0131m. Sen hi\u00e7 bir zaman y\u00fck olmayacak bir \u00e7i\u00e7eksin. E\u011fer bir g\u00fcn g\u00f6ky\u00fcz\u00fcn kaybolursa, yan\u0131ndan ayr\u0131lmak zorunda olursa kalbinde olacak. Her g\u00f6\u011fe bakt\u0131\u011f\u0131nda orada olacak. Ne zaman s\u0131k\u0131nt\u0131l\u0131 olursan, \u00f6zg\u00fcr gibi hissetmezsen, elini kalbine koyup, ba\u015f\u0131n\u0131 g\u00f6\u011fe \u00e7evir i\u015fte o zaman \u00f6zg\u00fcrl\u00fc\u011f\u00fcn sana geri verilecektir. <\/p>\n","protected":false},"excerpt":{"rendered":"<p>Gelelim g\u00f6ky\u00fcz\u00fcne, senin g\u00f6ky\u00fcz\u00fcn benim. Sana kucak a\u00e7an, \u00f6zg\u00fcrl\u00fck istedi\u011finde sana her t\u00fcrl\u00fc \u00f6zg\u00fcrl\u00fc\u011f\u00fc ne olursa olsun sunacak, hep yan\u0131nda olacak benim. Seni \u00f6mr\u00fcm boyunca ba\u011fr\u0131mda<span class=\"excerpt-hellip\"> [\u2026]<\/span><\/p>\n","protected":false},"featured_media":0,"template":"","meta":{"_monsterinsights_skip_tracking":false,"_monsterinsights_sitenote_active":false,"_monsterinsights_sitenote_note":"","_monsterinsights_sitenote_category":0},"product_brand":[],"product_cat":[12291,12711],"product_tag":[],"class_list":{"0":"post-738762","1":"product","2":"type-product","3":"status-publish","5":"product_cat-edebiyat","6":"product_cat-roman-oyku","7":"pa_cilt-ciltsiz","8":"pa_tur-kitap","9":"pa_yayinevi-imgenin-cocuklari","10":"pa_yazar-cilem-akpinar","12":"first","13":"instock","14":"sale","15":"shipping-taxable","16":"purchasable","17":"product-type-simple"},"_links":{"self":[{"href":"https:\/\/roveyayinevi.com.tr\/index.php\/wp-json\/wp\/v2\/product\/738762","targetHints":{"allow":["GET"]}}],"collection":[{"href":"https:\/\/roveyayinevi.com.tr\/index.php\/wp-json\/wp\/v2\/product"}],"about":[{"href":"https:\/\/roveyayinevi.com.tr\/index.php\/wp-json\/wp\/v2\/types\/product"}],"wp:attachment":[{"href":"https:\/\/roveyayinevi.com.tr\/index.php\/wp-json\/wp\/v2\/media?parent=738762"}],"wp:term":[{"taxonomy":"product_brand","embeddable":true,"href":"https:\/\/roveyayinevi.com.tr\/index.php\/wp-json\/wp\/v2\/product_brand?post=738762"},{"taxonomy":"product_cat","embeddable":true,"href":"https:\/\/roveyayinevi.com.tr\/index.php\/wp-json\/wp\/v2\/product_cat?post=738762"},{"taxonomy":"product_tag","embeddable":true,"href":"https:\/\/roveyayinevi.com.tr\/index.php\/wp-json\/wp\/v2\/product_tag?post=738762"}],"curies":[{"name":"wp","href":"https:\/\/api.w.org\/{rel}","templated":true}]}}