{"id":738758,"date":"2025-08-27T23:56:21","date_gmt":"2025-08-27T20:56:21","guid":{"rendered":"https:\/\/roveyayinevi.com.tr\/index.php\/urun\/imam-katil-hayat-kadini-kesisen-yollar\/"},"modified":"2026-04-16T02:48:54","modified_gmt":"2026-04-15T23:48:54","slug":"imam-katil-hayat-kadini-kesisen-yollar","status":"publish","type":"product","link":"https:\/\/roveyayinevi.com.tr\/index.php\/urun\/imam-katil-hayat-kadini-kesisen-yollar\/","title":{"rendered":"\u0130mam-Katil-Hayat Kad\u0131n\u0131 &#8211; Kesi\u015fen Yollar"},"content":{"rendered":"<p>Sevdi\u011fimiz \u00f6l\u00fcler var ve sevmedi\u011fimiz diriler \u00e7ok Ge\u00e7tim aralar\u0131ndan kirin pusun ve tela\u015f\u0131n G\u00f6vdemden ge\u00e7tim \u00f6nce, sonra akl\u0131m\u0131 kaybettim Yaln\u0131zd\u0131m hep ve bunu mesele yapmayacak kadar \u015euursuzdum san\u0131r\u0131m, son \u00e7are sana geldim Merhamet et, merhamet bir bak\u0131\u015f\u0131nla m\u00fcmk\u00fcn \u00c7ok zaman kaybettim, \u00e7ok \u00fczg\u00fcn\u00fcm, ne desem bo\u015f \u0130htimal var bir daha o da \u00f6lmek olmasa ke\u015fke! Erkan \u00dcnl\u00fc, \u00fc\u00e7\u00fcnc\u00fc roman\u0131 \u0130mam-Katil-Hayat Kad\u0131n\u0131\u2019ndaki i\u00e7e i\u00e7e ge\u00e7mi\u015f kurgusuyla, okuyucusunun hat\u0131r\u0131nda yer edecek bir romana daha imza at\u0131yor. <\/p>\n","protected":false},"excerpt":{"rendered":"<p>Sevdi\u011fimiz \u00f6l\u00fcler var ve sevmedi\u011fimiz diriler \u00e7ok Ge\u00e7tim aralar\u0131ndan kirin pusun ve tela\u015f\u0131n G\u00f6vdemden ge\u00e7tim \u00f6nce, sonra akl\u0131m\u0131 kaybettim Yaln\u0131zd\u0131m hep ve bunu mesele yapmayacak kadar<span class=\"excerpt-hellip\"> [\u2026]<\/span><\/p>\n","protected":false},"featured_media":0,"template":"","meta":{"_monsterinsights_skip_tracking":false,"_monsterinsights_sitenote_active":false,"_monsterinsights_sitenote_note":"","_monsterinsights_sitenote_category":0},"product_brand":[],"product_cat":[12291,12711],"product_tag":[],"class_list":{"0":"post-738758","1":"product","2":"type-product","3":"status-publish","5":"product_cat-edebiyat","6":"product_cat-roman-oyku","7":"pa_cilt-ciltsiz","8":"pa_tur-kitap","9":"pa_yayinevi-luna-yayinlari","10":"pa_yazar-erkan-unlu","12":"first","13":"instock","14":"sale","15":"shipping-taxable","16":"purchasable","17":"product-type-simple"},"_links":{"self":[{"href":"https:\/\/roveyayinevi.com.tr\/index.php\/wp-json\/wp\/v2\/product\/738758","targetHints":{"allow":["GET"]}}],"collection":[{"href":"https:\/\/roveyayinevi.com.tr\/index.php\/wp-json\/wp\/v2\/product"}],"about":[{"href":"https:\/\/roveyayinevi.com.tr\/index.php\/wp-json\/wp\/v2\/types\/product"}],"wp:attachment":[{"href":"https:\/\/roveyayinevi.com.tr\/index.php\/wp-json\/wp\/v2\/media?parent=738758"}],"wp:term":[{"taxonomy":"product_brand","embeddable":true,"href":"https:\/\/roveyayinevi.com.tr\/index.php\/wp-json\/wp\/v2\/product_brand?post=738758"},{"taxonomy":"product_cat","embeddable":true,"href":"https:\/\/roveyayinevi.com.tr\/index.php\/wp-json\/wp\/v2\/product_cat?post=738758"},{"taxonomy":"product_tag","embeddable":true,"href":"https:\/\/roveyayinevi.com.tr\/index.php\/wp-json\/wp\/v2\/product_tag?post=738758"}],"curies":[{"name":"wp","href":"https:\/\/api.w.org\/{rel}","templated":true}]}}