{"id":738756,"date":"2025-08-27T23:56:19","date_gmt":"2025-08-27T20:56:19","guid":{"rendered":"https:\/\/roveyayinevi.com.tr\/index.php\/urun\/mustafa-kemal-ataturkun-giyim-tarzi-ve-moda-anlayisi\/"},"modified":"2026-04-16T02:48:53","modified_gmt":"2026-04-15T23:48:53","slug":"mustafa-kemal-ataturkun-giyim-tarzi-ve-moda-anlayisi","status":"publish","type":"product","link":"https:\/\/roveyayinevi.com.tr\/index.php\/urun\/mustafa-kemal-ataturkun-giyim-tarzi-ve-moda-anlayisi\/","title":{"rendered":"Mustafa Kemal Atat\u00fcrk\u2019\u00fcn Giyim Tarz\u0131 ve Moda Anlay\u0131\u015f\u0131"},"content":{"rendered":"<p>Bug\u00fcne kadar B\u00fcy\u00fck Atat\u00fcrk\u2019\u00fcn hemen her ba\u015far\u0131s\u0131 kaleme al\u0131nm\u0131\u015ft\u0131r. Askeri dehas\u0131, diplomatl\u0131\u011f\u0131, e\u011fitimcili\u011fi, tarih\u00e7ili\u011fi, vatan sevgisi, bayrak sevgisi, okuma sevgisi, sava\u015f sanatk\u00e2rl\u0131\u011f\u0131 ve nihayet, \u0130nsan sevgisi. \u0130lme ve bilgiye olan ilgisi. Yaln\u0131z k\u0131yafetleri ve giyiminin bu ba\u015far\u0131lar\u0131yla ilgisi \u00fczerinde yeterince durulmam\u0131\u015ft\u0131. Hangi giyece\u011fi nerede ve ni\u00e7in giydi\u011fi, Sonu\u00e7lar\u0131 \u00fczerinde yeterince durulmam\u0131\u015ft\u0131. \u201cT\u00fcrk\u2019\u00fcn geleneksel dostu yoktur.\u201d Atat\u00fcrk. \u0130\u015fte ilk kez bu kitapta bu ba\u015far\u0131y\u0131 da g\u00f6receksiniz. Hangi giysiyi nerede ve ne mesaj vermek istedi\u011fini kitab\u0131n i\u00e7eri\u011finde g\u00f6rmek m\u00fcmk\u00fcnd\u00fcr. \u201cSava\u015f, bir tarih oyunudur. Bazen, en mahiri de yenilir.\u201d Atat\u00fcrk\u2019ten Trikopis\u2019e \u201cTarihini bilmeyenlerin co\u011frafyas\u0131n\u0131 ba\u015fkalar\u0131 \u00e7izer.\u201d Atat\u00fcrk. Bir tek d\u00fc\u015fmanla fazla d\u00f6v\u00fc\u015fmemelisin, aksi halde ona b\u00fct\u00fcn sava\u015f sanat\u0131n\u0131 \u00f6\u011fretirsin. Napoleon Bonaparte.<\/p>\n","protected":false},"excerpt":{"rendered":"<p>Bug\u00fcne kadar B\u00fcy\u00fck Atat\u00fcrk\u2019\u00fcn hemen her ba\u015far\u0131s\u0131 kaleme al\u0131nm\u0131\u015ft\u0131r. Askeri dehas\u0131, diplomatl\u0131\u011f\u0131, e\u011fitimcili\u011fi, tarih\u00e7ili\u011fi, vatan sevgisi, bayrak sevgisi, okuma sevgisi, sava\u015f sanatk\u00e2rl\u0131\u011f\u0131 ve nihayet, \u0130nsan sevgisi.<span class=\"excerpt-hellip\"> [\u2026]<\/span><\/p>\n","protected":false},"featured_media":0,"template":"","meta":{"_monsterinsights_skip_tracking":false,"_monsterinsights_sitenote_active":false,"_monsterinsights_sitenote_note":"","_monsterinsights_sitenote_category":0},"product_brand":[],"product_cat":[12370,12304],"product_tag":[],"class_list":{"0":"post-738756","1":"product","2":"type-product","3":"status-publish","5":"product_cat-arastirma-inceleme","6":"product_cat-tarih","7":"pa_cilt-ciltsiz","8":"pa_tur-kitap","9":"pa_yayinevi-imbik-yayinlari","10":"pa_yazar-alaeddin-usta","12":"first","13":"instock","14":"sale","15":"shipping-taxable","16":"purchasable","17":"product-type-simple"},"_links":{"self":[{"href":"https:\/\/roveyayinevi.com.tr\/index.php\/wp-json\/wp\/v2\/product\/738756","targetHints":{"allow":["GET"]}}],"collection":[{"href":"https:\/\/roveyayinevi.com.tr\/index.php\/wp-json\/wp\/v2\/product"}],"about":[{"href":"https:\/\/roveyayinevi.com.tr\/index.php\/wp-json\/wp\/v2\/types\/product"}],"wp:attachment":[{"href":"https:\/\/roveyayinevi.com.tr\/index.php\/wp-json\/wp\/v2\/media?parent=738756"}],"wp:term":[{"taxonomy":"product_brand","embeddable":true,"href":"https:\/\/roveyayinevi.com.tr\/index.php\/wp-json\/wp\/v2\/product_brand?post=738756"},{"taxonomy":"product_cat","embeddable":true,"href":"https:\/\/roveyayinevi.com.tr\/index.php\/wp-json\/wp\/v2\/product_cat?post=738756"},{"taxonomy":"product_tag","embeddable":true,"href":"https:\/\/roveyayinevi.com.tr\/index.php\/wp-json\/wp\/v2\/product_tag?post=738756"}],"curies":[{"name":"wp","href":"https:\/\/api.w.org\/{rel}","templated":true}]}}