{"id":738754,"date":"2025-08-27T23:56:17","date_gmt":"2025-08-27T20:56:17","guid":{"rendered":"https:\/\/roveyayinevi.com.tr\/index.php\/urun\/emine-isinsu-kitabi\/"},"modified":"2026-04-16T02:48:53","modified_gmt":"2026-04-15T23:48:53","slug":"emine-isinsu-kitabi","status":"publish","type":"product","link":"https:\/\/roveyayinevi.com.tr\/index.php\/urun\/emine-isinsu-kitabi\/","title":{"rendered":"Emine I\u015f\u0131nsu Kitab\u0131"},"content":{"rendered":"<p>Emine I\u015f\u0131nsu genelde T\u00fcrk-\u0130slam romanc\u0131s\u0131d\u0131r. Romac\u0131l\u0131\u011f\u0131na T\u00fcrk milliyet\u00e7ili\u011fi ruhu \u015f\u00f6yle yans\u0131m\u0131\u015ft\u0131r: Malazgirt Sava\u015f\u0131 ve Mill\u00ee M\u00fccadele gibi tarih\u00ee d\u00f6nemlere, kendi d\u00f6nemindeki T\u00fcrkiye i\u00e7i siyasi ve ideolojik olaylara ve T\u00fcrkiye d\u0131\u015f\u0131nda kalan di\u011fer T\u00fcrk topluluklar\u0131n\u0131n kendi \u00fclkelerinin h\u00e2kim devlet y\u00f6netimleri taraf\u0131ndan maruz kald\u0131klar\u0131 zul\u00fcmlere bir T\u00fcrk milliyet\u00e7isi, Turanc\u0131, T\u00fcrk\u00e7\u00fc ve \u00fclk\u00fcc\u00fc olarak yakla\u015fm\u0131\u015ft\u0131r. M\u00fcsl\u00fcmanl\u0131\u011f\u0131n\u0131n yans\u0131mas\u0131 ise \u015f\u00f6yledir: \u00d6zellikle Bat\u0131dan gelen \u0130slam d\u0131\u015f\u0131 ve \u0130slam kar\u015f\u0131t\u0131 sap\u0131k, \u00e7arp\u0131k, insan do\u011fas\u0131na ayk\u0131r\u0131 felsefe, ideoloji, d\u00fcnya g\u00f6r\u00fc\u015f\u00fc, hayat anlay\u0131\u015f\u0131 ve ateizm ve deizm gibi sapmalara kar\u015f\u0131 sahih \u0130slam iman\u0131n\u0131 tasavvuf kanal\u0131yla do\u011fru bir se\u00e7enek, tek hak inan\u00e7 ve ya\u015fama bi\u00e7imi, bir kurtulu\u015f ve do\u011fru yol olarak sunmu\u015ftur. Tarih\u00ee romanlar\u0131nda bir\u00e7ok postmodern ve liberal yazar\u0131n yapt\u0131\u011f\u0131 gibi T\u00fcrk tarihine ait ger\u00e7ekleri \u00e7arp\u0131tmadan, asl\u0131na ba\u011fl\u0131 kalarak i\u015flemi\u015f, ama o g\u00fcne ait de\u011ferleri, bak\u0131\u015f a\u00e7\u0131s\u0131n\u0131 d\u00fcnya g\u00f6r\u00fc\u015f\u00fcn\u00fc g\u00fcn\u00fcm\u00fcze ta\u015f\u0131maya, T\u00fcrk-\u0130slam tarihinin eskimeyen de\u011ferlerini \u00e7a\u011f\u0131m\u0131za uyarlayarak yeniden \u00fcretmeye ve g\u00fcncelle\u015ftirmeye \u00e7al\u0131\u015fm\u0131\u015ft\u0131r. Prof. Dr. Nurullah \u00c7ET\u0130N<\/p>\n","protected":false},"excerpt":{"rendered":"<p>Emine I\u015f\u0131nsu genelde T\u00fcrk-\u0130slam romanc\u0131s\u0131d\u0131r. Romac\u0131l\u0131\u011f\u0131na T\u00fcrk milliyet\u00e7ili\u011fi ruhu \u015f\u00f6yle yans\u0131m\u0131\u015ft\u0131r: Malazgirt Sava\u015f\u0131 ve Mill\u00ee M\u00fccadele gibi tarih\u00ee d\u00f6nemlere, kendi d\u00f6nemindeki T\u00fcrkiye i\u00e7i siyasi ve ideolojik<span class=\"excerpt-hellip\"> [\u2026]<\/span><\/p>\n","protected":false},"featured_media":0,"template":"","meta":{"_monsterinsights_skip_tracking":false,"_monsterinsights_sitenote_active":false,"_monsterinsights_sitenote_note":"","_monsterinsights_sitenote_category":0},"product_brand":[],"product_cat":[13072,12291],"product_tag":[],"class_list":{"0":"post-738754","1":"product","2":"type-product","3":"status-publish","5":"product_cat-arastirma-inceleme-referans","6":"product_cat-edebiyat","7":"pa_cilt-ciltsiz","8":"pa_tur-kitap","9":"pa_yayinevi-korkut-yayinlari","10":"pa_yazar-emine-gozde-ozgurel","12":"first","13":"instock","14":"sale","15":"shipping-taxable","16":"purchasable","17":"product-type-simple"},"_links":{"self":[{"href":"https:\/\/roveyayinevi.com.tr\/index.php\/wp-json\/wp\/v2\/product\/738754","targetHints":{"allow":["GET"]}}],"collection":[{"href":"https:\/\/roveyayinevi.com.tr\/index.php\/wp-json\/wp\/v2\/product"}],"about":[{"href":"https:\/\/roveyayinevi.com.tr\/index.php\/wp-json\/wp\/v2\/types\/product"}],"wp:attachment":[{"href":"https:\/\/roveyayinevi.com.tr\/index.php\/wp-json\/wp\/v2\/media?parent=738754"}],"wp:term":[{"taxonomy":"product_brand","embeddable":true,"href":"https:\/\/roveyayinevi.com.tr\/index.php\/wp-json\/wp\/v2\/product_brand?post=738754"},{"taxonomy":"product_cat","embeddable":true,"href":"https:\/\/roveyayinevi.com.tr\/index.php\/wp-json\/wp\/v2\/product_cat?post=738754"},{"taxonomy":"product_tag","embeddable":true,"href":"https:\/\/roveyayinevi.com.tr\/index.php\/wp-json\/wp\/v2\/product_tag?post=738754"}],"curies":[{"name":"wp","href":"https:\/\/api.w.org\/{rel}","templated":true}]}}