{"id":738753,"date":"2025-08-27T23:56:16","date_gmt":"2025-08-27T20:56:16","guid":{"rendered":"https:\/\/roveyayinevi.com.tr\/index.php\/urun\/konusan-bengu-taslar-kol-tigin-bilge-kagan-ve-tunyukuktan-gunumuze\/"},"modified":"2026-04-16T02:48:53","modified_gmt":"2026-04-15T23:48:53","slug":"konusan-bengu-taslar-kol-tigin-bilge-kagan-ve-tunyukuktan-gunumuze","status":"publish","type":"product","link":"https:\/\/roveyayinevi.com.tr\/index.php\/urun\/konusan-bengu-taslar-kol-tigin-bilge-kagan-ve-tunyukuktan-gunumuze\/","title":{"rendered":"Konu\u015fan Beng\u00fc Ta\u015flar  (K\u00f6l Tigin, Bilge Ka\u011fan ve Tunyukuk\u2019tan G\u00fcn\u00fcm\u00fcze)"},"content":{"rendered":"<p>Elinizdeki \u201cKONU\u015eAN BENG\u00dc TA\u015eLAR\u201d ad\u0131n\u0131 ta\u015f\u0131yan bu k\u00fc\u00e7\u00fck kitap\u00e7\u0131k, mesle\u011fi T\u00fcrkoloji olmayan, T\u00fcrk dilinin tarihini ve yaz\u0131l\u0131 eserlerini yak\u0131ndan tan\u0131mayan, \u00f6teki bilim dallar\u0131nda e\u011fitim ve \u00f6\u011fretim g\u00f6rm\u00fc\u015f, farkl\u0131 mesleklerden olan T\u00fcrk gen\u00e7leri i\u00e7in haz\u0131rlanm\u0131\u015f ve \u00e7e\u015fitli foto\u011fraf ve resimlerle de g\u00f6rselle\u015ftirilmi\u015f bir okuma belgeselidir. \u201cK\u00d6L T\u0130G\u0130N\u201d ile \u201cB\u0130LGE KA\u011eAN\u201d yaz\u0131tlar\u0131n\u0131n o zamanki deyi\u015flerini g\u00fcn\u00fcm\u00fcz T\u00fcrk gen\u00e7lerine T\u00fcrkiye T\u00fcrk\u00e7esi ile aktard\u0131k.  K\u00f6l Tigin ve Bilge Ka\u011fan yaz\u0131tlar\u0131nda anlat\u0131lmak istenen ifadeleri de\u011fi\u015ftirmeden, bazen parantez  i\u00e7inde ( ) o zamanki T\u00fcrk\u00e7eleri ile g\u00f6sterdik.<\/p>\n","protected":false},"excerpt":{"rendered":"<p>Elinizdeki \u201cKONU\u015eAN BENG\u00dc TA\u015eLAR\u201d ad\u0131n\u0131 ta\u015f\u0131yan bu k\u00fc\u00e7\u00fck kitap\u00e7\u0131k, mesle\u011fi T\u00fcrkoloji olmayan, T\u00fcrk dilinin tarihini ve yaz\u0131l\u0131 eserlerini yak\u0131ndan tan\u0131mayan, \u00f6teki bilim dallar\u0131nda e\u011fitim ve \u00f6\u011fretim<span class=\"excerpt-hellip\"> [\u2026]<\/span><\/p>\n","protected":false},"featured_media":0,"template":"","meta":{"_monsterinsights_skip_tracking":false,"_monsterinsights_sitenote_active":false,"_monsterinsights_sitenote_note":"","_monsterinsights_sitenote_category":0},"product_brand":[],"product_cat":[12370,12304],"product_tag":[],"class_list":{"0":"post-738753","1":"product","2":"type-product","3":"status-publish","5":"product_cat-arastirma-inceleme","6":"product_cat-tarih","7":"pa_cilt-ciltsiz","8":"pa_tur-kitap","9":"pa_yayinevi-korkut-yayinlari","10":"pa_yazar-tuncer-gulensoy","12":"first","13":"instock","14":"sale","15":"shipping-taxable","16":"purchasable","17":"product-type-simple"},"_links":{"self":[{"href":"https:\/\/roveyayinevi.com.tr\/index.php\/wp-json\/wp\/v2\/product\/738753","targetHints":{"allow":["GET"]}}],"collection":[{"href":"https:\/\/roveyayinevi.com.tr\/index.php\/wp-json\/wp\/v2\/product"}],"about":[{"href":"https:\/\/roveyayinevi.com.tr\/index.php\/wp-json\/wp\/v2\/types\/product"}],"wp:attachment":[{"href":"https:\/\/roveyayinevi.com.tr\/index.php\/wp-json\/wp\/v2\/media?parent=738753"}],"wp:term":[{"taxonomy":"product_brand","embeddable":true,"href":"https:\/\/roveyayinevi.com.tr\/index.php\/wp-json\/wp\/v2\/product_brand?post=738753"},{"taxonomy":"product_cat","embeddable":true,"href":"https:\/\/roveyayinevi.com.tr\/index.php\/wp-json\/wp\/v2\/product_cat?post=738753"},{"taxonomy":"product_tag","embeddable":true,"href":"https:\/\/roveyayinevi.com.tr\/index.php\/wp-json\/wp\/v2\/product_tag?post=738753"}],"curies":[{"name":"wp","href":"https:\/\/api.w.org\/{rel}","templated":true}]}}