{"id":738750,"date":"2025-08-27T23:56:13","date_gmt":"2025-08-27T20:56:13","guid":{"rendered":"https:\/\/roveyayinevi.com.tr\/index.php\/urun\/zor-zamanlarda-annelik\/"},"modified":"2026-04-16T02:48:53","modified_gmt":"2026-04-15T23:48:53","slug":"zor-zamanlarda-annelik","status":"publish","type":"product","link":"https:\/\/roveyayinevi.com.tr\/index.php\/urun\/zor-zamanlarda-annelik\/","title":{"rendered":"Zor Zamanlarda Annelik"},"content":{"rendered":"<p>Zor Zamanlarda AnnelikAnneleri\u0307n \u0130ki\u0307nci\u0307l Ter\u00f6r Deneyi\u0307mleri\u0307\u00dczeri\u0307ne Bi\u0307r Olgubi\u0307li\u0307m \u00c7al\u0131\u015fmas\u0131Meryem G\u00f6kyarUzman Psikolojik Dan\u0131\u015fman Meryem G\u00f6kyar, lisans e\u011fitimini \u0130hsan Do\u011framac\u0131 Bilkent \u00dcniversitesi \u0130ktisadi, \u0130dari ve Sosyal Bilimler Fak\u00fcltesi Psikoloji B\u00f6l\u00fcm\u00fcnde, y\u00fcksek lisans e\u011fitimini ise ODT\u00dc E\u011fitim Bilimleri B\u00f6l\u00fcm\u00fc Rehberlik ve Psikolojik Dan\u0131\u015fmanl\u0131k y\u00fcksek lisans program\u0131nda tamamlam\u0131\u015ft\u0131r. Ayn\u0131 zamanda Orta Do\u011fu \u00c7al\u0131\u015fmalar\u0131 \u00fczerine de e\u011fitim alm\u0131\u015f olan yazar, kriz ve travma dan\u0131\u015fmanl\u0131\u011f\u0131, \u00e7ocuklarla psikolojik dan\u0131\u015fma, kad\u0131n \u00e7al\u0131\u015fmalar\u0131 ve g\u00fcvenlik \u00e7al\u0131\u015fmalar\u0131 konular\u0131yla ilgilenmektedir.G\u00f6kyar\u2019\u0131n Prof. Dr. \u00d6zg\u00fcr Erdur-Baker dan\u0131\u015fmanl\u0131\u011f\u0131nda haz\u0131rlad\u0131\u011f\u0131 2017 tarihli \u201cMotherhood in Hard Times: A Phenomenological Study on Mothers\u2019 Concerns Against Terrorist Attacks in Turkey\u201d ba\u015fl\u0131kl\u0131 y\u00fcksek lisans tezi, \u201cOrta Do\u011fu Teknik \u00dcniversitesi Sosyal Bilimler Enstit\u00fcs\u00fc 2016-2017 E\u011fitim ve \u00d6\u011fretim Y\u0131l\u0131 En \u0130yi Tez \u00d6d\u00fcl\u00fc\u201d ve \u201cODT\u00dc 2017 Y\u0131l\u0131n Y\u00fcksek Lisans Tezi \u00c7i\u011fdem Bar\u00e7an Tansel Yay\u0131n \u00d6d\u00fcl\u00fc\u201d olmak \u00fczere iki ayr\u0131 \u00f6d\u00fcle lay\u0131k g\u00f6r\u00fclm\u00fc\u015ft\u00fcr. Bu ikinci \u00f6d\u00fcl kapsam\u0131nda kitapla\u015ft\u0131r\u0131lan tez \u00e7al\u0131\u015fmas\u0131, 2015-2016 d\u00f6neminde ya\u015fanm\u0131\u015f ter\u00f6r olaylar\u0131na do\u011frudan maruz kalmayan annelerin tepkilerini, \u00e7ocuklar\u0131n\u0131n tepkilerine ili\u015fkin alg\u0131lar\u0131n\u0131 ve ba\u015f etme stratejilerini ortaya koymaktad\u0131r. Ankara ve \u0130stanbul\u2019da 21 anne ile yap\u0131lan nitel g\u00f6r\u00fc\u015fmeler annelerin \u015fehirlerindeki ter\u00f6r olaylar\u0131 kar\u015f\u0131s\u0131nda yo\u011fun stres ve kayg\u0131 tepkileri verdiklerini; bunlarla ba\u015fa \u00e7\u0131kmak i\u00e7in \u00e7e\u015fitli y\u00f6ntemler geli\u015ftirdiklerini g\u00f6stermektedir. Dolay\u0131s\u0131yla, bu kitap kendi sosyo-k\u00fclt\u00fcrel ger\u00e7ekliklerimiz i\u00e7erisinde uluslararas\u0131 literat\u00fcrdeki \u00e7al\u0131s\u0327malar\u0131 de\u011ferlendirerek, toplumsal cinsiyet ve k\u00fclt\u00fcre duyarl\u0131l\u0131k a\u00e7\u0131s\u0131ndan daha ayaklar\u0131 yere basan \u00f6nleme ve m\u00fcdahale programlar\u0131 ger\u00e7ekles\u0327tirilmesine de olanak sag\u0306layacakt\u0131r.<\/p>\n","protected":false},"excerpt":{"rendered":"<p>Zor Zamanlarda AnnelikAnneleri\u0307n \u0130ki\u0307nci\u0307l Ter\u00f6r Deneyi\u0307mleri\u0307\u00dczeri\u0307ne Bi\u0307r Olgubi\u0307li\u0307m \u00c7al\u0131\u015fmas\u0131Meryem G\u00f6kyarUzman Psikolojik Dan\u0131\u015fman Meryem G\u00f6kyar, lisans e\u011fitimini \u0130hsan Do\u011framac\u0131 Bilkent \u00dcniversitesi \u0130ktisadi, \u0130dari ve Sosyal Bilimler Fak\u00fcltesi<span class=\"excerpt-hellip\"> [\u2026]<\/span><\/p>\n","protected":false},"featured_media":0,"template":"","meta":{"_monsterinsights_skip_tracking":false,"_monsterinsights_sitenote_active":false,"_monsterinsights_sitenote_note":"","_monsterinsights_sitenote_category":0},"product_brand":[],"product_cat":[14787,13488],"product_tag":[],"class_list":{"0":"post-738750","1":"product","2":"type-product","3":"status-publish","5":"product_cat-diger-toplum-ve-insan","6":"product_cat-toplum-ve-insan","7":"pa_cilt-ciltsiz","8":"pa_tur-kitap","9":"pa_yayinevi-odtu-akademik-kitaplar","10":"pa_yazar-meryem-gokyar","12":"first","13":"instock","14":"sale","15":"shipping-taxable","16":"purchasable","17":"product-type-simple"},"_links":{"self":[{"href":"https:\/\/roveyayinevi.com.tr\/index.php\/wp-json\/wp\/v2\/product\/738750","targetHints":{"allow":["GET"]}}],"collection":[{"href":"https:\/\/roveyayinevi.com.tr\/index.php\/wp-json\/wp\/v2\/product"}],"about":[{"href":"https:\/\/roveyayinevi.com.tr\/index.php\/wp-json\/wp\/v2\/types\/product"}],"wp:attachment":[{"href":"https:\/\/roveyayinevi.com.tr\/index.php\/wp-json\/wp\/v2\/media?parent=738750"}],"wp:term":[{"taxonomy":"product_brand","embeddable":true,"href":"https:\/\/roveyayinevi.com.tr\/index.php\/wp-json\/wp\/v2\/product_brand?post=738750"},{"taxonomy":"product_cat","embeddable":true,"href":"https:\/\/roveyayinevi.com.tr\/index.php\/wp-json\/wp\/v2\/product_cat?post=738750"},{"taxonomy":"product_tag","embeddable":true,"href":"https:\/\/roveyayinevi.com.tr\/index.php\/wp-json\/wp\/v2\/product_tag?post=738750"}],"curies":[{"name":"wp","href":"https:\/\/api.w.org\/{rel}","templated":true}]}}