{"id":738749,"date":"2025-08-27T23:56:12","date_gmt":"2025-08-27T20:56:12","guid":{"rendered":"https:\/\/roveyayinevi.com.tr\/index.php\/urun\/matbu-mimarliklar\/"},"modified":"2026-04-16T02:48:53","modified_gmt":"2026-04-15T23:48:53","slug":"matbu-mimarliklar","status":"publish","type":"product","link":"https:\/\/roveyayinevi.com.tr\/index.php\/urun\/matbu-mimarliklar\/","title":{"rendered":"Matbu Mimarl\u0131klar"},"content":{"rendered":"<p>Selda Banc\u0131, Gazi \u00dcniversitesi Mimarl\u0131k B\u00f6l\u00fcm\u00fcn\u00fc bitirdi. Mimarl\u0131k, i\u00e7 mimarl\u0131k ve \u015fehir planlama b\u00fcrolar\u0131nda, mutfak ve ofis mobilyas\u0131 firmalar\u0131nda mimarl\u0131k yapt\u0131. Mimarl\u0131\u011fa ve kente dair pek \u00e7ok projenin yarat\u0131c\u0131 ve uygulay\u0131c\u0131 ekiplerinde yer al\u0131rken, ODT\u00dc, Mimarlar Derne\u011fi 1927, Mimarlar Odas\u0131, \u0130stanbul Serbest Mimarlar Derne\u011fi gibi kurumlar ve ba\u011f\u0131ms\u0131z organizasyonlar i\u00e7in kimi zaman g\u00f6n\u00fcll\u00fc kimi zaman profesyonel olarak g\u00f6revler \u00fcstlendi. Orta Do\u011fu Teknik \u00dcniversitesi Mimarl\u0131k Tarihi Y\u00fcksek Lisans program\u0131n\u0131, 1958 Br\u00fcksel Expo\u2019sundaki T\u00fcrk Pavyonu: T\u00fcrkiye\u2019de 1950\u2019li y\u0131llardaki Mimari \u00c7a\u011fda\u015fla\u015fma \u00dczerine Bir \u00c7al\u0131\u015fma ba\u015fl\u0131kl\u0131 teziyle tamamlad\u0131. Mimarlar Odas\u0131 Yay\u0131nlar\u0131, Anma Program\u0131 Dizisi i\u00e7erisinde yay\u0131mlanan Ernst A. Egli: T\u00fcrkiye\u2019ye Katk\u0131lar &#8211; Yerel Yorumlar, E\u011fitimde Program, Prati\u011fin Muhasebesi ba\u015fl\u0131kl\u0131 kitab\u0131n Ali Cengizkan ve N. M\u00fcge Cengizkan ile birlikte edit\u00f6rl\u00fc\u011f\u00fcn\u00fc \u00fcstlendi. Halen Mimarlar Derne\u011fi 1927\u2019nin Y\u00f6netim Kurulu Sekreter \u00dcyeli\u011fini y\u00fcr\u00fct\u00fcrken, TOBB Ekonomi ve Teknoloji \u00dcniversitesi Mimarl\u0131k B\u00f6l\u00fcm\u00fcnde \u00f6\u011fretim \u00fcyesi olarak akademik \u00e7al\u0131\u015fmalar\u0131n\u0131 s\u00fcrd\u00fcr\u00fcyor.Selda Banc\u0131, ODT\u00dc Mimarl\u0131k Tarihi doktora program\u0131n\u0131 Prof. Dr. T. Elvan Altan\u2019\u0131n dan\u0131\u015fmanl\u0131\u011f\u0131nda y\u00fcr\u00fctt\u00fc\u011f\u00fc Matbu Mimarl\u0131klar: T\u00fcrkiye\u2019de 1950\u2019lerden 1980\u2019lere Mimar Oto-Monografileri ba\u015fl\u0131kl\u0131 teziyle Mart 2016\u2019da tamamlad\u0131. Bu \u00e7al\u0131\u015fma, \u201cODT\u00dc 2015-2016 E\u011fitim ve \u00d6\u011fretim Y\u0131l\u0131 Mimarl\u0131k Tarihi Doktora Program\u0131 En \u0130yi Tez \u00d6d\u00fcl\u00fc\u201d ile \u201cODT\u00dc 2016 Y\u0131l\u0131n Doktora Tezi \u00c7i\u011fdem Bar\u00e7an Tansel Yay\u0131n \u00d6d\u00fcl\u00fc\u201dne de\u011fer g\u00f6r\u00fcld\u00fc.<\/p>\n","protected":false},"excerpt":{"rendered":"<p>Selda Banc\u0131, Gazi \u00dcniversitesi Mimarl\u0131k B\u00f6l\u00fcm\u00fcn\u00fc bitirdi. Mimarl\u0131k, i\u00e7 mimarl\u0131k ve \u015fehir planlama b\u00fcrolar\u0131nda, mutfak ve ofis mobilyas\u0131 firmalar\u0131nda mimarl\u0131k yapt\u0131. Mimarl\u0131\u011fa ve kente dair pek<span class=\"excerpt-hellip\"> [\u2026]<\/span><\/p>\n","protected":false},"featured_media":0,"template":"","meta":{"_monsterinsights_skip_tracking":false,"_monsterinsights_sitenote_active":false,"_monsterinsights_sitenote_note":"","_monsterinsights_sitenote_category":0},"product_brand":[],"product_cat":[13512,12408],"product_tag":[],"class_list":{"0":"post-738749","1":"product","2":"type-product","3":"status-publish","5":"product_cat-mimarlik","6":"product_cat-sanat","7":"pa_cilt-ciltsiz","8":"pa_tur-kitap","9":"pa_yayinevi-odtu-akademik-kitaplar","10":"pa_yazar-selda-banci","12":"first","13":"instock","14":"sale","15":"shipping-taxable","16":"purchasable","17":"product-type-simple"},"_links":{"self":[{"href":"https:\/\/roveyayinevi.com.tr\/index.php\/wp-json\/wp\/v2\/product\/738749","targetHints":{"allow":["GET"]}}],"collection":[{"href":"https:\/\/roveyayinevi.com.tr\/index.php\/wp-json\/wp\/v2\/product"}],"about":[{"href":"https:\/\/roveyayinevi.com.tr\/index.php\/wp-json\/wp\/v2\/types\/product"}],"wp:attachment":[{"href":"https:\/\/roveyayinevi.com.tr\/index.php\/wp-json\/wp\/v2\/media?parent=738749"}],"wp:term":[{"taxonomy":"product_brand","embeddable":true,"href":"https:\/\/roveyayinevi.com.tr\/index.php\/wp-json\/wp\/v2\/product_brand?post=738749"},{"taxonomy":"product_cat","embeddable":true,"href":"https:\/\/roveyayinevi.com.tr\/index.php\/wp-json\/wp\/v2\/product_cat?post=738749"},{"taxonomy":"product_tag","embeddable":true,"href":"https:\/\/roveyayinevi.com.tr\/index.php\/wp-json\/wp\/v2\/product_tag?post=738749"}],"curies":[{"name":"wp","href":"https:\/\/api.w.org\/{rel}","templated":true}]}}