{"id":738747,"date":"2025-08-27T23:56:10","date_gmt":"2025-08-27T20:56:10","guid":{"rendered":"https:\/\/roveyayinevi.com.tr\/index.php\/urun\/vakiflar-ve-yuksekogretim\/"},"modified":"2026-04-06T03:02:09","modified_gmt":"2026-04-06T00:02:09","slug":"vakiflar-ve-yuksekogretim","status":"publish","type":"product","link":"https:\/\/roveyayinevi.com.tr\/index.php\/urun\/vakiflar-ve-yuksekogretim\/","title":{"rendered":"Vak\u0131flar ve Y\u00fcksek\u00f6\u011fretim"},"content":{"rendered":"<p>Bu derleme kitab\u0131n \u00f6ncelikli amac\u0131; y\u00fcksek\u00f6\u011fretimin, bilimsel ve teknolojik ara\u015ft\u0131rmalar\u0131n vak\u0131flar taraf\u0131ndan ge\u00e7mi\u015fte ve g\u00fcn\u00fcm\u00fczde nas\u0131l desteklendi\u011fini ve bu kurumlar\u0131n y\u00fcksek\u00f6\u011fretime katk\u0131lar\u0131n\u0131 incelemektir. \u2018\u2019Vak\u0131flar ve Y\u00fcksek\u00f6\u011fretim\u2019\u2019 kitab\u0131; tarihsel ve bilimsel a\u011f\u0131rl\u0131\u011f\u0131 olan se\u00e7ilmi\u015f kaynaklardan ve konunun uzman\u0131 bilim insanlar\u0131ndan edinilen bilgilerden yararlan\u0131larak haz\u0131rlanm\u0131\u015ft\u0131r. Kitapta yaln\u0131zca y\u00fcksek\u00f6\u011fretim ve bilimsel ara\u015ft\u0131rmada \u00f6ne \u00e7\u0131kan vak\u0131flar ve vak\u0131f \u00fcniversiteleri ile onlar\u0131n y\u00fcksek\u00f6\u011fretime etkileri ele al\u0131nmaktad\u0131r.T\u00fcrkiye ve Avrupa\u2019daki vak\u0131f y\u00fcksek\u00f6\u011fretim kurumlar\u0131n yan\u0131 s\u0131ra, ABD ve Japonya\u2019daki benzeri kurumlar da k\u0131saca ele al\u0131nm\u0131\u015ft\u0131r. 1984 y\u0131l\u0131ndan beri T\u00fcrk Y\u00fcksek\u00f6\u011fretim Sisteminde \u00f6nemli bir yer tutan, s\u00fcrekli ele\u015ftirilmesine kar\u015f\u0131n, yayg\u0131nla\u015fmaya devam eden vak\u0131f \u00fcniversiteleri ger\u00e7e\u011fine, kitapta \u00f6zellikle geni\u015f yer ayr\u0131lm\u0131\u015ft\u0131r.<\/p>\n","protected":false},"excerpt":{"rendered":"<p>Bu derleme kitab\u0131n \u00f6ncelikli amac\u0131; y\u00fcksek\u00f6\u011fretimin, bilimsel ve teknolojik ara\u015ft\u0131rmalar\u0131n vak\u0131flar taraf\u0131ndan ge\u00e7mi\u015fte ve g\u00fcn\u00fcm\u00fczde nas\u0131l desteklendi\u011fini ve bu kurumlar\u0131n y\u00fcksek\u00f6\u011fretime katk\u0131lar\u0131n\u0131 incelemektir. \u2018\u2019Vak\u0131flar ve Y\u00fcksek\u00f6\u011fretim\u2019\u2019<span class=\"excerpt-hellip\"> [\u2026]<\/span><\/p>\n","protected":false},"featured_media":0,"template":"","meta":{"_monsterinsights_skip_tracking":false,"_monsterinsights_sitenote_active":false,"_monsterinsights_sitenote_note":"","_monsterinsights_sitenote_category":0},"product_brand":[],"product_cat":[12567,12566],"product_tag":[],"class_list":{"0":"post-738747","1":"product","2":"type-product","3":"status-publish","5":"product_cat-diger-egitim","6":"product_cat-egitim","7":"pa_cilt-ciltsiz","8":"pa_tur-kitap","9":"pa_yayinevi-odtu-akademik-kitaplar","10":"pa_yazar-ramazan-aydin","12":"first","13":"instock","14":"sale","15":"shipping-taxable","16":"purchasable","17":"product-type-simple"},"_links":{"self":[{"href":"https:\/\/roveyayinevi.com.tr\/index.php\/wp-json\/wp\/v2\/product\/738747","targetHints":{"allow":["GET"]}}],"collection":[{"href":"https:\/\/roveyayinevi.com.tr\/index.php\/wp-json\/wp\/v2\/product"}],"about":[{"href":"https:\/\/roveyayinevi.com.tr\/index.php\/wp-json\/wp\/v2\/types\/product"}],"wp:attachment":[{"href":"https:\/\/roveyayinevi.com.tr\/index.php\/wp-json\/wp\/v2\/media?parent=738747"}],"wp:term":[{"taxonomy":"product_brand","embeddable":true,"href":"https:\/\/roveyayinevi.com.tr\/index.php\/wp-json\/wp\/v2\/product_brand?post=738747"},{"taxonomy":"product_cat","embeddable":true,"href":"https:\/\/roveyayinevi.com.tr\/index.php\/wp-json\/wp\/v2\/product_cat?post=738747"},{"taxonomy":"product_tag","embeddable":true,"href":"https:\/\/roveyayinevi.com.tr\/index.php\/wp-json\/wp\/v2\/product_tag?post=738747"}],"curies":[{"name":"wp","href":"https:\/\/api.w.org\/{rel}","templated":true}]}}