{"id":738744,"date":"2025-08-27T23:56:08","date_gmt":"2025-08-27T20:56:08","guid":{"rendered":"https:\/\/roveyayinevi.com.tr\/index.php\/urun\/devrimden-gunumuze-iranin-abd-politikasi\/"},"modified":"2026-04-16T02:48:53","modified_gmt":"2026-04-15T23:48:53","slug":"devrimden-gunumuze-iranin-abd-politikasi","status":"publish","type":"product","link":"https:\/\/roveyayinevi.com.tr\/index.php\/urun\/devrimden-gunumuze-iranin-abd-politikasi\/","title":{"rendered":"Devrim&#8217;den G\u00fcn\u00fcm\u00fcze \u0130ran&#8217;\u0131n ABD Politikas\u0131"},"content":{"rendered":"<p>Dr. G\u00fclriz \u015een lisans e\u011fitimini 2004 y\u0131l\u0131nda Orta Do\u011fu Teknik \u00dcniversitesi Uluslararas\u0131 \u0130li\u015fkiler B\u00f6l\u00fcm\u00fcnde tamamlam\u0131\u015ft\u0131r. Y\u00fcksek lisans\u0131n\u0131 2004-2005 y\u0131llar\u0131 aras\u0131nda Jean Monnet bursiyeri olarak bulundu\u011fu Bel\u00e7ika&#8217;da Katholieke Universiteit Leuven&#8217;de \u00c7at\u0131\u015fma ve S\u00fcrd\u00fcr\u00fclebilir Bar\u0131\u015f Program\u0131nda yapm\u0131\u015ft\u0131r. Doktora derecesini 2013 y\u0131l\u0131nda Orta Do\u011fu Teknik \u00dcniversitesi Uluslararas\u0131 \u0130li\u015fkiler Anabilim Dal\u0131ndan alan Dr. G\u00fclriz \u015een TOBB Ekonomi ve Teknoloji \u00dcniversitesi Uluslararas\u0131 \u0130li\u015fkiler B\u00f6l\u00fcm\u00fcnde g\u00f6rev yapmaktad\u0131r. Akademik ilgi alanlar\u0131 aras\u0131nda Ortado\u011fu&#8217;da devlet, toplum ve siyaset, \u0130ran d\u0131\u015f politikas\u0131, K\u00f6rfez ve Levant \u00fclkelerinin uluslararas\u0131 ili\u015fkileri bulunmaktad\u0131r.Dr. G\u00fclriz \u015een&#8217;in Prof. Dr. Meliha Benli Altun\u0131\u015f\u0131k&#8217;\u0131n dan\u0131\u015fmanl\u0131\u011f\u0131nda yazd\u0131\u011f\u0131 2013 tarihli &#8220;Post-Revolutionary Iran&#8217;s Foreign Policy Toward the United States: A Historical Sociological Analysis of State Transformation and Foreign Policy&#8221; ba\u015fl\u0131kl\u0131 doktora tezi ODT\u00dc Sosyal Bilimler Enstit\u00fcs\u00fc 2012-2013 E\u011fitim ve \u00d6\u011fretim Y\u0131l\u0131 Uluslararas\u0131 \u0130li\u015fkiler Doktora Program\u0131 En \u0130yi Tez \u00d6d\u00fcl\u00fc ve ODT\u00dc 2014 Y\u0131l\u0131n Doktora Tezi Kalbiye Tansel Yay\u0131n \u00d6d\u00fcl\u00fc olmak \u00fczere iki ayr\u0131 \u00f6d\u00fcle lay\u0131k g\u00f6r\u00fclm\u00fc\u015ft\u00fcr.<\/p>\n","protected":false},"excerpt":{"rendered":"<p>Dr. G\u00fclriz \u015een lisans e\u011fitimini 2004 y\u0131l\u0131nda Orta Do\u011fu Teknik \u00dcniversitesi Uluslararas\u0131 \u0130li\u015fkiler B\u00f6l\u00fcm\u00fcnde tamamlam\u0131\u015ft\u0131r. Y\u00fcksek lisans\u0131n\u0131 2004-2005 y\u0131llar\u0131 aras\u0131nda Jean Monnet bursiyeri olarak bulundu\u011fu Bel\u00e7ika&#8217;da<span class=\"excerpt-hellip\"> [\u2026]<\/span><\/p>\n","protected":false},"featured_media":0,"template":"","meta":{"_monsterinsights_skip_tracking":false,"_monsterinsights_sitenote_active":false,"_monsterinsights_sitenote_note":"","_monsterinsights_sitenote_category":0},"product_brand":[],"product_cat":[12338,12337],"product_tag":[],"class_list":{"0":"post-738744","1":"product","2":"type-product","3":"status-publish","5":"product_cat-dunya-siyaseti-ve-politikasi","6":"product_cat-politika-siyaset","7":"pa_cilt-ciltsiz","8":"pa_tur-kitap","9":"pa_yayinevi-odtu-akademik-kitaplar","10":"pa_yazar-gulriz-sen","12":"first","13":"instock","14":"sale","15":"shipping-taxable","16":"purchasable","17":"product-type-simple"},"_links":{"self":[{"href":"https:\/\/roveyayinevi.com.tr\/index.php\/wp-json\/wp\/v2\/product\/738744","targetHints":{"allow":["GET"]}}],"collection":[{"href":"https:\/\/roveyayinevi.com.tr\/index.php\/wp-json\/wp\/v2\/product"}],"about":[{"href":"https:\/\/roveyayinevi.com.tr\/index.php\/wp-json\/wp\/v2\/types\/product"}],"wp:attachment":[{"href":"https:\/\/roveyayinevi.com.tr\/index.php\/wp-json\/wp\/v2\/media?parent=738744"}],"wp:term":[{"taxonomy":"product_brand","embeddable":true,"href":"https:\/\/roveyayinevi.com.tr\/index.php\/wp-json\/wp\/v2\/product_brand?post=738744"},{"taxonomy":"product_cat","embeddable":true,"href":"https:\/\/roveyayinevi.com.tr\/index.php\/wp-json\/wp\/v2\/product_cat?post=738744"},{"taxonomy":"product_tag","embeddable":true,"href":"https:\/\/roveyayinevi.com.tr\/index.php\/wp-json\/wp\/v2\/product_tag?post=738744"}],"curies":[{"name":"wp","href":"https:\/\/api.w.org\/{rel}","templated":true}]}}