{"id":738741,"date":"2025-08-27T23:56:06","date_gmt":"2025-08-27T20:56:06","guid":{"rendered":"https:\/\/roveyayinevi.com.tr\/index.php\/urun\/turkiye-ekonomisi-kuram-tarih-politika\/"},"modified":"2026-04-16T02:48:53","modified_gmt":"2026-04-15T23:48:53","slug":"turkiye-ekonomisi-kuram-tarih-politika","status":"publish","type":"product","link":"https:\/\/roveyayinevi.com.tr\/index.php\/urun\/turkiye-ekonomisi-kuram-tarih-politika\/","title":{"rendered":"T\u00fcrkiye Ekonomisi: Kuram &#8211; Tarih &#8211; Politika"},"content":{"rendered":"<p>T\u00fcrkiye ekonomisini \u201cyap\u0131sal\u201d, \u201csekt\u00f6rel\u201d, \u201cd\u00f6ng\u00fcsel\u201d ve \u201ck\u00fcresel\u201d konular\/sorunlar\/meseleler ba\u011flam\u0131nda ve d\u00f6rt ana kesimde inceleyen elinizdeki bu eser T\u00fcrkiye&#8217;nin her b\u00f6lgesinden \u00e7e\u015fitli \u00fcniversitelerde \u00f6\u011fretim \u00fcyesi olarak g\u00f6rev yapan 28 akademisyenin kendi anabilim dallar\u0131 s\u0131n\u0131rlar\u0131 i\u00e7inde yazd\u0131klar\u0131 23 farkl\u0131 b\u00f6l\u00fcmden olu\u015fmaktad\u0131r.Kitab\u0131n ad\u0131ndan da anla\u015f\u0131laca\u011f\u0131 gibi, i\u015flenen her konunun \u00f6nce \u201ckuramsal kavramsal \u00e7er\u00e7evesi\u201d sunulmu\u015f, ard\u0131ndan T\u00fcrkiye&#8217;yi ilgilendiren \u201ctarihsel geli\u015fmeler\u201d ve \u201ciktisat politikalar\u0131\u201d ortaya konulmu\u015ftur.Kitab\u0131m\u0131zda, benzeri kitaplarda olmayan konulara da yer verilmi\u015ftir. Ekonomik b\u00fcy\u00fcme-kalk\u0131nma, istihdam-i\u015fsizlik, para-enflasyon, yoksulluk-gelir b\u00f6l\u00fc\u015f\u00fcm\u00fc, vergi, b\u00fct\u00e7e, d\u0131\u015f \u00f6demeler, bor\u00e7lar, tar\u0131m, sanayi, hizmetler, enerji, \u00f6zelle\u015ftirme, mali krizler, Avrupa Birli\u011fi, n\u00fcfus ve g\u00f6\u00e7 hareketleri gibi geleneksel konular\u0131n yan\u0131s\u0131ra; ilk olarak burada kamu-\u00f6zel i\u015fbirli\u011fi modeli, n\u00fckleer enerji, do\u011fal afetler, deprem, ter\u00f6rizm, \u00e7evre kirlili\u011fi, k\u00fcresel endeksler, COVID-19 salg\u0131n\u0131 gibi sorunlar\u0131n ve yeni geli\u015fmelerin T\u00fcrkiye ekonomisi \u00fczerine etkileri de ele al\u0131nm\u0131\u015ft\u0131r. B\u00f6ylece \u00fcniversitelerimizde ba\u015fta lisans (iktisadi, idari ve siyasal bilimler fak\u00fclteleri \u0130\u0130BF-SBF) ve lisans\u00fcst\u00fc (sosyal bilimler enstit\u00fcleri SBE) d\u00fczeyindeki \u00f6\u011frencileri ve akademisyenleri olmak \u00fczere t\u00fcm okur kitlesinin T\u00fcrkiye ekonomisini temel ve yan \u00e7eperleri ile birlikte tan\u0131malar\u0131na ve tart\u0131\u015fmalar\u0131na katk\u0131 sa\u011flanmak istenmi\u015ftir.Kesim 1: T\u00fcrkiye Ekonomisinin Yap\u0131sal G\u00fcndemi1. \u0130ktisadi B\u00fcy\u00fcme Ve Kalk\u0131nma \/ Mehmet Kaya2. \u0130stihdam Ve \u0130\u015fsizlik \/ Bilge Af\u015far3. Para Ve Enflasyon \/ \u0130lhan Ero\u011flu4. Yoksulluk Ve Gelir Da\u011f\u0131l\u0131m\u0131 \/ \u00d6zlem Durgun \u2013 \u0130rem Yalk\u0131 Berker5. Vergi D\u00fczeni \/ \u00d6zge Uysal \u015eahin6. Deprem Ve Etkileri \/ Beyza Ta\u015fk\u0131nKesim 2: T\u00fcrkiye Ekonomisinin Sekt\u00f6rel G\u00fcndemi7. Tar\u0131m Ve G\u0131da \/ Halis Akder8. Sanayi Ve Sanayile\u015fme \/ Murat Y\u00fclek &#8211; Mete Han Ya\u011fmur9. Enerji \u00dcretimi Ve T\u00fcketimi \/ Tuba \u015eahino\u011flu10. Modern Hizmet Sekt\u00f6rleri \/ M. Behzat EkinciKesim 3- T\u00fcrkiye Ekonomisinin D\u00f6ng\u00fcsel G\u00fcndemi11. B\u00fct\u00e7e A\u00e7\u0131\u011f\u0131 \/ \u0130lter \u00dcnl\u00fckaplan12. \u00d6demeler Dengesi \/ Halil Seyido\u011flu13. \u0130\u00e7 Ve D\u0131\u015f Bor\u00e7lar \/ \u0130brahim Halil Sug\u00f6z\u00fc &#8211; Sema Ya\u015far14. \u00d6zelle\u015ftirme Ve Uygulamalar\u0131 \/ Ayhan Sar\u0131su15. Kamu-\u00d6zel \u0130\u015fbirli\u011fi Modeli \/ U\u011fur Emek16. Mali Krizler \/ Erdal Arslan17. Do\u011fal Afetler Ve Y\u00f6netimi \/ Sevda AkarKesim 4- T\u00fcrkiye Ekonomisinin K\u00fcresel G\u00fcndemi18. N\u00fcfus Ve G\u00f6\u00e7 \/ Bilge K\u00f6ksel19. Ter\u00f6r\/\u0130zm Ve Etkileri \/ Serkan Kekevi20. \u00c7evre Kirlili\u011fi \/ \u00d6zlem K\u0131rl\u0131 &#8211; Cem Baydur21. N\u00fckleer G\u00fc\u00e7 Santralleri \/ \u015eule Erg\u00fcn &#8211; Veda Duman Kantarc\u0131o\u011flu22. Avrupa B\u00fct\u00fcnle\u015fmesi \/ Erol Esen23. K\u00fcresel Endeksler Ve Ekonomi-Politik Gelecek \/ \u0130rfan Kalayc\u0131 <\/p>\n","protected":false},"excerpt":{"rendered":"<p>T\u00fcrkiye ekonomisini \u201cyap\u0131sal\u201d, \u201csekt\u00f6rel\u201d, \u201cd\u00f6ng\u00fcsel\u201d ve \u201ck\u00fcresel\u201d konular\/sorunlar\/meseleler ba\u011flam\u0131nda ve d\u00f6rt ana kesimde inceleyen elinizdeki bu eser T\u00fcrkiye&#8217;nin her b\u00f6lgesinden \u00e7e\u015fitli \u00fcniversitelerde \u00f6\u011fretim \u00fcyesi olarak g\u00f6rev<span class=\"excerpt-hellip\"> [\u2026]<\/span><\/p>\n","protected":false},"featured_media":0,"template":"","meta":{"_monsterinsights_skip_tracking":false,"_monsterinsights_sitenote_active":false,"_monsterinsights_sitenote_note":"","_monsterinsights_sitenote_category":0},"product_brand":[],"product_cat":[20333,13043],"product_tag":[],"class_list":{"0":"post-738741","1":"product","2":"type-product","3":"status-publish","5":"product_cat-diger-ekonomi","6":"product_cat-ekonomi","7":"pa_cilt-ciltsiz","8":"pa_tur-kitap","9":"pa_yayinevi-divan-kitap","10":"pa_yazar-divan-kitap-kolektif","12":"first","13":"instock","14":"sale","15":"shipping-taxable","16":"purchasable","17":"product-type-simple"},"_links":{"self":[{"href":"https:\/\/roveyayinevi.com.tr\/index.php\/wp-json\/wp\/v2\/product\/738741","targetHints":{"allow":["GET"]}}],"collection":[{"href":"https:\/\/roveyayinevi.com.tr\/index.php\/wp-json\/wp\/v2\/product"}],"about":[{"href":"https:\/\/roveyayinevi.com.tr\/index.php\/wp-json\/wp\/v2\/types\/product"}],"wp:attachment":[{"href":"https:\/\/roveyayinevi.com.tr\/index.php\/wp-json\/wp\/v2\/media?parent=738741"}],"wp:term":[{"taxonomy":"product_brand","embeddable":true,"href":"https:\/\/roveyayinevi.com.tr\/index.php\/wp-json\/wp\/v2\/product_brand?post=738741"},{"taxonomy":"product_cat","embeddable":true,"href":"https:\/\/roveyayinevi.com.tr\/index.php\/wp-json\/wp\/v2\/product_cat?post=738741"},{"taxonomy":"product_tag","embeddable":true,"href":"https:\/\/roveyayinevi.com.tr\/index.php\/wp-json\/wp\/v2\/product_tag?post=738741"}],"curies":[{"name":"wp","href":"https:\/\/api.w.org\/{rel}","templated":true}]}}