{"id":738735,"date":"2025-08-27T23:56:01","date_gmt":"2025-08-27T20:56:01","guid":{"rendered":"https:\/\/roveyayinevi.com.tr\/index.php\/urun\/siddetin-gorunumleri-toplumsal-ve-siyasal-siddet-kultur-politik-siddet-likidite-siddeti\/"},"modified":"2026-04-16T02:48:53","modified_gmt":"2026-04-15T23:48:53","slug":"siddetin-gorunumleri-toplumsal-ve-siyasal-siddet-kultur-politik-siddet-likidite-siddeti","status":"publish","type":"product","link":"https:\/\/roveyayinevi.com.tr\/index.php\/urun\/siddetin-gorunumleri-toplumsal-ve-siyasal-siddet-kultur-politik-siddet-likidite-siddeti\/","title":{"rendered":"\u015eiddetin G\u00f6r\u00fcn\u00fcmleri- Toplumsal ve Siyasal \u015eiddet K\u00fclt\u00fcr-Politik \u015eiddet Likidite \u015eiddeti"},"content":{"rendered":"<p>Yirmi Birinci Y\u00fczy\u0131l, s\u00fcrd\u00fcr\u00fclebilir kalk\u0131nma kavram\u0131n\u0131n yerini, s\u00fcrd\u00fcr\u00fclebilir \u015fiddet kavram\u0131na b\u0131rakt\u0131\u011f\u0131 bir yer de\u011fi\u015ftirme ile ba\u015flam\u0131\u015ft\u0131r. Tarihin tuhaf bir oyunu gibi, bu kez de \u015fiddetin s\u00fcrd\u00fcr\u00fclebilirli\u011fi siyasetin g\u00fcndemine yerle\u015fmi\u015ftir. Tamamen bitirilemeyen, ama kontrol edilebilen \u00e7e\u015fitli \u015fiddet tarzlar\u0131, analitik ve pratik d\u00fczlemde \u015fiddetin ehlile\u015ftirilmesi i\u00e7in \u00e7\u00f6z\u00fcm modeli olarak sunulmaktad\u0131r. \u00c7a\u011f\u0131m\u0131z\u0131n sivil ve siyasal toplumu, \u015fiddeti sona erdirebilecek yeterlili\u011fe sahip olmad\u0131\u011f\u0131n\u0131 defalarca g\u00f6stermi\u015ftir. Bu ko\u015fullar alt\u0131nda, ancak \u015fiddetin s\u00fcrd\u00fcr\u00fclebilirli\u011fini dengede tutacak k\u0131s\u0131tl\u0131 stratejilerinse ba\u015far\u0131s\u0131z oldu\u011fu ortadad\u0131r. Bu kitapta, \u015fiddetin farkl\u0131 g\u00f6r\u00fcn\u00fcmleri \u00fczerine geli\u015ftirilen d\u00fc\u015f\u00fcnsel a\u00e7\u0131l\u0131mlar ve analizler ifade edilmektedir. Bu ba\u011flamda, \u00e7a\u011f\u0131m\u0131z\u0131n neredeyse bir distopya mek\u00e2n\u0131 haline gelen toplumsal \u015fiddet kavram\u0131na ili\u015fkin kimi yakla\u015f\u0131mlar, \u00fc\u00e7 ayr\u0131 deneme bi\u00e7iminde okuyucuya sunulmaktad\u0131r.<\/p>\n","protected":false},"excerpt":{"rendered":"<p>Yirmi Birinci Y\u00fczy\u0131l, s\u00fcrd\u00fcr\u00fclebilir kalk\u0131nma kavram\u0131n\u0131n yerini, s\u00fcrd\u00fcr\u00fclebilir \u015fiddet kavram\u0131na b\u0131rakt\u0131\u011f\u0131 bir yer de\u011fi\u015ftirme ile ba\u015flam\u0131\u015ft\u0131r. Tarihin tuhaf bir oyunu gibi, bu kez de \u015fiddetin s\u00fcrd\u00fcr\u00fclebilirli\u011fi<span class=\"excerpt-hellip\"> [\u2026]<\/span><\/p>\n","protected":false},"featured_media":0,"template":"","meta":{"_monsterinsights_skip_tracking":false,"_monsterinsights_sitenote_active":false,"_monsterinsights_sitenote_note":"","_monsterinsights_sitenote_category":0},"product_brand":[],"product_cat":[12325,12324],"product_tag":[],"class_list":{"0":"post-738735","1":"product","2":"type-product","3":"status-publish","5":"product_cat-diger-sosyoloji","6":"product_cat-sosyoloji","7":"pa_cilt-ciltsiz","8":"pa_tur-kitap","9":"pa_yayinevi-divan-kitap","10":"pa_yazar-betul-karagoz","12":"first","13":"instock","14":"sale","15":"shipping-taxable","16":"purchasable","17":"product-type-simple"},"_links":{"self":[{"href":"https:\/\/roveyayinevi.com.tr\/index.php\/wp-json\/wp\/v2\/product\/738735","targetHints":{"allow":["GET"]}}],"collection":[{"href":"https:\/\/roveyayinevi.com.tr\/index.php\/wp-json\/wp\/v2\/product"}],"about":[{"href":"https:\/\/roveyayinevi.com.tr\/index.php\/wp-json\/wp\/v2\/types\/product"}],"wp:attachment":[{"href":"https:\/\/roveyayinevi.com.tr\/index.php\/wp-json\/wp\/v2\/media?parent=738735"}],"wp:term":[{"taxonomy":"product_brand","embeddable":true,"href":"https:\/\/roveyayinevi.com.tr\/index.php\/wp-json\/wp\/v2\/product_brand?post=738735"},{"taxonomy":"product_cat","embeddable":true,"href":"https:\/\/roveyayinevi.com.tr\/index.php\/wp-json\/wp\/v2\/product_cat?post=738735"},{"taxonomy":"product_tag","embeddable":true,"href":"https:\/\/roveyayinevi.com.tr\/index.php\/wp-json\/wp\/v2\/product_tag?post=738735"}],"curies":[{"name":"wp","href":"https:\/\/api.w.org\/{rel}","templated":true}]}}