{"id":738732,"date":"2025-08-27T23:55:58","date_gmt":"2025-08-27T20:55:58","guid":{"rendered":"https:\/\/roveyayinevi.com.tr\/index.php\/urun\/suryani-tarih-yaziciliginda-gec-antikcag\/"},"modified":"2026-04-16T02:48:52","modified_gmt":"2026-04-15T23:48:52","slug":"suryani-tarih-yaziciliginda-gec-antikcag","status":"publish","type":"product","link":"https:\/\/roveyayinevi.com.tr\/index.php\/urun\/suryani-tarih-yaziciliginda-gec-antikcag\/","title":{"rendered":"S\u00fcryani Tarih Yaz\u0131c\u0131l\u0131\u011f\u0131nda Ge\u00e7 Antik\u00e7a\u011f"},"content":{"rendered":"<p>Tarih yaz\u0131c\u0131l\u0131\u011f\u0131 gelene\u011fi, S\u00fcry\u00e2n\u00ee literat\u00fcr\u00fcn\u00fcn se\u00e7kin bir par\u00e7as\u0131d\u0131r. S\u00fcry\u00e2n\u00ee tarih\u00e7iler, kaleme ald\u0131klar\u0131 historiyografik karakterli metinlerde; Ortado\u011fu, Anadolu ve eski \u0130ran \u00fclkesi gibi co\u011fraf\u00ee sahalar\u0131n siyas\u00ee, sosyal, iktisad\u00ee, k\u00fclt\u00fcrel ve \u00f6zellikle din\u00ee ge\u00e7mi\u015fi hakk\u0131nda \u00f6nemli bilgiler vermi\u015fler, S\u00fcry\u00e2n\u00eelerin tarihi i\u00e7in oldu\u011fu kadar Bizans, S\u00e2s\u00e2n\u00eeler, Emev\u00eeler, Abbas\u00eeler, Sel\u00e7uklular ve Ha\u00e7l\u0131 Kontluklar\u0131 gibi devletler ve hanedanlar a\u00e7\u0131s\u0131ndan da b\u00fcy\u00fck k\u0131ymet ta\u015f\u0131yan kay\u0131tlar nakletmi\u015flerdir. S\u00fcry\u00e2n\u00ee tarih yaz\u0131c\u0131l\u0131\u011f\u0131n\u0131 ve \u00f6nde gelen S\u00fcry\u00e2n\u00ee tarih\u00e7iler ile \u00e7al\u0131\u015fmalar\u0131n\u0131 tan\u0131tmay\u0131 ama\u00e7layan bu eser, Orta\u00e7a\u011f&#8217;\u0131n muhtelif tarihlerinde ve manast\u0131rlar\u0131nda S\u00fcry\u00e2n\u00ee ruhbanlar taraf\u0131ndan \u00fcretilmi\u015f sekiz kroni\u011fin de a\u00e7\u0131klamal\u0131 terc\u00fcmelerini i\u00e7ermektedir. Bu terc\u00fcmelerin genel olarak Ge\u00e7 Antik\u00e7a\u011f ile ilgilenen ara\u015ft\u0131rmac\u0131lar i\u00e7in \u00f6nemli bir bo\u015flu\u011fu dolduraca\u011f\u0131 umut edilmektedir&#8230;<\/p>\n","protected":false},"excerpt":{"rendered":"<p>Tarih yaz\u0131c\u0131l\u0131\u011f\u0131 gelene\u011fi, S\u00fcry\u00e2n\u00ee literat\u00fcr\u00fcn\u00fcn se\u00e7kin bir par\u00e7as\u0131d\u0131r. S\u00fcry\u00e2n\u00ee tarih\u00e7iler, kaleme ald\u0131klar\u0131 historiyografik karakterli metinlerde; Ortado\u011fu, Anadolu ve eski \u0130ran \u00fclkesi gibi co\u011fraf\u00ee sahalar\u0131n siyas\u00ee, sosyal,<span class=\"excerpt-hellip\"> [\u2026]<\/span><\/p>\n","protected":false},"featured_media":0,"template":"","meta":{"_monsterinsights_skip_tracking":false,"_monsterinsights_sitenote_active":false,"_monsterinsights_sitenote_note":"","_monsterinsights_sitenote_category":0},"product_brand":[],"product_cat":[12718,12719],"product_tag":[],"class_list":{"0":"post-738732","1":"product","2":"type-product","3":"status-publish","5":"product_cat-din","6":"product_cat-islam","7":"pa_cilt-ciltsiz","8":"pa_tur-kitap","9":"pa_yayinevi-divan-kitap","10":"pa_yazar-zafer-duygu","12":"first","13":"instock","14":"sale","15":"shipping-taxable","16":"purchasable","17":"product-type-simple"},"_links":{"self":[{"href":"https:\/\/roveyayinevi.com.tr\/index.php\/wp-json\/wp\/v2\/product\/738732","targetHints":{"allow":["GET"]}}],"collection":[{"href":"https:\/\/roveyayinevi.com.tr\/index.php\/wp-json\/wp\/v2\/product"}],"about":[{"href":"https:\/\/roveyayinevi.com.tr\/index.php\/wp-json\/wp\/v2\/types\/product"}],"wp:attachment":[{"href":"https:\/\/roveyayinevi.com.tr\/index.php\/wp-json\/wp\/v2\/media?parent=738732"}],"wp:term":[{"taxonomy":"product_brand","embeddable":true,"href":"https:\/\/roveyayinevi.com.tr\/index.php\/wp-json\/wp\/v2\/product_brand?post=738732"},{"taxonomy":"product_cat","embeddable":true,"href":"https:\/\/roveyayinevi.com.tr\/index.php\/wp-json\/wp\/v2\/product_cat?post=738732"},{"taxonomy":"product_tag","embeddable":true,"href":"https:\/\/roveyayinevi.com.tr\/index.php\/wp-json\/wp\/v2\/product_tag?post=738732"}],"curies":[{"name":"wp","href":"https:\/\/api.w.org\/{rel}","templated":true}]}}