{"id":738730,"date":"2025-08-27T23:55:57","date_gmt":"2025-08-27T20:55:57","guid":{"rendered":"https:\/\/roveyayinevi.com.tr\/index.php\/urun\/sufi-psikolojisi-yazilari-2\/"},"modified":"2026-04-16T02:48:52","modified_gmt":"2026-04-15T23:48:52","slug":"sufi-psikolojisi-yazilari-2","status":"publish","type":"product","link":"https:\/\/roveyayinevi.com.tr\/index.php\/urun\/sufi-psikolojisi-yazilari-2\/","title":{"rendered":"Sufi Psikolojisi Yaz\u0131lar\u0131 2"},"content":{"rendered":"<p>Klasik \u0130sl\u00e2m\u00ee ilimlerden biri olan tasavvufun, insan tutum ve davran\u0131\u015flar\u0131 \u00fczerine \u00e7al\u0131\u015fmas\u0131yla da dikkat \u00e7eken bir dini disiplin olarak, g\u00fcn\u00fcm\u00fcz psikolojisinde ele al\u0131nan mevzulardan biri olan ki\u015filik ve benlik geli\u015fimi konusuna katk\u0131 sunabilecek bir potansiyele sahip oldu\u011funu s\u00f6ylemek m\u00fcmk\u00fcnd\u00fcr. \u00c7\u00fcnk\u00fc tasavvuf, ruhun manevi kabiliyetlerinin insan benine yerle\u015fmesi ve b\u00f6ylece manevi ki\u015filik ve benlik geli\u015fimini ama\u00e7layan ilm\u00ee bir disiplindir. Bu nedenle S\u00fbf\u00ee gelene\u011fin ortaya koydu\u011fu tecr\u00fcb\u00ee bilgi ve uygulamalar insan\u0131n mahiyetini ke\u015ffetme konusunda ge\u00e7mi\u015fte oldu\u011fu gibi g\u00fcn\u00fcm\u00fczde de bireysel ve toplumsal planda katk\u0131 sunmaya \u00e7al\u0131\u015fmaktad\u0131r. Resmi olarak yasaklanmas\u0131na ra\u011fmen tarikatlar\u0131n g\u00fcn\u00fcm\u00fcz T\u00fcrkiye\u2019sinde ve hatta d\u00fcnyada hala i\u015flevsel olmas\u0131 bu fikrimizi destekler mahiyettedir. Ayr\u0131ca \u0130slam dinini kabul eden m\u00fchtedilerin bir k\u0131sm\u0131n\u0131n da tasavvuf ilmi ve gelene\u011fi \u00fczerinden din de\u011fi\u015ftirdiklerini hesaba katarsak S\u00fbf\u00ee gelene\u011fin etkisi daha iyi anla\u015f\u0131lacakt\u0131r. Bununla birlikte, psikolojik s\u0131k\u0131nt\u0131 ve travma ya\u015fayan bireylerin S\u00fbf\u00ee s\u00f6ylem ve uygulamalardan etkilenerek ruhsal sa\u011fl\u0131klar\u0131n\u0131 kazanmalar\u0131 da \u00f6nemli bir g\u00f6stergedir. Dini ve manevi e\u011filimlere ilgi duyan psikologlar\u0131n ve psikiyatrlar\u0131n S\u00fbf\u00ee gelenekten istifade ederek hastalar\u0131na \u015fifa da\u011f\u0131tmalar\u0131 durumu daha da \u00f6nemli hale getirmektedir.Birinci kitab\u0131 \u2018S\u00fbf\u00ee Psikolojisi Yaz\u0131lar\u0131 I\u2019 ad\u0131yla daha \u00f6nce yay\u0131mlam\u0131\u015ft\u0131k. \u0130kinci kitab\u0131m\u0131z\u0131 ise \u2018S\u00fbf\u00ee Psikolojisi Yaz\u0131lar\u0131 II\u2019 ad\u0131yla \u015fimdi yay\u0131nl\u0131yoruz.<\/p>\n","protected":false},"excerpt":{"rendered":"<p>Klasik \u0130sl\u00e2m\u00ee ilimlerden biri olan tasavvufun, insan tutum ve davran\u0131\u015flar\u0131 \u00fczerine \u00e7al\u0131\u015fmas\u0131yla da dikkat \u00e7eken bir dini disiplin olarak, g\u00fcn\u00fcm\u00fcz psikolojisinde ele al\u0131nan mevzulardan biri olan<span class=\"excerpt-hellip\"> [\u2026]<\/span><\/p>\n","protected":false},"featured_media":0,"template":"","meta":{"_monsterinsights_skip_tracking":false,"_monsterinsights_sitenote_active":false,"_monsterinsights_sitenote_note":"","_monsterinsights_sitenote_category":0},"product_brand":[],"product_cat":[12718,12719],"product_tag":[],"class_list":{"0":"post-738730","1":"product","2":"type-product","3":"status-publish","5":"product_cat-din","6":"product_cat-islam","7":"pa_cilt-ciltsiz","8":"pa_tur-kitap","9":"pa_yayinevi-divan-kitap","10":"pa_yazar-ibrahim-isitan","12":"first","13":"instock","14":"sale","15":"shipping-taxable","16":"purchasable","17":"product-type-simple"},"_links":{"self":[{"href":"https:\/\/roveyayinevi.com.tr\/index.php\/wp-json\/wp\/v2\/product\/738730","targetHints":{"allow":["GET"]}}],"collection":[{"href":"https:\/\/roveyayinevi.com.tr\/index.php\/wp-json\/wp\/v2\/product"}],"about":[{"href":"https:\/\/roveyayinevi.com.tr\/index.php\/wp-json\/wp\/v2\/types\/product"}],"wp:attachment":[{"href":"https:\/\/roveyayinevi.com.tr\/index.php\/wp-json\/wp\/v2\/media?parent=738730"}],"wp:term":[{"taxonomy":"product_brand","embeddable":true,"href":"https:\/\/roveyayinevi.com.tr\/index.php\/wp-json\/wp\/v2\/product_brand?post=738730"},{"taxonomy":"product_cat","embeddable":true,"href":"https:\/\/roveyayinevi.com.tr\/index.php\/wp-json\/wp\/v2\/product_cat?post=738730"},{"taxonomy":"product_tag","embeddable":true,"href":"https:\/\/roveyayinevi.com.tr\/index.php\/wp-json\/wp\/v2\/product_tag?post=738730"}],"curies":[{"name":"wp","href":"https:\/\/api.w.org\/{rel}","templated":true}]}}