{"id":738728,"date":"2025-08-27T23:55:55","date_gmt":"2025-08-27T20:55:55","guid":{"rendered":"https:\/\/roveyayinevi.com.tr\/index.php\/urun\/somurgecilik-ve-pan-islamizm-isiginda-turkistan-1856-1922\/"},"modified":"2026-04-16T02:48:52","modified_gmt":"2026-04-15T23:48:52","slug":"somurgecilik-ve-pan-islamizm-isiginda-turkistan-1856-1922","status":"publish","type":"product","link":"https:\/\/roveyayinevi.com.tr\/index.php\/urun\/somurgecilik-ve-pan-islamizm-isiginda-turkistan-1856-1922\/","title":{"rendered":"S\u00f6m\u00fcrgecilik ve Pan-\u0130slamizm I\u015f\u0131\u011f\u0131nda T\u00fcrkistan 1856-1922"},"content":{"rendered":"<p>Sovyetler Birli\u011fi\u2019nin da\u011f\u0131lma d\u00f6neminde ba\u015flayan ara\u015ft\u0131rmalar\u0131m\u0131zda, bu \u00e7\u00f6k\u00fc\u015f\u00fcn sebeplerini ve yeni uluslararas\u0131 politikay\u0131 incelemeye \u00e7al\u0131\u015ft\u0131k. Bir kademe sonra ortaya \u00e7\u0131kan sonu\u00e7: Sovyetler Birli\u011fi\u2019nin \u0130ngiliz s\u00f6m\u00fcrgecili\u011fi ile ba\u015flayan bat\u0131 emperyalizmi i\u00e7indeki yerini tahlil etmeden do\u011fru bir sonuca var\u0131lamaz. Sovyet d\u00f6nemini sa\u011fl\u0131kl\u0131 bir \u015fekilde tahlil edebilmek i\u00e7in de \u00f6ncelikle \u00c7arl\u0131k d\u00f6nemini do\u011fru anlamak ve anlamland\u0131rmak gerekmekteydi. Bu ger\u00e7eklerden hareketle \u00e7al\u0131\u015fmam\u0131z\u0131 1856-1922 devriyle s\u0131n\u0131rland\u0131rd\u0131k. Belirtmek gerekir ki bu mant\u0131k ve ili\u015fkiler sistemi dikkate al\u0131nmadan g\u00fcn\u00fcm\u00fczde Asya ve Afrika\u2019da ya\u015fananlar\u0131n sa\u011fl\u0131kl\u0131 bir \u015fekilde tahlili m\u00fcmk\u00fcn de\u011fildir.   19. as\u0131rda T\u00fcrkistan\u2019\u0131n i\u015fgal d\u00f6neminde h\u0131zla t\u0131rmand\u0131r\u0131lan Panislamizm veya Pant\u00fcrkizm s\u00f6ylemleriyle dinde reform \u00e7a\u011fr\u0131lar\u0131, \u0130slam co\u011frafyas\u0131nda h\u0131zla yay\u0131lm\u0131\u015ft\u0131r. \u201cBirlik\u201d sloganlar\u0131yla ayd\u0131nlar ve halk aras\u0131nda yeni tefrikalar \u00e7\u0131karan projeler sonucu T\u00fcrk d\u00fcnyas\u0131 yakla\u015f\u0131k bir as\u0131r s\u00fcrecek esaret boyunduru\u011fu alt\u0131na girmi\u015ftir. Mezhep d\u00fc\u015fmanl\u0131\u011f\u0131, ulem\u00e2, me\u015fayih ve imamlar\u0131yla bir b\u00fct\u00fcn olarak \u0130slam tarihi, k\u00fclt\u00fcr\u00fc ve miras\u0131n\u0131 hedef alan sald\u0131r\u0131lar\u0131n g\u00fcn\u00fcm\u00fczde de olduk\u00e7a geni\u015f \u00e7er\u00e7eveli ve sinsi bir \u015fekilde y\u00fcr\u00fct\u00fcld\u00fc\u011f\u00fc g\u00f6r\u00fclmektedir.<\/p>\n","protected":false},"excerpt":{"rendered":"<p>Sovyetler Birli\u011fi\u2019nin da\u011f\u0131lma d\u00f6neminde ba\u015flayan ara\u015ft\u0131rmalar\u0131m\u0131zda, bu \u00e7\u00f6k\u00fc\u015f\u00fcn sebeplerini ve yeni uluslararas\u0131 politikay\u0131 incelemeye \u00e7al\u0131\u015ft\u0131k. Bir kademe sonra ortaya \u00e7\u0131kan sonu\u00e7: Sovyetler Birli\u011fi\u2019nin \u0130ngiliz s\u00f6m\u00fcrgecili\u011fi ile<span class=\"excerpt-hellip\"> [\u2026]<\/span><\/p>\n","protected":false},"featured_media":0,"template":"","meta":{"_monsterinsights_skip_tracking":false,"_monsterinsights_sitenote_active":false,"_monsterinsights_sitenote_note":"","_monsterinsights_sitenote_category":0},"product_brand":[],"product_cat":[13059,12337],"product_tag":[],"class_list":{"0":"post-738728","1":"product","2":"type-product","3":"status-publish","5":"product_cat-diger-politika-siyaset","6":"product_cat-politika-siyaset","7":"pa_cilt-ciltsiz","8":"pa_tur-kitap","9":"pa_yayinevi-divan-kitap","10":"pa_yazar-alaeddin-yalcinkaya","12":"first","13":"instock","14":"sale","15":"shipping-taxable","16":"purchasable","17":"product-type-simple"},"_links":{"self":[{"href":"https:\/\/roveyayinevi.com.tr\/index.php\/wp-json\/wp\/v2\/product\/738728","targetHints":{"allow":["GET"]}}],"collection":[{"href":"https:\/\/roveyayinevi.com.tr\/index.php\/wp-json\/wp\/v2\/product"}],"about":[{"href":"https:\/\/roveyayinevi.com.tr\/index.php\/wp-json\/wp\/v2\/types\/product"}],"wp:attachment":[{"href":"https:\/\/roveyayinevi.com.tr\/index.php\/wp-json\/wp\/v2\/media?parent=738728"}],"wp:term":[{"taxonomy":"product_brand","embeddable":true,"href":"https:\/\/roveyayinevi.com.tr\/index.php\/wp-json\/wp\/v2\/product_brand?post=738728"},{"taxonomy":"product_cat","embeddable":true,"href":"https:\/\/roveyayinevi.com.tr\/index.php\/wp-json\/wp\/v2\/product_cat?post=738728"},{"taxonomy":"product_tag","embeddable":true,"href":"https:\/\/roveyayinevi.com.tr\/index.php\/wp-json\/wp\/v2\/product_tag?post=738728"}],"curies":[{"name":"wp","href":"https:\/\/api.w.org\/{rel}","templated":true}]}}