{"id":738723,"date":"2025-08-27T23:55:50","date_gmt":"2025-08-27T20:55:50","guid":{"rendered":"https:\/\/roveyayinevi.com.tr\/index.php\/urun\/bozkiri-yesertenler-2\/"},"modified":"2026-04-16T02:48:52","modified_gmt":"2026-04-15T23:48:52","slug":"bozkiri-yesertenler-2","status":"publish","type":"product","link":"https:\/\/roveyayinevi.com.tr\/index.php\/urun\/bozkiri-yesertenler-2\/","title":{"rendered":"Bozk\u0131r\u0131 Ye\u015fertenler -2"},"content":{"rendered":"<p>U\u011fur Ersoy Mersin&#8217;de do\u011fdu. Tarsus Amerikan Koleji&#8217;nden mezun olduktan sonra Robert Kolej M\u00fchendislik Okulu&#8217;nu bitirdi. Y\u00fcksek Lisans ve Doktora derecelerini Texas \u00dcniversitesi, Austin&#8217;den alan U\u011fur Ersoy 47 y\u0131l ODT\u00dc&#8217;de g\u00f6rev yapt\u0131. Bu s\u00fcre i\u00e7inde \u00fc\u00e7 kez rekt\u00f6r yard\u0131mc\u0131s\u0131, bir kez kurucu dekan, iki kez de b\u00f6l\u00fcm ba\u015fkan\u0131 olarak akademik y\u00f6neticilik yapt\u0131. Toronto ve Bo\u011fazi\u00e7i \u00dcniversitelerinde konuk \u00f6\u011fretim \u00fcyesi olarak bulunan Prof. Ersoy&#8217;un teknik konularda on kitab\u0131 bas\u0131lm\u0131\u015ft\u0131r. Ersoy&#8217;un ulusal ve uluslararas\u0131 dergi ve kitaplarda yay\u0131nlanm\u0131\u015f 150&#8217;den fazla makale ve bildirisi vard\u0131r. U\u011fur Ersoy&#8217;un ayr\u0131ca yay\u0131nlanm\u0131\u015f sekiz adet \u00f6yk\u00fc, an\u0131 ve \u015fiir kitab\u0131 bulunmaktad\u0131r.Prof. U. Ersoy Amerikan Beton Enstit\u00fcs\u00fc (ACI) taraf\u0131ndan y\u0131l\u0131n en iyi ara\u015ft\u0131rmac\u0131s\u0131na verilen &#8220;Wason Medal&#8221; \u00f6d\u00fcl\u00fc ve ODT\u00dc Prof. Mustafa Parlar Vakf\u0131 taraf\u0131ndan verilen &#8220;Bilim \u00d6d\u00fcl\u00fc&#8221; sahibidir. Ersoy, Texas \u00fcniversitesince &#8220;Academy of Distinguished Graduates&#8221;e \u00fcye se\u00e7ilmi\u015f, in\u015faat M\u00fchendisleri Odas\u0131&#8217;nca da &#8220;Onursal Yetkin M\u00fchendis&#8221; olarak onurland\u0131r\u0131lm\u0131\u015ft\u0131r.<\/p>\n","protected":false},"excerpt":{"rendered":"<p>U\u011fur Ersoy Mersin&#8217;de do\u011fdu. Tarsus Amerikan Koleji&#8217;nden mezun olduktan sonra Robert Kolej M\u00fchendislik Okulu&#8217;nu bitirdi. Y\u00fcksek Lisans ve Doktora derecelerini Texas \u00dcniversitesi, Austin&#8217;den alan U\u011fur Ersoy<span class=\"excerpt-hellip\"> [\u2026]<\/span><\/p>\n","protected":false},"featured_media":0,"template":"","meta":{"_monsterinsights_skip_tracking":false,"_monsterinsights_sitenote_active":false,"_monsterinsights_sitenote_note":"","_monsterinsights_sitenote_category":0},"product_brand":[],"product_cat":[12573,12566],"product_tag":[],"class_list":{"0":"post-738723","1":"product","2":"type-product","3":"status-publish","5":"product_cat-akademik-kitaplar","6":"product_cat-egitim","7":"pa_cilt-ciltsiz","8":"pa_tur-kitap","9":"pa_yayinevi-odtu-gelistirme-vakfi-yayincilik","10":"pa_yazar-ugur-ersoy","12":"first","13":"instock","14":"sale","15":"shipping-taxable","16":"purchasable","17":"product-type-simple"},"_links":{"self":[{"href":"https:\/\/roveyayinevi.com.tr\/index.php\/wp-json\/wp\/v2\/product\/738723","targetHints":{"allow":["GET"]}}],"collection":[{"href":"https:\/\/roveyayinevi.com.tr\/index.php\/wp-json\/wp\/v2\/product"}],"about":[{"href":"https:\/\/roveyayinevi.com.tr\/index.php\/wp-json\/wp\/v2\/types\/product"}],"wp:attachment":[{"href":"https:\/\/roveyayinevi.com.tr\/index.php\/wp-json\/wp\/v2\/media?parent=738723"}],"wp:term":[{"taxonomy":"product_brand","embeddable":true,"href":"https:\/\/roveyayinevi.com.tr\/index.php\/wp-json\/wp\/v2\/product_brand?post=738723"},{"taxonomy":"product_cat","embeddable":true,"href":"https:\/\/roveyayinevi.com.tr\/index.php\/wp-json\/wp\/v2\/product_cat?post=738723"},{"taxonomy":"product_tag","embeddable":true,"href":"https:\/\/roveyayinevi.com.tr\/index.php\/wp-json\/wp\/v2\/product_tag?post=738723"}],"curies":[{"name":"wp","href":"https:\/\/api.w.org\/{rel}","templated":true}]}}