{"id":738722,"date":"2025-08-27T23:55:50","date_gmt":"2025-08-27T20:55:50","guid":{"rendered":"https:\/\/roveyayinevi.com.tr\/index.php\/urun\/nisibis-nusaybin\/"},"modified":"2026-04-16T02:48:52","modified_gmt":"2026-04-15T23:48:52","slug":"nisibis-nusaybin","status":"publish","type":"product","link":"https:\/\/roveyayinevi.com.tr\/index.php\/urun\/nisibis-nusaybin\/","title":{"rendered":"Nisibis (Nusaybin)"},"content":{"rendered":"<p>Elinizdeki kitap, hem \u00e7al\u0131\u015fma d\u00f6nemi hem de yakla\u015f\u0131m olarak ele\u015ftirisini yapt\u0131\u011f\u0131m\u0131z ara\u015ft\u0131rmalardan farkl\u0131 bir tarza sahiptir. \u0130lk\u00e7a\u011flardan 17. y\u00fczy\u0131la kadar olduk\u00e7a uzun bir d\u00f6nemi kapsayan \u00e7al\u0131\u015fman\u0131n, kronolojik derinlikte kaybolmadan, Nusaybin oda\u011f\u0131n\u0131 ve s\u00fcr\u00fckleyicili\u011fini kaybetmemesi \u00f6nemli bir ba\u015far\u0131d\u0131r. Ayn\u0131 zamanda, teorilerin bask\u0131 ve yan\u0131lsamalar\u0131ndan uzak, olduk\u00e7a betimleyici bir yakla\u015f\u0131m\u0131n benimsenmi\u015f olmas\u0131 okuyucuyu do\u011frudan \u015fehir ve \u015fehrin tarihi rol\u00fcyle ba\u015f ba\u015fa b\u0131rakmaktad\u0131r. Bu yakla\u015f\u0131m\u0131n, \u015fehrin sofistike yap\u0131s\u0131n\u0131, teori kalabal\u0131\u011f\u0131na bo\u011fulmu\u015f \u00e7al\u0131\u015fmalardan daha ger\u00e7ek\u00e7i ortaya koydu\u011funu da belirtmek gerekir. &#8220;Nisibis (Nusaybin) Kadim Bir \u015eehrin Hikayesi&#8221; ayn\u0131 zamanda Do\u011fu-Bat\u0131 \u015fehirleri tart\u0131\u015fmas\u0131 ba\u011flam\u0131nda, sosyopolitik olarak arada kalm\u0131\u015f bir \u015fehri inceliyor olmas\u0131 bak\u0131m\u0131ndan da \u00f6nemlidir. \u015eehrin t\u00fcm y\u00f6nleriyle ele al\u0131nd\u0131\u011f\u0131 bu \u00e7al\u0131\u015fmada, tarihi s\u00fcre\u00e7te Do\u011fu-Bat\u0131 \u00e7at\u0131\u015fma\/etkile\u015fiminin yo\u011fun ya\u015fand\u0131\u011f\u0131 bir co\u011frafyay\u0131 modern tart\u0131\u015fmalara girmeden betimlemek yazar\u0131n psiko-metodolojik bir ba\u015far\u0131s\u0131 olarak kabul edilmelidir.<\/p>\n","protected":false},"excerpt":{"rendered":"<p>Elinizdeki kitap, hem \u00e7al\u0131\u015fma d\u00f6nemi hem de yakla\u015f\u0131m olarak ele\u015ftirisini yapt\u0131\u011f\u0131m\u0131z ara\u015ft\u0131rmalardan farkl\u0131 bir tarza sahiptir. \u0130lk\u00e7a\u011flardan 17. y\u00fczy\u0131la kadar olduk\u00e7a uzun bir d\u00f6nemi kapsayan \u00e7al\u0131\u015fman\u0131n,<span class=\"excerpt-hellip\"> [\u2026]<\/span><\/p>\n","protected":false},"featured_media":0,"template":"","meta":{"_monsterinsights_skip_tracking":false,"_monsterinsights_sitenote_active":false,"_monsterinsights_sitenote_note":"","_monsterinsights_sitenote_category":0},"product_brand":[],"product_cat":[12370,12304],"product_tag":[],"class_list":{"0":"post-738722","1":"product","2":"type-product","3":"status-publish","5":"product_cat-arastirma-inceleme","6":"product_cat-tarih","7":"pa_cilt-ciltsiz","8":"pa_tur-kitap","9":"pa_yayinevi-divan-kitap","10":"pa_yazar-ahmet-kutuk","12":"first","13":"instock","14":"sale","15":"shipping-taxable","16":"purchasable","17":"product-type-simple"},"_links":{"self":[{"href":"https:\/\/roveyayinevi.com.tr\/index.php\/wp-json\/wp\/v2\/product\/738722","targetHints":{"allow":["GET"]}}],"collection":[{"href":"https:\/\/roveyayinevi.com.tr\/index.php\/wp-json\/wp\/v2\/product"}],"about":[{"href":"https:\/\/roveyayinevi.com.tr\/index.php\/wp-json\/wp\/v2\/types\/product"}],"wp:attachment":[{"href":"https:\/\/roveyayinevi.com.tr\/index.php\/wp-json\/wp\/v2\/media?parent=738722"}],"wp:term":[{"taxonomy":"product_brand","embeddable":true,"href":"https:\/\/roveyayinevi.com.tr\/index.php\/wp-json\/wp\/v2\/product_brand?post=738722"},{"taxonomy":"product_cat","embeddable":true,"href":"https:\/\/roveyayinevi.com.tr\/index.php\/wp-json\/wp\/v2\/product_cat?post=738722"},{"taxonomy":"product_tag","embeddable":true,"href":"https:\/\/roveyayinevi.com.tr\/index.php\/wp-json\/wp\/v2\/product_tag?post=738722"}],"curies":[{"name":"wp","href":"https:\/\/api.w.org\/{rel}","templated":true}]}}