{"id":738720,"date":"2025-08-27T23:55:48","date_gmt":"2025-08-27T20:55:48","guid":{"rendered":"https:\/\/roveyayinevi.com.tr\/index.php\/urun\/mulkiyet-haklari-iktisadi\/"},"modified":"2026-04-16T02:48:52","modified_gmt":"2026-04-15T23:48:52","slug":"mulkiyet-haklari-iktisadi","status":"publish","type":"product","link":"https:\/\/roveyayinevi.com.tr\/index.php\/urun\/mulkiyet-haklari-iktisadi\/","title":{"rendered":"M\u00fclkiyet Haklar\u0131 \u0130ktisad\u0131"},"content":{"rendered":"<p>Sahiplik ya da m\u00fclkiyet, insanl\u0131k tarihinin en kadim meselelerinden birisidir. \u0130nsanlar\u0131n bir arada huzur, refah, bar\u0131\u015f, adalet ve \u00f6zg\u00fcrl\u00fck i\u00e7erisinde ya\u015fayabilmeleri m\u00fclkiyet meselesinin do\u011fru anla\u015f\u0131lm\u0131\u015f ve \u00e7\u00f6z\u00fcmlenmi\u015f olmas\u0131 ile \u00e7ok yak\u0131ndan alakal\u0131d\u0131r.M\u00fclkiyet meselesi, felsefe yaz\u0131n\u0131nda sonu bitmek bilmeyen tart\u0131\u015fmalar\u0131n, arg\u00fcmanlar\u0131n, tezlerin, anti-tezlerin, sentezlerin vs. konusu olmu\u015ftur. M\u00fclkiyet hakk\u0131, ayn\u0131 zamanda iyi bir iktisadi d\u00fczen in\u015fa etmek a\u00e7\u0131s\u0131ndan mukayeseli ekonomik sistemlerin temel ara\u015ft\u0131rma konular\u0131ndan birisidir. Bu kitapta \u201cm\u00fclkiyet haklar\u0131 felsefesi\u201d \u00e7er\u00e7evesinde m\u00fclkiyetin me\u015fruiyeti konusu ele al\u0131nd\u0131ktan sonra m\u00fclkiyet haklar\u0131 ile iktisadi geli\u015fme aras\u0131ndaki ili\u015fki farkl\u0131 y\u00f6nleriyle incelenmektedir. Kitapta ayr\u0131ca M\u00fclkiyet Hukukun \u0130ktisadi Analizi ad\u0131 verilen ara\u015ft\u0131rma program\u0131n\u0131n \u00f6nc\u00fcleri olarak kabul edilen Nobel ekonomi \u00f6d\u00fcl\u00fc sahipleri Ronald Coase ve Oliver Williamson\u2019un katk\u0131lar\u0131 da \u00f6zetlenmi\u015f olacakt\u0131r.<\/p>\n","protected":false},"excerpt":{"rendered":"<p>Sahiplik ya da m\u00fclkiyet, insanl\u0131k tarihinin en kadim meselelerinden birisidir. \u0130nsanlar\u0131n bir arada huzur, refah, bar\u0131\u015f, adalet ve \u00f6zg\u00fcrl\u00fck i\u00e7erisinde ya\u015fayabilmeleri m\u00fclkiyet meselesinin do\u011fru anla\u015f\u0131lm\u0131\u015f ve<span class=\"excerpt-hellip\"> [\u2026]<\/span><\/p>\n","protected":false},"featured_media":0,"template":"","meta":{"_monsterinsights_skip_tracking":false,"_monsterinsights_sitenote_active":false,"_monsterinsights_sitenote_note":"","_monsterinsights_sitenote_category":0},"product_brand":[],"product_cat":[12573,12566],"product_tag":[],"class_list":{"0":"post-738720","1":"product","2":"type-product","3":"status-publish","5":"product_cat-akademik-kitaplar","6":"product_cat-egitim","7":"pa_cilt-ciltsiz","8":"pa_tur-kitap","9":"pa_yayinevi-divan-kitap","10":"pa_yazar-coskun-can-aktan","12":"first","13":"instock","14":"sale","15":"shipping-taxable","16":"purchasable","17":"product-type-simple"},"_links":{"self":[{"href":"https:\/\/roveyayinevi.com.tr\/index.php\/wp-json\/wp\/v2\/product\/738720","targetHints":{"allow":["GET"]}}],"collection":[{"href":"https:\/\/roveyayinevi.com.tr\/index.php\/wp-json\/wp\/v2\/product"}],"about":[{"href":"https:\/\/roveyayinevi.com.tr\/index.php\/wp-json\/wp\/v2\/types\/product"}],"wp:attachment":[{"href":"https:\/\/roveyayinevi.com.tr\/index.php\/wp-json\/wp\/v2\/media?parent=738720"}],"wp:term":[{"taxonomy":"product_brand","embeddable":true,"href":"https:\/\/roveyayinevi.com.tr\/index.php\/wp-json\/wp\/v2\/product_brand?post=738720"},{"taxonomy":"product_cat","embeddable":true,"href":"https:\/\/roveyayinevi.com.tr\/index.php\/wp-json\/wp\/v2\/product_cat?post=738720"},{"taxonomy":"product_tag","embeddable":true,"href":"https:\/\/roveyayinevi.com.tr\/index.php\/wp-json\/wp\/v2\/product_tag?post=738720"}],"curies":[{"name":"wp","href":"https:\/\/api.w.org\/{rel}","templated":true}]}}