{"id":738718,"date":"2025-08-27T23:55:46","date_gmt":"2025-08-27T20:55:46","guid":{"rendered":"https:\/\/roveyayinevi.com.tr\/index.php\/urun\/mehmet-serefeddin-yaltkaya-hayati-eserleri-ve-dusunce-dunyasi\/"},"modified":"2026-04-16T02:48:52","modified_gmt":"2026-04-15T23:48:52","slug":"mehmet-serefeddin-yaltkaya-hayati-eserleri-ve-dusunce-dunyasi","status":"publish","type":"product","link":"https:\/\/roveyayinevi.com.tr\/index.php\/urun\/mehmet-serefeddin-yaltkaya-hayati-eserleri-ve-dusunce-dunyasi\/","title":{"rendered":"Mehmet \u015eerefeddin Yaltkaya-Hayat\u0131 Eserleri ve D\u00fc\u015f\u00fcnce D\u00fcnyas\u0131"},"content":{"rendered":"<p>\u201c\u015eerefeddin Yaltkaya&#8217;da hakikaten ilim zevki ve heyecan\u0131 vard\u0131. Onun bilgisi \u00e7ok esasl\u0131 ve derindi. Asla gelip ge\u00e7ici g\u00f6r\u00fc\u015flere ve kanaatlere da-yanmaz ve inanmazd\u0131. \u015eer&#8217;\u00ee ve akli ilimler tarihinde cidden fikirlerinden isti-fade edilir k\u0131ymetli bir varl\u0131\u011f\u0131m\u0131zd\u0131. \u00d6l\u00fcm\u00fc pek vakitsiz oldu. Onu en olgun bir ya\u015f\u0131nda ve m\u00fcstesna kafas\u0131 ile kaybettik. Hakiki bir \u00e2limimizdi. O vasf\u0131 asla kaybolmayacakt\u0131r. Eserlerine daima ba\u015fvurulacakt\u0131r.\u201dA. S\u00fcheyl \u00dcnver \u201cFransa Koleji&#8217;nden Profes\u00f6r Louis Massignon zat-\u0131 devletinize [Ahmet Hamdi Akseki] say\u0131n de\u011fer y\u00fcksek selefiniz Profes\u00f6r \u015eerefeddin Yaltkaya&#8217;n\u0131n vefat\u0131 m\u00fcnasebetiyle pek ge\u00e7 kalan taziyelerini kemal-i ihtiramla arz eder. M\u00fc\u015farunileyh 25 seneden beri b\u00fct\u00fcn varl\u0131\u011f\u0131yla T\u00fcrk tefekk\u00fcr tarihi \u00fczerinde h\u00fcccet say\u0131lacak ihtimaml\u0131 bir merci ve k\u0131ymetli bir mesnet idi. Bu b\u00fcy\u00fck \u00e2limin derin h\u00fcrmet hat\u0131ras\u0131n\u0131 ta\u015f\u0131yan dostlar\u0131na ve yak\u0131nlar\u0131na taziyetlerimin ibla\u011f\u0131n\u0131 zat-\u0131 devletinizden rica ederim.\u201dLouis Massignon<\/p>\n","protected":false},"excerpt":{"rendered":"<p>\u201c\u015eerefeddin Yaltkaya&#8217;da hakikaten ilim zevki ve heyecan\u0131 vard\u0131. Onun bilgisi \u00e7ok esasl\u0131 ve derindi. Asla gelip ge\u00e7ici g\u00f6r\u00fc\u015flere ve kanaatlere da-yanmaz ve inanmazd\u0131. \u015eer&#8217;\u00ee ve akli<span class=\"excerpt-hellip\"> [\u2026]<\/span><\/p>\n","protected":false},"featured_media":0,"template":"","meta":{"_monsterinsights_skip_tracking":false,"_monsterinsights_sitenote_active":false,"_monsterinsights_sitenote_note":"","_monsterinsights_sitenote_category":0},"product_brand":[],"product_cat":[14009,12291],"product_tag":[],"class_list":{"0":"post-738718","1":"product","2":"type-product","3":"status-publish","5":"product_cat-biyografi-otobiyografi-edebiyat","6":"product_cat-edebiyat","7":"pa_cilt-ciltsiz","8":"pa_tur-kitap","9":"pa_yayinevi-divan-kitap","10":"pa_yazar-birgul-bozkurt","12":"first","13":"instock","14":"sale","15":"shipping-taxable","16":"purchasable","17":"product-type-simple"},"_links":{"self":[{"href":"https:\/\/roveyayinevi.com.tr\/index.php\/wp-json\/wp\/v2\/product\/738718","targetHints":{"allow":["GET"]}}],"collection":[{"href":"https:\/\/roveyayinevi.com.tr\/index.php\/wp-json\/wp\/v2\/product"}],"about":[{"href":"https:\/\/roveyayinevi.com.tr\/index.php\/wp-json\/wp\/v2\/types\/product"}],"wp:attachment":[{"href":"https:\/\/roveyayinevi.com.tr\/index.php\/wp-json\/wp\/v2\/media?parent=738718"}],"wp:term":[{"taxonomy":"product_brand","embeddable":true,"href":"https:\/\/roveyayinevi.com.tr\/index.php\/wp-json\/wp\/v2\/product_brand?post=738718"},{"taxonomy":"product_cat","embeddable":true,"href":"https:\/\/roveyayinevi.com.tr\/index.php\/wp-json\/wp\/v2\/product_cat?post=738718"},{"taxonomy":"product_tag","embeddable":true,"href":"https:\/\/roveyayinevi.com.tr\/index.php\/wp-json\/wp\/v2\/product_tag?post=738718"}],"curies":[{"name":"wp","href":"https:\/\/api.w.org\/{rel}","templated":true}]}}