{"id":738717,"date":"2025-08-27T23:55:45","date_gmt":"2025-08-27T20:55:45","guid":{"rendered":"https:\/\/roveyayinevi.com.tr\/index.php\/urun\/maktul-sehzadeler\/"},"modified":"2026-04-16T02:48:52","modified_gmt":"2026-04-15T23:48:52","slug":"maktul-sehzadeler","status":"publish","type":"product","link":"https:\/\/roveyayinevi.com.tr\/index.php\/urun\/maktul-sehzadeler\/","title":{"rendered":"Maktul \u015eehzadeler"},"content":{"rendered":"<p>Meded meded bu cih\u00e2n\u00fbn y\u0131k\u0131ld\u0131 bir yan\u0131 Ecel Cel\u00e2l\u00eeleri ald\u0131 Mustaf\u00e2 Han&#8217;\u0131 Tulund\u0131 mihr-i cem\u00e2li, bozuld\u0131 d\u00eev\u00e2n\u0131 Veb\u00e2le koyd\u0131lar \u00e2l ile \u00c2l-i Osm\u00e2n\u0131.Ta\u015fl\u0131cal\u0131 Yahya Bey\u201cHer kimseye evl\u00e2d\u0131mdan saltanat m\u00fcyesser ola, karde\u015flerini niz\u00e2m-\u0131 \u00e2lem i\u00e7\u00fcn katl etmek m\u00fcn\u00e2sibdir. Ekser ulem\u00e2 dahi tecviz etmi\u015ftir. \u00c2n\u0131nla amil olalar\u201d.Fatih Sultan Mehmed&#8217;in Kanunnamesine koydu\u011fu bu madde ile Osmanl\u0131 Devleti&#8217;nde daha \u00f6nce de olagelen \u015faehzadelerin ortadan kald\u0131r\u0131lmas\u0131 meselesi h\u00fck\u00fcm alt\u0131na al\u0131nm\u0131\u015f ve D\u00f6rd\u00fcnc\u00fc Mehmed zaman\u0131na kadar devam etti.Osmanl\u0131 tarih yaz\u0131c\u0131l\u0131\u011f\u0131nda \u00f6nyarg\u0131lar\u0131n d\u0131\u015f\u0131na \u00e7\u0131k\u0131lmadan tart\u0131\u015f\u0131lamayan karde\u015f katli meselesi, baz\u0131 tarih\u00e7iler taraf\u0131ndan gaddarca oldu\u011fu dile getirilmi\u015fken, baz\u0131 kesimlerce de kesinlikle do\u011fru olarak kabul edilmi\u015ftir.Daha \u00f6nce kurulan T\u00fcrk devletlerinin karde\u015f kavgalar\u0131 y\u00fcz\u00fcnden k\u0131sa s\u00fcrede yok olup gitmeleri ve Osmanl\u0131&#8217;da ya\u015fanan Fetret Devri&#8217;nin sonraki Padi\u015fahlara bu uygulaman\u0131n zaruri oldu\u011fu fikrini vermi\u015ftir. Devletin bekas\u0131 i\u00e7in fertlerin feda edilebilece\u011fi d\u00fc\u015f\u00fcncesinin do\u011fru olup olmad\u0131\u011f\u0131n\u0131n karar\u0131n\u0131 vermek zor olsa gerektir.Mehmet Zeki Bey ise eserinde, bu meseleyi sade ve anla\u015f\u0131l\u0131r bil uslupla tart\u0131\u015fm\u0131\u015ft\u0131r. Eserinde yerli ve yabanc\u0131 bir\u00e7ok kaynaktan faydalanm\u0131\u015ft\u0131r. Konuyu irdelerken kar\u015f\u0131t g\u00f6r\u00fc\u015flerin fikirlerine de yer vermesi nesnel bir bak\u0131\u015f a\u00e7\u0131s\u0131na sahip oldu\u011funu g\u00f6stermektedir.<\/p>\n","protected":false},"excerpt":{"rendered":"<p>Meded meded bu cih\u00e2n\u00fbn y\u0131k\u0131ld\u0131 bir yan\u0131 Ecel Cel\u00e2l\u00eeleri ald\u0131 Mustaf\u00e2 Han&#8217;\u0131 Tulund\u0131 mihr-i cem\u00e2li, bozuld\u0131 d\u00eev\u00e2n\u0131 Veb\u00e2le koyd\u0131lar \u00e2l ile \u00c2l-i Osm\u00e2n\u0131.Ta\u015fl\u0131cal\u0131 Yahya Bey\u201cHer kimseye<span class=\"excerpt-hellip\"> [\u2026]<\/span><\/p>\n","protected":false},"featured_media":0,"template":"","meta":{"_monsterinsights_skip_tracking":false,"_monsterinsights_sitenote_active":false,"_monsterinsights_sitenote_note":"","_monsterinsights_sitenote_category":0},"product_brand":[],"product_cat":[12370,12304],"product_tag":[],"class_list":{"0":"post-738717","1":"product","2":"type-product","3":"status-publish","5":"product_cat-arastirma-inceleme","6":"product_cat-tarih","7":"pa_cilt-ciltsiz","8":"pa_tur-kitap","9":"pa_yayinevi-divan-kitap","10":"pa_yazar-mehmet-zeki-pakalin","12":"first","13":"instock","14":"sale","15":"shipping-taxable","16":"purchasable","17":"product-type-simple"},"_links":{"self":[{"href":"https:\/\/roveyayinevi.com.tr\/index.php\/wp-json\/wp\/v2\/product\/738717","targetHints":{"allow":["GET"]}}],"collection":[{"href":"https:\/\/roveyayinevi.com.tr\/index.php\/wp-json\/wp\/v2\/product"}],"about":[{"href":"https:\/\/roveyayinevi.com.tr\/index.php\/wp-json\/wp\/v2\/types\/product"}],"wp:attachment":[{"href":"https:\/\/roveyayinevi.com.tr\/index.php\/wp-json\/wp\/v2\/media?parent=738717"}],"wp:term":[{"taxonomy":"product_brand","embeddable":true,"href":"https:\/\/roveyayinevi.com.tr\/index.php\/wp-json\/wp\/v2\/product_brand?post=738717"},{"taxonomy":"product_cat","embeddable":true,"href":"https:\/\/roveyayinevi.com.tr\/index.php\/wp-json\/wp\/v2\/product_cat?post=738717"},{"taxonomy":"product_tag","embeddable":true,"href":"https:\/\/roveyayinevi.com.tr\/index.php\/wp-json\/wp\/v2\/product_tag?post=738717"}],"curies":[{"name":"wp","href":"https:\/\/api.w.org\/{rel}","templated":true}]}}