{"id":738716,"date":"2025-08-27T23:55:44","date_gmt":"2025-08-27T20:55:44","guid":{"rendered":"https:\/\/roveyayinevi.com.tr\/index.php\/urun\/liberteyenizm-ve-anarko-kapitalizm\/"},"modified":"2026-04-16T02:48:52","modified_gmt":"2026-04-15T23:48:52","slug":"liberteyenizm-ve-anarko-kapitalizm","status":"publish","type":"product","link":"https:\/\/roveyayinevi.com.tr\/index.php\/urun\/liberteyenizm-ve-anarko-kapitalizm\/","title":{"rendered":"Liberteyenizm ve Anarko-Kapitalizm"},"content":{"rendered":"<p>Liberteryenizm ve anarko-kapitalizm, liberalizm ve anar\u015fizm \u00f6\u011fretilerinden beslenen siyasi ideolojilerdir. Liberalizm, bireysel \u00f6zg\u00fcrl\u00fcklerin korunmas\u0131 ve g\u00fcvence alt\u0131na al\u0131nmas\u0131 \u00fczerine in\u015fa edilmi\u015f bir \u00f6\u011fretidir. Anar\u015fizm ise her t\u00fcrl\u00fc otorite, tahakk\u00fcm ve hiyerar\u015fiye kar\u015f\u0131 olan bir felsefedir. Her iki \u00f6\u011freti bireysel \u00f6zg\u00fcrl\u00fcklerin \u00f6nemli ve de\u011ferli oldu\u011fu noktas\u0131nda bulu\u015fmaktad\u0131r. Aralar\u0131ndaki temel farkl\u0131l\u0131k devlet felsefesi \u00fczerinedir. Klasik liberalizm, bireysel \u00f6zg\u00fcrl\u00fcklerin korunmas\u0131 i\u00e7in \u201cs\u0131n\u0131rl\u0131 devlet\u201din gerekli oldu\u011funu savunur. Anar\u015fizm ise (ister sa\u011f anar\u015fizm ve isterse sol anar\u015fizm olsun) devlete b\u00fct\u00fcn\u00fcyle kar\u015f\u0131 olan bir ideolojidir.Liberteryenizm \u00f6\u011fretisi klasik liberalizm ilkelerine ba\u011fl\u0131 olmakla beraber devleti ka\u00e7\u0131n\u0131lmas\u0131 ve katlan\u0131lmas\u0131 gereken bir k\u00f6t\u00fcl\u00fck olarak ele al\u0131r. Anarko-kapitalizm \u00f6\u011fretisi ise bir taraftan klasik liberalizm ilkelerine, di\u011fer taraftan da bireyci anar\u015fizmin \u201cdevletsiz toplum\u201d d\u00fc\u015f\u00fcnesine ba\u011fl\u0131l\u0131\u011f\u0131n\u0131 s\u00fcrd\u00fcr\u00fcr.<\/p>\n","protected":false},"excerpt":{"rendered":"<p>Liberteryenizm ve anarko-kapitalizm, liberalizm ve anar\u015fizm \u00f6\u011fretilerinden beslenen siyasi ideolojilerdir. Liberalizm, bireysel \u00f6zg\u00fcrl\u00fcklerin korunmas\u0131 ve g\u00fcvence alt\u0131na al\u0131nmas\u0131 \u00fczerine in\u015fa edilmi\u015f bir \u00f6\u011fretidir. Anar\u015fizm ise her<span class=\"excerpt-hellip\"> [\u2026]<\/span><\/p>\n","protected":false},"featured_media":0,"template":"","meta":{"_monsterinsights_skip_tracking":false,"_monsterinsights_sitenote_active":false,"_monsterinsights_sitenote_note":"","_monsterinsights_sitenote_category":0},"product_brand":[],"product_cat":[13590,12337],"product_tag":[],"class_list":{"0":"post-738716","1":"product","2":"type-product","3":"status-publish","5":"product_cat-arastirma-inceleme-politika-siyaset","6":"product_cat-politika-siyaset","7":"pa_cilt-ciltsiz","8":"pa_tur-kitap","9":"pa_yayinevi-divan-kitap","10":"pa_yazar-divan-kitap-kolektif","12":"first","13":"instock","14":"sale","15":"shipping-taxable","16":"purchasable","17":"product-type-simple"},"_links":{"self":[{"href":"https:\/\/roveyayinevi.com.tr\/index.php\/wp-json\/wp\/v2\/product\/738716","targetHints":{"allow":["GET"]}}],"collection":[{"href":"https:\/\/roveyayinevi.com.tr\/index.php\/wp-json\/wp\/v2\/product"}],"about":[{"href":"https:\/\/roveyayinevi.com.tr\/index.php\/wp-json\/wp\/v2\/types\/product"}],"wp:attachment":[{"href":"https:\/\/roveyayinevi.com.tr\/index.php\/wp-json\/wp\/v2\/media?parent=738716"}],"wp:term":[{"taxonomy":"product_brand","embeddable":true,"href":"https:\/\/roveyayinevi.com.tr\/index.php\/wp-json\/wp\/v2\/product_brand?post=738716"},{"taxonomy":"product_cat","embeddable":true,"href":"https:\/\/roveyayinevi.com.tr\/index.php\/wp-json\/wp\/v2\/product_cat?post=738716"},{"taxonomy":"product_tag","embeddable":true,"href":"https:\/\/roveyayinevi.com.tr\/index.php\/wp-json\/wp\/v2\/product_tag?post=738716"}],"curies":[{"name":"wp","href":"https:\/\/api.w.org\/{rel}","templated":true}]}}