{"id":738715,"date":"2025-08-27T23:55:43","date_gmt":"2025-08-27T20:55:43","guid":{"rendered":"https:\/\/roveyayinevi.com.tr\/index.php\/urun\/kriminoloji-ve-iktisat\/"},"modified":"2026-04-16T02:48:52","modified_gmt":"2026-04-15T23:48:52","slug":"kriminoloji-ve-iktisat","status":"publish","type":"product","link":"https:\/\/roveyayinevi.com.tr\/index.php\/urun\/kriminoloji-ve-iktisat\/","title":{"rendered":"Kriminoloji ve \u0130ktisat"},"content":{"rendered":"<p>Su\u00e7, insanl\u0131k tarihi kadar eski bir olgudur ve toplumsal hayat\u0131n bir par\u00e7as\u0131d\u0131r. Su\u00e7 ve su\u00e7 t\u00fcrleri, niteli\u011fi, unsurlar\u0131, derecesi, kaynaklar\u0131, nedenleri, etkileri, sonu\u00e7lar\u0131, su\u00e7a maruz kalan ki\u015filer, su\u00e7lunun \u0131slah\u0131, su\u00e7luya verilecek ceza ve daha pek \u00e7ok konu Kriminoloji ad\u0131 verilen bir ara\u015ft\u0131rma program\u0131n\u0131n inceledi\u011fi ba\u015fl\u0131ca konulard\u0131r.Kriminolojik \u0130ktisat ise su\u00e7 ve ceza konusunu iktisat bilimi perspektifinden inceleyen bir disiplindir. Kriminolojik \u0130ktisat literat\u00fcrde daha ziyade Su\u00e7 ve Ceza \u0130ktisad\u0131 olarak bilinmektedir. Nispeten yeni olan bu ara\u015ft\u0131rma program\u0131 su\u00e7lar\u0131n t\u00fcrlerini, etkilerini, nedenlerini, sonu\u00e7lar\u0131n\u0131 ve \u00f6nlenmesine y\u00f6nelik konular\u0131 iktisat biliminin ara\u00e7lar\u0131 ve metodolojisini kullanarak incelemektedir..<\/p>\n","protected":false},"excerpt":{"rendered":"<p>Su\u00e7, insanl\u0131k tarihi kadar eski bir olgudur ve toplumsal hayat\u0131n bir par\u00e7as\u0131d\u0131r. Su\u00e7 ve su\u00e7 t\u00fcrleri, niteli\u011fi, unsurlar\u0131, derecesi, kaynaklar\u0131, nedenleri, etkileri, sonu\u00e7lar\u0131, su\u00e7a maruz kalan<span class=\"excerpt-hellip\"> [\u2026]<\/span><\/p>\n","protected":false},"featured_media":0,"template":"","meta":{"_monsterinsights_skip_tracking":false,"_monsterinsights_sitenote_active":false,"_monsterinsights_sitenote_note":"","_monsterinsights_sitenote_category":0},"product_brand":[],"product_cat":[12370,12304],"product_tag":[],"class_list":{"0":"post-738715","1":"product","2":"type-product","3":"status-publish","5":"product_cat-arastirma-inceleme","6":"product_cat-tarih","7":"pa_cilt-ciltsiz","8":"pa_tur-kitap","9":"pa_yayinevi-divan-kitap","10":"pa_yazar-enver-alper-guvel-coskun-can-aktan","12":"first","13":"instock","14":"sale","15":"shipping-taxable","16":"purchasable","17":"product-type-simple"},"_links":{"self":[{"href":"https:\/\/roveyayinevi.com.tr\/index.php\/wp-json\/wp\/v2\/product\/738715","targetHints":{"allow":["GET"]}}],"collection":[{"href":"https:\/\/roveyayinevi.com.tr\/index.php\/wp-json\/wp\/v2\/product"}],"about":[{"href":"https:\/\/roveyayinevi.com.tr\/index.php\/wp-json\/wp\/v2\/types\/product"}],"wp:attachment":[{"href":"https:\/\/roveyayinevi.com.tr\/index.php\/wp-json\/wp\/v2\/media?parent=738715"}],"wp:term":[{"taxonomy":"product_brand","embeddable":true,"href":"https:\/\/roveyayinevi.com.tr\/index.php\/wp-json\/wp\/v2\/product_brand?post=738715"},{"taxonomy":"product_cat","embeddable":true,"href":"https:\/\/roveyayinevi.com.tr\/index.php\/wp-json\/wp\/v2\/product_cat?post=738715"},{"taxonomy":"product_tag","embeddable":true,"href":"https:\/\/roveyayinevi.com.tr\/index.php\/wp-json\/wp\/v2\/product_tag?post=738715"}],"curies":[{"name":"wp","href":"https:\/\/api.w.org\/{rel}","templated":true}]}}