{"id":738713,"date":"2025-08-27T23:55:41","date_gmt":"2025-08-27T20:55:41","guid":{"rendered":"https:\/\/roveyayinevi.com.tr\/index.php\/urun\/kelam-ilmine-yonelik-elestiriler\/"},"modified":"2026-04-16T02:48:52","modified_gmt":"2026-04-15T23:48:52","slug":"kelam-ilmine-yonelik-elestiriler","status":"publish","type":"product","link":"https:\/\/roveyayinevi.com.tr\/index.php\/urun\/kelam-ilmine-yonelik-elestiriler\/","title":{"rendered":"Kelam \u0130lmine Y\u00f6nelik Ele\u015ftiriler"},"content":{"rendered":"<p>M\u00fcsl\u00fcman toplumun ya\u015fad\u0131\u011f\u0131 d\u00fc\u015f\u00fcnce sorunlar\u0131ndan birisi, hi\u00e7 \u015f\u00fcphesiz ge\u00e7mi\u015fi kutsama, ya\u015fam\u0131n her alan\u0131 ile ilgili sorunlar\u0131na ge\u00e7mi\u015ften\/seleften \u00e7\u00f6z\u00fcm arama, akl\u0131 sadece rivayeti anlamayla s\u0131n\u0131rland\u0131rma ve bu y\u00f6n\u00fcyle akl\u0131 at\u0131l b\u0131rakmad\u0131r. Cabiri&#8217;nin ifadesiyle \u201cm\u00fckevven ak\u0131l\u201d nedeniyle, M\u00fcsl\u00fcmanlar ya\u015fad\u0131klar\u0131 d\u00fcnyada pasifle\u015fmi\u015flerdir, kendilerini yeniden var k\u0131lmak i\u00e7in \u00e7aba g\u00f6stermemi\u015flerdir. De\u011fi\u015fmek ve geli\u015fmek istemedikleri gibi, bu t\u00fcr \u00e7abalar\u0131n \u00f6n\u00fcnde de en b\u00fcy\u00fck engeli olu\u015fturmu\u015flard\u0131r. Bu durum sadece tarihin belli bir d\u00f6nemi ile s\u0131n\u0131rl\u0131 kalmam\u0131\u015f, maalesef bu d\u00fc\u015f\u00fcnce bi\u00e7imi, b\u00fct\u00fcn \u0130slam toplumlar\u0131nda halen \u00e7ok yayg\u0131n bir \u015fekilde kabul g\u00f6rmektedir. M\u00fcsl\u00fcmanlar\u0131n ya\u015fad\u0131klar\u0131 bir di\u011fer problem de ge\u00e7mi\u015fe ait d\u00fc\u015f\u00fcncelerin yeteri derecede bilimsel kriterler \u0131\u015f\u0131\u011f\u0131nda de\u011ferlendirilmemesi ve bunlar\u0131n ele\u015ftirel ak\u0131l ile incelenmemesidir. Her d\u00f6nemde bu konuda belli baz\u0131 \u00e7abalar g\u00f6sterilmi\u015fse de yeteri d\u00fczeyde olmad\u0131\u011f\u0131 da gayet a\u00e7\u0131kt\u0131r. Her alanda sorunlar ya\u015fayan M\u00fcsl\u00fcman toplumun, d\u00fc\u015f\u00fcnce miras\u0131n\u0131 yeniden ele al\u0131p incelenmesi ka\u00e7\u0131n\u0131lmaz bir sorumluluktur. Bu \u00e7er\u00e7evede \u0130slam d\u00fc\u015f\u00fcncesine Selef ve Gazali&#8217;nin etkisini tespit etmek amac\u0131yla, Selef ulemas\u0131 ile Gazali&#8217;nin kelam ele\u015ftirisini i\u015flemeye \u00e7al\u0131\u015ft\u0131k.<\/p>\n","protected":false},"excerpt":{"rendered":"<p>M\u00fcsl\u00fcman toplumun ya\u015fad\u0131\u011f\u0131 d\u00fc\u015f\u00fcnce sorunlar\u0131ndan birisi, hi\u00e7 \u015f\u00fcphesiz ge\u00e7mi\u015fi kutsama, ya\u015fam\u0131n her alan\u0131 ile ilgili sorunlar\u0131na ge\u00e7mi\u015ften\/seleften \u00e7\u00f6z\u00fcm arama, akl\u0131 sadece rivayeti anlamayla s\u0131n\u0131rland\u0131rma ve bu<span class=\"excerpt-hellip\"> [\u2026]<\/span><\/p>\n","protected":false},"featured_media":0,"template":"","meta":{"_monsterinsights_skip_tracking":false,"_monsterinsights_sitenote_active":false,"_monsterinsights_sitenote_note":"","_monsterinsights_sitenote_category":0},"product_brand":[],"product_cat":[12718,12719],"product_tag":[],"class_list":{"0":"post-738713","1":"product","2":"type-product","3":"status-publish","5":"product_cat-din","6":"product_cat-islam","7":"pa_cilt-ciltsiz","8":"pa_tur-kitap","9":"pa_yayinevi-divan-kitap","10":"pa_yazar-ahmet-erkol","12":"first","13":"instock","14":"sale","15":"shipping-taxable","16":"purchasable","17":"product-type-simple"},"_links":{"self":[{"href":"https:\/\/roveyayinevi.com.tr\/index.php\/wp-json\/wp\/v2\/product\/738713","targetHints":{"allow":["GET"]}}],"collection":[{"href":"https:\/\/roveyayinevi.com.tr\/index.php\/wp-json\/wp\/v2\/product"}],"about":[{"href":"https:\/\/roveyayinevi.com.tr\/index.php\/wp-json\/wp\/v2\/types\/product"}],"wp:attachment":[{"href":"https:\/\/roveyayinevi.com.tr\/index.php\/wp-json\/wp\/v2\/media?parent=738713"}],"wp:term":[{"taxonomy":"product_brand","embeddable":true,"href":"https:\/\/roveyayinevi.com.tr\/index.php\/wp-json\/wp\/v2\/product_brand?post=738713"},{"taxonomy":"product_cat","embeddable":true,"href":"https:\/\/roveyayinevi.com.tr\/index.php\/wp-json\/wp\/v2\/product_cat?post=738713"},{"taxonomy":"product_tag","embeddable":true,"href":"https:\/\/roveyayinevi.com.tr\/index.php\/wp-json\/wp\/v2\/product_tag?post=738713"}],"curies":[{"name":"wp","href":"https:\/\/api.w.org\/{rel}","templated":true}]}}