{"id":738709,"date":"2025-08-27T23:55:38","date_gmt":"2025-08-27T20:55:38","guid":{"rendered":"https:\/\/roveyayinevi.com.tr\/index.php\/urun\/iktisadi-psikoloji-2\/"},"modified":"2026-04-16T02:48:52","modified_gmt":"2026-04-15T23:48:52","slug":"iktisadi-psikoloji-2","status":"publish","type":"product","link":"https:\/\/roveyayinevi.com.tr\/index.php\/urun\/iktisadi-psikoloji-2\/","title":{"rendered":"\u0130ktisadi Psikoloji 2"},"content":{"rendered":"<p>\u00c7al\u0131\u015fman\u0131n ana konusunu meydana getiren iktisadi psikoloji disiplinleraras\u0131 bir kavramd\u0131r. Kavram\u0131n birinci k\u0131sm\u0131n\u0131 olu\u015fturan \u201ciktisat\u201d k\u0131t kaynaklar\u0131n insan ihtiya\u00e7lar\u0131n\u0131 en iyi kar\u015f\u0131layacak \u015fekilde kullan\u0131lmas\u0131 ve \u00e7e\u015fitli faaliyetlerin ve bunlar\u0131n sonu\u00e7lar\u0131n\u0131n parasal a\u00e7\u0131dan ele al\u0131nmas\u0131 ile ilgilenmektedir. Dolay\u0131s\u0131yla iktisat k\u0131tl\u0131k \u015fartlar\u0131ndaki se\u00e7imleri inceleyen bir bilimdir. \u0130kinci k\u0131sm\u0131n\u0131 olu\u015fturtan \u201cpsikoloji\u201d ise insan\u0131n i\u00e7 d\u00fcnyas\u0131 ile etkile\u015fim sa\u011flayan bireysel s\u00fcre\u00e7lerle ilgilenmektedir. Bunlar g\u00fcd\u00fcleme, alg\u0131lama, \u00f6\u011frenme, tutum ve karar vermedir. Ba\u015flang\u0131\u00e7 noktas\u0131 olarak d\u00fc\u015f\u00fcnen, hisseden ve \u00f6\u011frenen bireyi alan psikoloji davran\u0131\u015f\u0131n bilimsel ilkelerini ortaya \u00e7\u0131karmaya \u00e7al\u0131\u015f\u0131r. Psikoloji b\u00f6ylece sat\u0131n alma ve t\u00fcketim gibi iktisadi olaylar\u0131n i\u00e7sel s\u00fcre\u00e7leri ile ilgilenerek duygular\u0131n, d\u00fc\u015f\u00fcncelerin ve tutumlar\u0131n ve bunlar\u0131 geli\u015ftirme yolar\u0131 \u00fczerine yo\u011funla\u015farak ki\u015fisel tecr\u00fcbelerin ve ki\u015fili\u011fin \u00f6nemine vurgu yapmaktad\u0131r.Her iki disiplin teori olu\u015fturma yollar\u0131 a\u00e7\u0131s\u0131ndan da ayr\u0131lmaktad\u0131r. \u0130ktisat teorisi, model geli\u015ftirmede matematiksel muhakemeye dayanan bi\u00e7imiyle daha \u00e7ok t\u00fcmdengelimcidir. Bu \u015fekliye iktisat teorisi olduk\u00e7a soyut bir yap\u0131 arz etmektedir. Bilim olarak t\u00fcmevar\u0131msal olan ve ampirik faaliyetlere a\u011f\u0131rl\u0131k veren psikolojide ise teorik yap\u0131 verilere olan yak\u0131n ba\u011fl\u0131l\u0131k ile karakterize edilmektedir.Bu iki par\u00e7an\u0131n birle\u015fimi bize insan tecr\u00fcbe ve davran\u0131\u015flar\u0131 ile k\u0131t kaynaklar\u0131n para, zaman ve emek a\u00e7\u0131s\u0131ndan nas\u0131l ihtiya\u00e7lar\u0131 kar\u015f\u0131lamada kullan\u0131laca\u011f\u0131n\u0131 g\u00f6steren iktisadi psikolojiyi vermektedir. \u0130ktisadi psikoloji bu nedenle psikolojik mekanizmalar ile iktisadi davran\u0131\u015flar\u0131n temelini olu\u015fturan s\u00fcre\u00e7ler konusunda \u00e7al\u0131\u015fan bir disiplin olarak g\u00f6r\u00fclebilir. \u0130ktisadi psikoloji tercihler, se\u00e7imler, kararlar ve bunlar\u0131 etkileyen fakt\u00f6rler yan\u0131nda ihtiya\u00e7lar\u0131n tatmini ile ilgili olarak kararlar\u0131n ve se\u00e7imlerin sonu\u00e7lar\u0131n\u0131 da ele almaktad\u0131r. Bunun d\u0131\u015f\u0131nda insan davran\u0131\u015f\u0131 ve tatmini konusunda d\u0131\u015fsal ekonomik olaylar\u0131n etkisi de iktisadi psikoloji kapsam\u0131na girmektedir. Bu \u00e7al\u0131\u015fmalar hane halk\u0131 ve bireysel t\u00fcketici gibi mikro d\u00fczeyden enflasyon, i\u015fsizlik, vergi gibi t\u00fcm ulusu kapsayan makro d\u00fczeye kadar de\u011fi\u015fik a\u00e7\u0131lardan olabilmektedir.<\/p>\n","protected":false},"excerpt":{"rendered":"<p>\u00c7al\u0131\u015fman\u0131n ana konusunu meydana getiren iktisadi psikoloji disiplinleraras\u0131 bir kavramd\u0131r. Kavram\u0131n birinci k\u0131sm\u0131n\u0131 olu\u015fturan \u201ciktisat\u201d k\u0131t kaynaklar\u0131n insan ihtiya\u00e7lar\u0131n\u0131 en iyi kar\u015f\u0131layacak \u015fekilde kullan\u0131lmas\u0131 ve \u00e7e\u015fitli<span class=\"excerpt-hellip\"> [\u2026]<\/span><\/p>\n","protected":false},"featured_media":0,"template":"","meta":{"_monsterinsights_skip_tracking":false,"_monsterinsights_sitenote_active":false,"_monsterinsights_sitenote_note":"","_monsterinsights_sitenote_category":0},"product_brand":[],"product_cat":[12358,12357],"product_tag":[],"class_list":{"0":"post-738709","1":"product","2":"type-product","3":"status-publish","5":"product_cat-genel-psikoloji","6":"product_cat-psikoloji","7":"pa_cilt-ciltsiz","8":"pa_tur-kitap","9":"pa_yayinevi-divan-kitap","10":"pa_yazar-muslum-basilgan","12":"first","13":"instock","14":"sale","15":"shipping-taxable","16":"purchasable","17":"product-type-simple"},"_links":{"self":[{"href":"https:\/\/roveyayinevi.com.tr\/index.php\/wp-json\/wp\/v2\/product\/738709","targetHints":{"allow":["GET"]}}],"collection":[{"href":"https:\/\/roveyayinevi.com.tr\/index.php\/wp-json\/wp\/v2\/product"}],"about":[{"href":"https:\/\/roveyayinevi.com.tr\/index.php\/wp-json\/wp\/v2\/types\/product"}],"wp:attachment":[{"href":"https:\/\/roveyayinevi.com.tr\/index.php\/wp-json\/wp\/v2\/media?parent=738709"}],"wp:term":[{"taxonomy":"product_brand","embeddable":true,"href":"https:\/\/roveyayinevi.com.tr\/index.php\/wp-json\/wp\/v2\/product_brand?post=738709"},{"taxonomy":"product_cat","embeddable":true,"href":"https:\/\/roveyayinevi.com.tr\/index.php\/wp-json\/wp\/v2\/product_cat?post=738709"},{"taxonomy":"product_tag","embeddable":true,"href":"https:\/\/roveyayinevi.com.tr\/index.php\/wp-json\/wp\/v2\/product_tag?post=738709"}],"curies":[{"name":"wp","href":"https:\/\/api.w.org\/{rel}","templated":true}]}}